{"id":564493,"date":"2024-05-02T09:05:04","date_gmt":"2024-05-02T09:05:04","guid":{"rendered":"https:\/\/emmanuel.tv\/emmanuel-tv\/"},"modified":"2025-04-16T14:50:22","modified_gmt":"2025-04-16T14:50:22","slug":"emmanuel-tv","status":"publish","type":"page","link":"https:\/\/emmanuel.tv\/pt-pt\/emmanuel-tv\/","title":{"rendered":"Emmanuel TV"},"content":{"rendered":"\t\t<div data-elementor-type=\"wp-page\" data-elementor-id=\"564493\" class=\"elementor elementor-564493 elementor-557877\" data-elementor-post-type=\"page\">\n\t\t\t\t\t\t<section class=\"elementor-section elementor-top-section elementor-element elementor-element-8dbec26 elementor-section-stretched elementor-section-height-min-height elementor-section-full_width elementor-section-height-default elementor-section-items-middle\" data-id=\"8dbec26\" data-element_type=\"section\" data-e-type=\"section\" data-settings=\"{&quot;stretch_section&quot;:&quot;section-stretched&quot;,&quot;background_background&quot;:&quot;slideshow&quot;,&quot;background_slideshow_gallery&quot;:[{&quot;id&quot;:558304,&quot;url&quot;:&quot;https:\\\/\\\/emmanuel.tv\\\/wp-content\\\/uploads\\\/2024\\\/05\\\/Emmanuel-Tv-slider-4-for-PC.png&quot;},{&quot;id&quot;:558273,&quot;url&quot;:&quot;https:\\\/\\\/emmanuel.tv\\\/wp-content\\\/uploads\\\/2024\\\/05\\\/Emmanuel-Tv-slider-2-for-PC.png&quot;},{&quot;id&quot;:558259,&quot;url&quot;:&quot;https:\\\/\\\/emmanuel.tv\\\/wp-content\\\/uploads\\\/2024\\\/05\\\/Emmanuel-Tv-slider-1-for-PC.png&quot;}],&quot;background_slideshow_loop&quot;:&quot;yes&quot;,&quot;background_slideshow_slide_duration&quot;:5000,&quot;background_slideshow_slide_transition&quot;:&quot;fade&quot;,&quot;background_slideshow_transition_duration&quot;:500}\">\n\t\t\t\t\t\t<div class=\"elementor-container elementor-column-gap-default\">\n\t\t\t\t\t<div class=\"elementor-column elementor-col-100 elementor-top-column elementor-element elementor-element-1cd01f2\" data-id=\"1cd01f2\" data-element_type=\"column\" data-e-type=\"column\">\n\t\t\t<div class=\"elementor-widget-wrap\">\n\t\t\t\t\t\t\t<\/div>\n\t\t<\/div>\n\t\t\t\t\t<\/div>\n\t\t<\/section>\n\t\t\t\t<section class=\"elementor-section elementor-top-section elementor-element elementor-element-750fb64 elementor-section-stretched elementor-section-boxed elementor-section-height-default elementor-section-height-default\" data-id=\"750fb64\" data-element_type=\"section\" data-e-type=\"section\" data-settings=\"{&quot;stretch_section&quot;:&quot;section-stretched&quot;,&quot;background_background&quot;:&quot;classic&quot;}\">\n\t\t\t\t\t\t<div class=\"elementor-container elementor-column-gap-default\">\n\t\t\t\t\t<div class=\"elementor-column elementor-col-50 elementor-top-column elementor-element elementor-element-e4817ea\" data-id=\"e4817ea\" data-element_type=\"column\" data-e-type=\"column\" data-settings=\"{&quot;background_background&quot;:&quot;classic&quot;}\">\n\t\t\t<div class=\"elementor-widget-wrap elementor-element-populated\">\n\t\t\t\t\t\t<div class=\"elementor-element elementor-element-8978ce9 elementor-widget elementor-widget-heading\" data-id=\"8978ce9\" data-element_type=\"widget\" data-e-type=\"widget\" data-widget_type=\"heading.default\">\n\t\t\t\t<div class=\"elementor-widget-container\">\n\t\t\t\t\t<h3 class=\"elementor-heading-title elementor-size-default\">Espalhando mensagens de amor, esperan\u00e7a e salva\u00e7\u00e3o atrav\u00e9s do evangelho de Jesus Cristo.<\/h3>\t\t\t\t<\/div>\n\t\t\t\t<\/div>\n\t\t\t\t<div class=\"elementor-element elementor-element-17e0b5b elementor-widget elementor-widget-text-editor\" data-id=\"17e0b5b\" data-element_type=\"widget\" data-e-type=\"widget\" data-widget_type=\"text-editor.default\">\n\t\t\t\t<div class=\"elementor-widget-container\">\n\t\t\t\t\t\t\t\t\t<p>A Emmanuel.TV foi fundada pelo <a href=\"https:\/\/www.scoan.org\/pt-pt\/biografia-de-tb-joshua\/\">Prophet TB Joshua,<\/a> sob a inspira\u00e7\u00e3o do Esp\u00edrito Santo, com o objetivo principal de garantir que a Palavra de Deus e as manifesta\u00e7\u00f5es de Sua bondade alcan\u00e7assem todos os cantos do mundo. A Emmanuel.TV manteve sua reputa\u00e7\u00e3o dada por Deus como a esta\u00e7\u00e3o crist\u00e3 mais assistida do s\u00e9culo XXI.<\/p>\t\t\t\t\t\t\t\t<\/div>\n\t\t\t\t<\/div>\n\t\t\t\t\t<\/div>\n\t\t<\/div>\n\t\t\t\t<div class=\"elementor-column elementor-col-50 elementor-top-column elementor-element elementor-element-8c03234\" data-id=\"8c03234\" data-element_type=\"column\" data-e-type=\"column\">\n\t\t\t<div class=\"elementor-widget-wrap elementor-element-populated\">\n\t\t\t\t\t\t<div class=\"elementor-element elementor-element-c75ec4c elementor-widget elementor-widget-video\" data-id=\"c75ec4c\" data-element_type=\"widget\" data-e-type=\"widget\" data-settings=\"{&quot;video_type&quot;:&quot;hosted&quot;,&quot;controls&quot;:&quot;yes&quot;}\" data-widget_type=\"video.default\">\n\t\t\t\t<div class=\"elementor-widget-container\">\n\t\t\t\t\t\t\t<div class=\"e-hosted-video elementor-wrapper elementor-open-inline\">\n\t\t\t\t\t<video class=\"elementor-video\" src=\"https:\/\/emmanuel.tv\/wp-content\/uploads\/2024\/05\/FOR-WEBSITE-CHARITY.mp4\" controls=\"\" preload=\"metadata\" controlsList=\"nodownload\"><\/video>\n\t\t\t\t<\/div>\n\t\t\t\t\t\t<\/div>\n\t\t\t\t<\/div>\n\t\t\t\t\t<\/div>\n\t\t<\/div>\n\t\t\t\t\t<\/div>\n\t\t<\/section>\n\t\t\t\t<section class=\"elementor-section elementor-top-section elementor-element elementor-element-44bb5dd elementor-section-stretched elementor-section-boxed elementor-section-height-default elementor-section-height-default\" data-id=\"44bb5dd\" data-element_type=\"section\" data-e-type=\"section\" data-settings=\"{&quot;stretch_section&quot;:&quot;section-stretched&quot;,&quot;background_background&quot;:&quot;classic&quot;}\">\n\t\t\t\t\t\t<div class=\"elementor-container elementor-column-gap-default\">\n\t\t\t\t\t<div class=\"elementor-column elementor-col-100 elementor-top-column elementor-element elementor-element-e6bb74c\" data-id=\"e6bb74c\" data-element_type=\"column\" data-e-type=\"column\">\n\t\t\t<div class=\"elementor-widget-wrap elementor-element-populated\">\n\t\t\t\t\t\t<div class=\"elementor-element elementor-element-6996485 elementor-widget elementor-widget-text-editor\" data-id=\"6996485\" data-element_type=\"widget\" data-e-type=\"widget\" data-widget_type=\"text-editor.default\">\n\t\t\t\t<div class=\"elementor-widget-container\">\n\t\t\t\t\t\t\t\t\t<p>Seu impacto em Mudar Vidas, Mudar Na\u00e7\u00f5es e Mudar o Mundo pode ser sentido, pois multid\u00f5es de diferentes na\u00e7\u00f5es do mundo t\u00eam sido conduzidas \u00e0 salva\u00e7\u00e3o atrav\u00e9s da obra consumada de nosso Senhor e Salvador Jesus Cristo.<\/p><p>Ao longo dos 18 anos impactantes de sua exist\u00eancia, a Emmanuel TV continuou a ser um meio de mudan\u00e7a e transforma\u00e7\u00e3o, com sua influ\u00eancia quebrando as barreiras de ra\u00e7a, idade, g\u00eanero e religi\u00e3o em todo o mundo.<\/p>\t\t\t\t\t\t\t\t<\/div>\n\t\t\t\t<\/div>\n\t\t\t\t\t<\/div>\n\t\t<\/div>\n\t\t\t\t\t<\/div>\n\t\t<\/section>\n\t\t\t\t<section class=\"elementor-section elementor-top-section elementor-element elementor-element-9690277 elementor-section-stretched elementor-section-boxed elementor-section-height-default elementor-section-height-default\" data-id=\"9690277\" data-element_type=\"section\" data-e-type=\"section\" data-settings=\"{&quot;stretch_section&quot;:&quot;section-stretched&quot;,&quot;background_background&quot;:&quot;classic&quot;}\">\n\t\t\t\t\t\t<div class=\"elementor-container elementor-column-gap-default\">\n\t\t\t\t\t<div class=\"elementor-column elementor-col-100 elementor-top-column elementor-element elementor-element-f167bed\" data-id=\"f167bed\" data-element_type=\"column\" data-e-type=\"column\">\n\t\t\t<div class=\"elementor-widget-wrap elementor-element-populated\">\n\t\t\t\t\t\t<div class=\"elementor-element elementor-element-a505b67 elementor-widget elementor-widget-text-editor\" data-id=\"a505b67\" data-element_type=\"widget\" data-e-type=\"widget\" data-widget_type=\"text-editor.default\">\n\t\t\t\t<div class=\"elementor-widget-container\">\n\t\t\t\t\t\t\t\t\t<p>Clique aqui e <strong>Conecte-se<\/strong> \u00e0 Emmanuel TV.<\/p>\t\t\t\t\t\t\t\t<\/div>\n\t\t\t\t<\/div>\n\t\t\t\t<div class=\"elementor-element elementor-element-af511cc elementor-align-center elementor-widget elementor-widget-button\" data-id=\"af511cc\" data-element_type=\"widget\" data-e-type=\"widget\" data-widget_type=\"button.default\">\n\t\t\t\t<div class=\"elementor-widget-container\">\n\t\t\t\t\t\t\t\t\t<div class=\"elementor-button-wrapper\">\n\t\t\t\t\t<a class=\"elementor-button elementor-button-link elementor-size-sm\" href=\"http:\/\/emmanuel.tv\/tv-guide\">\n\t\t\t\t\t\t<span class=\"elementor-button-content-wrapper\">\n\t\t\t\t\t\t\t\t\t<span class=\"elementor-button-text\">Conectar<\/span>\n\t\t\t\t\t<\/span>\n\t\t\t\t\t<\/a>\n\t\t\t\t<\/div>\n\t\t\t\t\t\t\t\t<\/div>\n\t\t\t\t<\/div>\n\t\t\t\t\t<\/div>\n\t\t<\/div>\n\t\t\t\t\t<\/div>\n\t\t<\/section>\n\t\t\t\t<\/div>\n\t\t","protected":false},"excerpt":{"rendered":"<p>Espalhando mensagens de amor, esperan\u00e7a e salva\u00e7\u00e3o atrav\u00e9s do evangelho de Jesus Cristo. A Emmanuel.TV foi fundada pelo Prophet TB Joshua, sob a inspira\u00e7\u00e3o do Esp\u00edrito Santo, com o objetivo principal de garantir que a Palavra de Deus e as manifesta\u00e7\u00f5es de Sua bondade alcan\u00e7assem todos os cantos do mundo. A Emmanuel.TV manteve sua reputa\u00e7\u00e3o [&hellip;]<\/p>\n","protected":false},"author":28,"featured_media":0,"parent":0,"menu_order":0,"comment_status":"closed","ping_status":"closed","template":"elementor_header_footer","meta":{"_vp_format_video_url":"","_vp_image_focal_point":[],"footnotes":""},"class_list":["post-564493","page","type-page","status-publish","hentry"],"yoast_head":"<!-- This site is optimized with the Yoast SEO plugin v27.3 - https:\/\/yoast.com\/product\/yoast-seo-wordpress\/ -->\n<title>Emmanuel TV - Emmanuel TV<\/title>\n<meta name=\"robots\" content=\"index, follow, max-snippet:-1, max-image-preview:large, max-video-preview:-1\" \/>\n<link rel=\"canonical\" href=\"https:\/\/emmanuel.tv\/pt-pt\/emmanuel-tv\/\" \/>\n<meta property=\"og:locale\" content=\"pt_PT\" \/>\n<meta property=\"og:type\" content=\"article\" \/>\n<meta property=\"og:title\" content=\"Emmanuel TV - Emmanuel TV\" \/>\n<meta property=\"og:description\" content=\"Espalhando mensagens de amor, esperan\u00e7a e salva\u00e7\u00e3o atrav\u00e9s do evangelho de Jesus Cristo. A Emmanuel.TV foi fundada pelo Prophet TB Joshua, sob a inspira\u00e7\u00e3o do Esp\u00edrito Santo, com o objetivo principal de garantir que a Palavra de Deus e as manifesta\u00e7\u00f5es de Sua bondade alcan\u00e7assem todos os cantos do mundo. A Emmanuel.TV manteve sua reputa\u00e7\u00e3o [&hellip;]\" \/>\n<meta property=\"og:url\" content=\"https:\/\/emmanuel.tv\/pt-pt\/emmanuel-tv\/\" \/>\n<meta property=\"og:site_name\" content=\"Emmanuel TV\" \/>\n<meta property=\"article:publisher\" content=\"https:\/\/facebook.com\/tbjministries\" \/>\n<meta property=\"article:modified_time\" content=\"2025-04-16T14:50:22+00:00\" \/>\n<meta name=\"twitter:card\" content=\"summary_large_image\" \/>\n<meta name=\"twitter:site\" content=\"@SCOANTBJoshua\" \/>\n<meta name=\"twitter:label1\" content=\"Tempo estimado de leitura\" \/>\n\t<meta name=\"twitter:data1\" content=\"1 minuto\" \/>\n<script type=\"application\/ld+json\" class=\"yoast-schema-graph\">{\"@context\":\"https:\\\/\\\/schema.org\",\"@graph\":[{\"@type\":\"WebPage\",\"@id\":\"https:\\\/\\\/emmanuel.tv\\\/pt-pt\\\/emmanuel-tv\\\/\",\"url\":\"https:\\\/\\\/emmanuel.tv\\\/pt-pt\\\/emmanuel-tv\\\/\",\"name\":\"Emmanuel TV - Emmanuel TV\",\"isPartOf\":{\"@id\":\"https:\\\/\\\/emmanuel.tv\\\/pt-pt\\\/#website\"},\"datePublished\":\"2024-05-02T09:05:04+00:00\",\"dateModified\":\"2025-04-16T14:50:22+00:00\",\"breadcrumb\":{\"@id\":\"https:\\\/\\\/emmanuel.tv\\\/pt-pt\\\/emmanuel-tv\\\/#breadcrumb\"},\"inLanguage\":\"pt-PT\",\"potentialAction\":[{\"@type\":\"ReadAction\",\"target\":[\"https:\\\/\\\/emmanuel.tv\\\/pt-pt\\\/emmanuel-tv\\\/\"]}]},{\"@type\":\"BreadcrumbList\",\"@id\":\"https:\\\/\\\/emmanuel.tv\\\/pt-pt\\\/emmanuel-tv\\\/#breadcrumb\",\"itemListElement\":[{\"@type\":\"ListItem\",\"position\":1,\"name\":\"Home\",\"item\":\"https:\\\/\\\/emmanuel.tv\\\/pt-pt\\\/home\\\/\"},{\"@type\":\"ListItem\",\"position\":2,\"name\":\"Emmanuel TV\"}]},{\"@type\":\"WebSite\",\"@id\":\"https:\\\/\\\/emmanuel.tv\\\/pt-pt\\\/#website\",\"url\":\"https:\\\/\\\/emmanuel.tv\\\/pt-pt\\\/\",\"name\":\"Emmanuel TV\",\"description\":\"&quot;Changing Lives, Changing Nations, Changing the World!&quot; | Founded by T.B. Joshua\",\"publisher\":{\"@id\":\"https:\\\/\\\/emmanuel.tv\\\/pt-pt\\\/#organization\"},\"potentialAction\":[{\"@type\":\"SearchAction\",\"target\":{\"@type\":\"EntryPoint\",\"urlTemplate\":\"https:\\\/\\\/emmanuel.tv\\\/pt-pt\\\/?s={search_term_string}\"},\"query-input\":{\"@type\":\"PropertyValueSpecification\",\"valueRequired\":true,\"valueName\":\"search_term_string\"}}],\"inLanguage\":\"pt-PT\"},{\"@type\":\"Organization\",\"@id\":\"https:\\\/\\\/emmanuel.tv\\\/pt-pt\\\/#organization\",\"name\":\"Emmanuel TV\",\"url\":\"https:\\\/\\\/emmanuel.tv\\\/pt-pt\\\/\",\"logo\":{\"@type\":\"ImageObject\",\"inLanguage\":\"pt-PT\",\"@id\":\"https:\\\/\\\/emmanuel.tv\\\/pt-pt\\\/#\\\/schema\\\/logo\\\/image\\\/\",\"url\":\"https:\\\/\\\/i0.wp.com\\\/emmanuel.tv\\\/wp-content\\\/uploads\\\/2018\\\/10\\\/Emmanuel.TV_FINAL_C-copy.png?fit=185%2C31&ssl=1\",\"contentUrl\":\"https:\\\/\\\/i0.wp.com\\\/emmanuel.tv\\\/wp-content\\\/uploads\\\/2018\\\/10\\\/Emmanuel.TV_FINAL_C-copy.png?fit=185%2C31&ssl=1\",\"width\":185,\"height\":31,\"caption\":\"Emmanuel TV\"},\"image\":{\"@id\":\"https:\\\/\\\/emmanuel.tv\\\/pt-pt\\\/#\\\/schema\\\/logo\\\/image\\\/\"},\"sameAs\":[\"https:\\\/\\\/facebook.com\\\/tbjministries\",\"https:\\\/\\\/x.com\\\/SCOANTBJoshua\",\"https:\\\/\\\/instagram.com\\\/tbjoshua\"]}]}<\/script>\n<!-- \/ Yoast SEO plugin. -->","yoast_head_json":{"title":"Emmanuel TV - Emmanuel TV","robots":{"index":"index","follow":"follow","max-snippet":"max-snippet:-1","max-image-preview":"max-image-preview:large","max-video-preview":"max-video-preview:-1"},"canonical":"https:\/\/emmanuel.tv\/pt-pt\/emmanuel-tv\/","og_locale":"pt_PT","og_type":"article","og_title":"Emmanuel TV - Emmanuel TV","og_description":"Espalhando mensagens de amor, esperan\u00e7a e salva\u00e7\u00e3o atrav\u00e9s do evangelho de Jesus Cristo. A Emmanuel.TV foi fundada pelo Prophet TB Joshua, sob a inspira\u00e7\u00e3o do Esp\u00edrito Santo, com o objetivo principal de garantir que a Palavra de Deus e as manifesta\u00e7\u00f5es de Sua bondade alcan\u00e7assem todos os cantos do mundo. A Emmanuel.TV manteve sua reputa\u00e7\u00e3o [&hellip;]","og_url":"https:\/\/emmanuel.tv\/pt-pt\/emmanuel-tv\/","og_site_name":"Emmanuel TV","article_publisher":"https:\/\/facebook.com\/tbjministries","article_modified_time":"2025-04-16T14:50:22+00:00","twitter_card":"summary_large_image","twitter_site":"@SCOANTBJoshua","twitter_misc":{"Tempo estimado de leitura":"1 minuto"},"schema":{"@context":"https:\/\/schema.org","@graph":[{"@type":"WebPage","@id":"https:\/\/emmanuel.tv\/pt-pt\/emmanuel-tv\/","url":"https:\/\/emmanuel.tv\/pt-pt\/emmanuel-tv\/","name":"Emmanuel TV - Emmanuel TV","isPartOf":{"@id":"https:\/\/emmanuel.tv\/pt-pt\/#website"},"datePublished":"2024-05-02T09:05:04+00:00","dateModified":"2025-04-16T14:50:22+00:00","breadcrumb":{"@id":"https:\/\/emmanuel.tv\/pt-pt\/emmanuel-tv\/#breadcrumb"},"inLanguage":"pt-PT","potentialAction":[{"@type":"ReadAction","target":["https:\/\/emmanuel.tv\/pt-pt\/emmanuel-tv\/"]}]},{"@type":"BreadcrumbList","@id":"https:\/\/emmanuel.tv\/pt-pt\/emmanuel-tv\/#breadcrumb","itemListElement":[{"@type":"ListItem","position":1,"name":"Home","item":"https:\/\/emmanuel.tv\/pt-pt\/home\/"},{"@type":"ListItem","position":2,"name":"Emmanuel TV"}]},{"@type":"WebSite","@id":"https:\/\/emmanuel.tv\/pt-pt\/#website","url":"https:\/\/emmanuel.tv\/pt-pt\/","name":"Emmanuel TV","description":"&quot;Changing Lives, Changing Nations, Changing the World!&quot; | Founded by T.B. Joshua","publisher":{"@id":"https:\/\/emmanuel.tv\/pt-pt\/#organization"},"potentialAction":[{"@type":"SearchAction","target":{"@type":"EntryPoint","urlTemplate":"https:\/\/emmanuel.tv\/pt-pt\/?s={search_term_string}"},"query-input":{"@type":"PropertyValueSpecification","valueRequired":true,"valueName":"search_term_string"}}],"inLanguage":"pt-PT"},{"@type":"Organization","@id":"https:\/\/emmanuel.tv\/pt-pt\/#organization","name":"Emmanuel TV","url":"https:\/\/emmanuel.tv\/pt-pt\/","logo":{"@type":"ImageObject","inLanguage":"pt-PT","@id":"https:\/\/emmanuel.tv\/pt-pt\/#\/schema\/logo\/image\/","url":"https:\/\/i0.wp.com\/emmanuel.tv\/wp-content\/uploads\/2018\/10\/Emmanuel.TV_FINAL_C-copy.png?fit=185%2C31&ssl=1","contentUrl":"https:\/\/i0.wp.com\/emmanuel.tv\/wp-content\/uploads\/2018\/10\/Emmanuel.TV_FINAL_C-copy.png?fit=185%2C31&ssl=1","width":185,"height":31,"caption":"Emmanuel TV"},"image":{"@id":"https:\/\/emmanuel.tv\/pt-pt\/#\/schema\/logo\/image\/"},"sameAs":["https:\/\/facebook.com\/tbjministries","https:\/\/x.com\/SCOANTBJoshua","https:\/\/instagram.com\/tbjoshua"]}]}},"_links":{"self":[{"href":"https:\/\/emmanuel.tv\/pt-pt\/wp-json\/wp\/v2\/pages\/564493","targetHints":{"allow":["GET"]}}],"collection":[{"href":"https:\/\/emmanuel.tv\/pt-pt\/wp-json\/wp\/v2\/pages"}],"about":[{"href":"https:\/\/emmanuel.tv\/pt-pt\/wp-json\/wp\/v2\/types\/page"}],"author":[{"embeddable":true,"href":"https:\/\/emmanuel.tv\/pt-pt\/wp-json\/wp\/v2\/users\/28"}],"replies":[{"embeddable":true,"href":"https:\/\/emmanuel.tv\/pt-pt\/wp-json\/wp\/v2\/comments?post=564493"}],"version-history":[{"count":4,"href":"https:\/\/emmanuel.tv\/pt-pt\/wp-json\/wp\/v2\/pages\/564493\/revisions"}],"predecessor-version":[{"id":564498,"href":"https:\/\/emmanuel.tv\/pt-pt\/wp-json\/wp\/v2\/pages\/564493\/revisions\/564498"}],"wp:attachment":[{"href":"https:\/\/emmanuel.tv\/pt-pt\/wp-json\/wp\/v2\/media?parent=564493"}],"curies":[{"name":"wp","href":"https:\/\/api.w.org\/{rel}","templated":true}]}}