{"id":564175,"date":"2024-07-31T11:58:52","date_gmt":"2024-07-31T11:58:52","guid":{"rendered":"https:\/\/emmanuel.tv\/nova-tela-interativa\/"},"modified":"2025-03-08T01:21:25","modified_gmt":"2025-03-08T01:21:25","slug":"nova-tela-interativa","status":"publish","type":"page","link":"https:\/\/emmanuel.tv\/pt-pt\/nova-tela-interativa\/","title":{"rendered":"Nova Tela Interativa"},"content":{"rendered":"\t\t<div data-elementor-type=\"wp-page\" data-elementor-id=\"564175\" class=\"elementor elementor-564175 elementor-563047\" data-elementor-post-type=\"page\">\n\t\t\t\t\t\t<section class=\"elementor-section elementor-top-section elementor-element elementor-element-a296f55 elementor-section-full_width elementor-section-height-full elementor-hidden-mobile elementor-section-height-default elementor-section-items-middle\" data-id=\"a296f55\" data-element_type=\"section\" data-e-type=\"section\" data-settings=\"{&quot;background_background&quot;:&quot;slideshow&quot;,&quot;background_slideshow_gallery&quot;:[{&quot;id&quot;:563073,&quot;url&quot;:&quot;https:\\\/\\\/emmanuel.tv\\\/wp-content\\\/uploads\\\/2024\\\/07\\\/MUSEUM-1-1.jpg&quot;},{&quot;id&quot;:563069,&quot;url&quot;:&quot;https:\\\/\\\/emmanuel.tv\\\/wp-content\\\/uploads\\\/2024\\\/07\\\/MUSEUM-3.jpg&quot;},{&quot;id&quot;:563081,&quot;url&quot;:&quot;https:\\\/\\\/emmanuel.tv\\\/wp-content\\\/uploads\\\/2024\\\/07\\\/MG_9864-scaled.jpg&quot;},{&quot;id&quot;:563077,&quot;url&quot;:&quot;https:\\\/\\\/emmanuel.tv\\\/wp-content\\\/uploads\\\/2024\\\/07\\\/MUSEUM-2.jpg&quot;}],&quot;background_slideshow_loop&quot;:&quot;yes&quot;,&quot;background_slideshow_slide_duration&quot;:5000,&quot;background_slideshow_slide_transition&quot;:&quot;fade&quot;,&quot;background_slideshow_transition_duration&quot;:500}\">\n\t\t\t\t\t\t<div class=\"elementor-container elementor-column-gap-default\">\n\t\t\t\t\t<div class=\"elementor-column elementor-col-100 elementor-top-column elementor-element elementor-element-7154d54\" data-id=\"7154d54\" data-element_type=\"column\" data-e-type=\"column\">\n\t\t\t<div class=\"elementor-widget-wrap elementor-element-populated\">\n\t\t\t\t\t\t<section class=\"elementor-section elementor-inner-section elementor-element elementor-element-25bc879 elementor-section-full_width elementor-section-height-default elementor-section-height-default\" data-id=\"25bc879\" data-element_type=\"section\" data-e-type=\"section\">\n\t\t\t\t\t\t<div class=\"elementor-container elementor-column-gap-default\">\n\t\t\t\t\t<div class=\"elementor-column elementor-col-25 elementor-inner-column elementor-element elementor-element-240e3b3\" data-id=\"240e3b3\" data-element_type=\"column\" data-e-type=\"column\">\n\t\t\t<div class=\"elementor-widget-wrap elementor-element-populated\">\n\t\t\t\t\t\t<div class=\"elementor-element elementor-element-a42dd7a elementor-widget elementor-widget-text-editor\" data-id=\"a42dd7a\" data-element_type=\"widget\" data-e-type=\"widget\" data-widget_type=\"text-editor.default\">\n\t\t\t\t<div class=\"elementor-widget-container\">\n\t\t\t\t\t\t\t\t\t<p>#TBJoshuaLegacy<\/p>\n\t\t\t\t\t\t\t\t<\/div>\n\t\t\t\t<\/div>\n\t\t\t\t\t<\/div>\n\t\t<\/div>\n\t\t\t\t<div class=\"elementor-column elementor-col-25 elementor-inner-column elementor-element elementor-element-a707e75\" data-id=\"a707e75\" data-element_type=\"column\" data-e-type=\"column\">\n\t\t\t<div class=\"elementor-widget-wrap\">\n\t\t\t\t\t\t\t<\/div>\n\t\t<\/div>\n\t\t\t\t<div class=\"elementor-column elementor-col-25 elementor-inner-column elementor-element elementor-element-7fba57b\" data-id=\"7fba57b\" data-element_type=\"column\" data-e-type=\"column\">\n\t\t\t<div class=\"elementor-widget-wrap\">\n\t\t\t\t\t\t\t<\/div>\n\t\t<\/div>\n\t\t\t\t<div class=\"elementor-column elementor-col-25 elementor-inner-column elementor-element elementor-element-362e7ba\" data-id=\"362e7ba\" data-element_type=\"column\" data-e-type=\"column\">\n\t\t\t<div class=\"elementor-widget-wrap elementor-element-populated\">\n\t\t\t\t\t\t<div class=\"elementor-element elementor-element-0b5f0c4 elementor-widget elementor-widget-shortcode\" data-id=\"0b5f0c4\" data-element_type=\"widget\" data-e-type=\"widget\" data-widget_type=\"shortcode.default\">\n\t\t\t\t<div class=\"elementor-widget-container\">\n\t\t\t\t\t\t\t<div class=\"elementor-shortcode\">[textillate effect_in=\"fadeInLeftBig\" type_in=\"sequence\" effect_out=\"hinge\" type_out=\"shuffle\"]O Museu TB Joshua[\/textillate]    <\/div>\n\t\t\t\t\t\t<\/div>\n\t\t\t\t<\/div>\n\t\t\t\t\t<\/div>\n\t\t<\/div>\n\t\t\t\t\t<\/div>\n\t\t<\/section>\n\t\t\t\t<div class=\"elementor-element elementor-element-9802762 elementor-widget elementor-widget-spacer\" data-id=\"9802762\" data-element_type=\"widget\" data-e-type=\"widget\" data-widget_type=\"spacer.default\">\n\t\t\t\t<div class=\"elementor-widget-container\">\n\t\t\t\t\t\t\t<div class=\"elementor-spacer\">\n\t\t\t<div class=\"elementor-spacer-inner\"><\/div>\n\t\t<\/div>\n\t\t\t\t\t\t<\/div>\n\t\t\t\t<\/div>\n\t\t\t\t<div class=\"elementor-element elementor-element-6144407 elementor-widget elementor-widget-heading\" data-id=\"6144407\" data-element_type=\"widget\" data-e-type=\"widget\" data-widget_type=\"heading.default\">\n\t\t\t\t<div class=\"elementor-widget-container\">\n\t\t\t\t\t<h3 class=\"elementor-heading-title elementor-size-default\">O Mausol\u00e9u<\/h3>\t\t\t\t<\/div>\n\t\t\t\t<\/div>\n\t\t\t\t<div class=\"elementor-element elementor-element-e0349e9 elementor-widget elementor-widget-spacer\" data-id=\"e0349e9\" data-element_type=\"widget\" data-e-type=\"widget\" data-widget_type=\"spacer.default\">\n\t\t\t\t<div class=\"elementor-widget-container\">\n\t\t\t\t\t\t\t<div class=\"elementor-spacer\">\n\t\t\t<div class=\"elementor-spacer-inner\"><\/div>\n\t\t<\/div>\n\t\t\t\t\t\t<\/div>\n\t\t\t\t<\/div>\n\t\t\t\t<section class=\"elementor-section elementor-inner-section elementor-element elementor-element-e5c8b41 elementor-section-boxed elementor-section-height-default elementor-section-height-default\" data-id=\"e5c8b41\" data-element_type=\"section\" data-e-type=\"section\">\n\t\t\t\t\t\t<div class=\"elementor-container elementor-column-gap-default\">\n\t\t\t\t\t<div class=\"elementor-column elementor-col-50 elementor-inner-column elementor-element elementor-element-51564d0\" data-id=\"51564d0\" data-element_type=\"column\" data-e-type=\"column\">\n\t\t\t<div class=\"elementor-widget-wrap\">\n\t\t\t\t\t\t\t<\/div>\n\t\t<\/div>\n\t\t\t\t<div class=\"elementor-column elementor-col-50 elementor-inner-column elementor-element elementor-element-667c2b7\" data-id=\"667c2b7\" data-element_type=\"column\" data-e-type=\"column\" data-settings=\"{&quot;background_background&quot;:&quot;classic&quot;}\">\n\t\t\t<div class=\"elementor-widget-wrap elementor-element-populated\">\n\t\t\t\t\t\t<div class=\"elementor-element elementor-element-f319fb4 elementor-widget elementor-widget-text-editor\" data-id=\"f319fb4\" data-element_type=\"widget\" data-e-type=\"widget\" data-widget_type=\"text-editor.default\">\n\t\t\t\t<div class=\"elementor-widget-container\">\n\t\t\t\t\t\t\t\t\t<p>Este \u00e9 o mausol\u00e9u nas instala\u00e7\u00f5es da SCOAN que abriga o t\u00famulo do Profeta T.B. Joshua.<\/p>\n\t\t\t\t\t\t\t\t<\/div>\n\t\t\t\t<\/div>\n\t\t\t\t<div class=\"elementor-element elementor-element-7414739 elementor-align-justify elementor-widget elementor-widget-button\" data-id=\"7414739\" data-element_type=\"widget\" data-e-type=\"widget\" data-widget_type=\"button.default\">\n\t\t\t\t<div class=\"elementor-widget-container\">\n\t\t\t\t\t\t\t\t\t<div class=\"elementor-button-wrapper\">\n\t\t\t\t\t<a class=\"elementor-button elementor-button-link elementor-size-sm\" href=\"#\">\n\t\t\t\t\t\t<span class=\"elementor-button-content-wrapper\">\n\t\t\t\t\t\t<span class=\"elementor-button-icon\">\n\t\t\t\t<i aria-hidden=\"true\" class=\"fas fa-arrow-right\"><\/i>\t\t\t<\/span>\n\t\t\t\t\t\t\t\t\t<span class=\"elementor-button-text\">Descubra <\/span>\n\t\t\t\t\t<\/span>\n\t\t\t\t\t<\/a>\n\t\t\t\t<\/div>\n\t\t\t\t\t\t\t\t<\/div>\n\t\t\t\t<\/div>\n\t\t\t\t\t<\/div>\n\t\t<\/div>\n\t\t\t\t\t<\/div>\n\t\t<\/section>\n\t\t\t\t\t<\/div>\n\t\t<\/div>\n\t\t\t\t\t<\/div>\n\t\t<\/section>\n\t\t\t\t<section class=\"elementor-section elementor-top-section elementor-element elementor-element-f4bd646 elementor-section-full_width elementor-section-height-min-height elementor-hidden-desktop elementor-hidden-tablet elementor-section-height-default elementor-section-items-middle\" data-id=\"f4bd646\" data-element_type=\"section\" data-e-type=\"section\" data-settings=\"{&quot;background_background&quot;:&quot;slideshow&quot;,&quot;background_slideshow_gallery&quot;:[{&quot;id&quot;:563073,&quot;url&quot;:&quot;https:\\\/\\\/emmanuel.tv\\\/wp-content\\\/uploads\\\/2024\\\/07\\\/MUSEUM-1-1.jpg&quot;},{&quot;id&quot;:563069,&quot;url&quot;:&quot;https:\\\/\\\/emmanuel.tv\\\/wp-content\\\/uploads\\\/2024\\\/07\\\/MUSEUM-3.jpg&quot;},{&quot;id&quot;:563081,&quot;url&quot;:&quot;https:\\\/\\\/emmanuel.tv\\\/wp-content\\\/uploads\\\/2024\\\/07\\\/MG_9864-scaled.jpg&quot;},{&quot;id&quot;:563077,&quot;url&quot;:&quot;https:\\\/\\\/emmanuel.tv\\\/wp-content\\\/uploads\\\/2024\\\/07\\\/MUSEUM-2.jpg&quot;}],&quot;background_slideshow_loop&quot;:&quot;yes&quot;,&quot;background_slideshow_slide_duration&quot;:5000,&quot;background_slideshow_slide_transition&quot;:&quot;fade&quot;,&quot;background_slideshow_transition_duration&quot;:500}\">\n\t\t\t\t\t\t<div class=\"elementor-container elementor-column-gap-default\">\n\t\t\t\t\t<div class=\"elementor-column elementor-col-100 elementor-top-column elementor-element elementor-element-6efd476\" data-id=\"6efd476\" data-element_type=\"column\" data-e-type=\"column\">\n\t\t\t<div class=\"elementor-widget-wrap elementor-element-populated\">\n\t\t\t\t\t\t<section class=\"elementor-section elementor-inner-section elementor-element elementor-element-2f85d94 elementor-section-boxed elementor-section-height-default elementor-section-height-default\" data-id=\"2f85d94\" data-element_type=\"section\" data-e-type=\"section\">\n\t\t\t\t\t\t<div class=\"elementor-container elementor-column-gap-default\">\n\t\t\t\t\t<div class=\"elementor-column elementor-col-33 elementor-inner-column elementor-element elementor-element-b6f3116\" data-id=\"b6f3116\" data-element_type=\"column\" data-e-type=\"column\">\n\t\t\t<div class=\"elementor-widget-wrap\">\n\t\t\t\t\t\t\t<\/div>\n\t\t<\/div>\n\t\t\t\t<div class=\"elementor-column elementor-col-33 elementor-inner-column elementor-element elementor-element-2f3d0b6\" data-id=\"2f3d0b6\" data-element_type=\"column\" data-e-type=\"column\">\n\t\t\t<div class=\"elementor-widget-wrap\">\n\t\t\t\t\t\t\t<\/div>\n\t\t<\/div>\n\t\t\t\t<div class=\"elementor-column elementor-col-33 elementor-inner-column elementor-element elementor-element-9c726e0\" data-id=\"9c726e0\" data-element_type=\"column\" data-e-type=\"column\">\n\t\t\t<div class=\"elementor-widget-wrap\">\n\t\t\t\t\t\t\t<\/div>\n\t\t<\/div>\n\t\t\t\t\t<\/div>\n\t\t<\/section>\n\t\t\t\t\t<\/div>\n\t\t<\/div>\n\t\t\t\t\t<\/div>\n\t\t<\/section>\n\t\t\t\t<\/div>\n\t\t","protected":false},"excerpt":{"rendered":"<p>#TBJoshuaLegacy [textillate effect_in=&#8221;fadeInLeftBig&#8221; type_in=&#8221;sequence&#8221; effect_out=&#8221;hinge&#8221; type_out=&#8221;shuffle&#8221;]O Museu TB Joshua[\/textillate] O Mausol\u00e9u Este \u00e9 o mausol\u00e9u nas instala\u00e7\u00f5es da SCOAN que abriga o t\u00famulo do Profeta T.B. Joshua. Descubra<\/p>\n","protected":false},"author":25,"featured_media":0,"parent":0,"menu_order":0,"comment_status":"closed","ping_status":"closed","template":"","meta":{"_vp_format_video_url":"","_vp_image_focal_point":[],"footnotes":""},"class_list":["post-564175","page","type-page","status-publish","hentry"],"yoast_head":"<!-- This site is optimized with the Yoast SEO plugin v27.4 - https:\/\/yoast.com\/product\/yoast-seo-wordpress\/ -->\n<title>Nova Tela Interativa - Emmanuel TV<\/title>\n<meta name=\"robots\" content=\"index, follow, max-snippet:-1, max-image-preview:large, max-video-preview:-1\" \/>\n<link rel=\"canonical\" href=\"https:\/\/emmanuel.tv\/pt-pt\/nova-tela-interativa\/\" \/>\n<meta property=\"og:locale\" content=\"pt_PT\" \/>\n<meta property=\"og:type\" content=\"article\" \/>\n<meta property=\"og:title\" content=\"Nova Tela Interativa - Emmanuel TV\" \/>\n<meta property=\"og:description\" content=\"#TBJoshuaLegacy [textillate effect_in=&#8221;fadeInLeftBig&#8221; type_in=&#8221;sequence&#8221; effect_out=&#8221;hinge&#8221; type_out=&#8221;shuffle&#8221;]O Museu TB Joshua[\/textillate] O Mausol\u00e9u Este \u00e9 o mausol\u00e9u nas instala\u00e7\u00f5es da SCOAN que abriga o t\u00famulo do Profeta T.B. Joshua. Descubra\" \/>\n<meta property=\"og:url\" content=\"https:\/\/emmanuel.tv\/pt-pt\/nova-tela-interativa\/\" \/>\n<meta property=\"og:site_name\" content=\"Emmanuel TV\" \/>\n<meta property=\"article:publisher\" content=\"https:\/\/facebook.com\/tbjministries\" \/>\n<meta property=\"article:modified_time\" content=\"2025-03-08T01:21:25+00:00\" \/>\n<meta name=\"twitter:card\" content=\"summary_large_image\" \/>\n<meta name=\"twitter:site\" content=\"@SCOANTBJoshua\" \/>\n<script type=\"application\/ld+json\" class=\"yoast-schema-graph\">{\"@context\":\"https:\\\/\\\/schema.org\",\"@graph\":[{\"@type\":\"WebPage\",\"@id\":\"https:\\\/\\\/emmanuel.tv\\\/pt-pt\\\/nova-tela-interativa\\\/\",\"url\":\"https:\\\/\\\/emmanuel.tv\\\/pt-pt\\\/nova-tela-interativa\\\/\",\"name\":\"Nova Tela Interativa - Emmanuel TV\",\"isPartOf\":{\"@id\":\"https:\\\/\\\/emmanuel.tv\\\/pt-pt\\\/#website\"},\"datePublished\":\"2024-07-31T11:58:52+00:00\",\"dateModified\":\"2025-03-08T01:21:25+00:00\",\"breadcrumb\":{\"@id\":\"https:\\\/\\\/emmanuel.tv\\\/pt-pt\\\/nova-tela-interativa\\\/#breadcrumb\"},\"inLanguage\":\"pt-PT\",\"potentialAction\":[{\"@type\":\"ReadAction\",\"target\":[\"https:\\\/\\\/emmanuel.tv\\\/pt-pt\\\/nova-tela-interativa\\\/\"]}]},{\"@type\":\"BreadcrumbList\",\"@id\":\"https:\\\/\\\/emmanuel.tv\\\/pt-pt\\\/nova-tela-interativa\\\/#breadcrumb\",\"itemListElement\":[{\"@type\":\"ListItem\",\"position\":1,\"name\":\"Home\",\"item\":\"https:\\\/\\\/emmanuel.tv\\\/pt-pt\\\/home\\\/\"},{\"@type\":\"ListItem\",\"position\":2,\"name\":\"Nova Tela Interativa\"}]},{\"@type\":\"WebSite\",\"@id\":\"https:\\\/\\\/emmanuel.tv\\\/pt-pt\\\/#website\",\"url\":\"https:\\\/\\\/emmanuel.tv\\\/pt-pt\\\/\",\"name\":\"Emmanuel TV\",\"description\":\"&quot;Changing Lives, Changing Nations, Changing the World!&quot; | Founded by T.B. Joshua\",\"publisher\":{\"@id\":\"https:\\\/\\\/emmanuel.tv\\\/pt-pt\\\/#organization\"},\"potentialAction\":[{\"@type\":\"SearchAction\",\"target\":{\"@type\":\"EntryPoint\",\"urlTemplate\":\"https:\\\/\\\/emmanuel.tv\\\/pt-pt\\\/?s={search_term_string}\"},\"query-input\":{\"@type\":\"PropertyValueSpecification\",\"valueRequired\":true,\"valueName\":\"search_term_string\"}}],\"inLanguage\":\"pt-PT\"},{\"@type\":\"Organization\",\"@id\":\"https:\\\/\\\/emmanuel.tv\\\/pt-pt\\\/#organization\",\"name\":\"Emmanuel TV\",\"url\":\"https:\\\/\\\/emmanuel.tv\\\/pt-pt\\\/\",\"logo\":{\"@type\":\"ImageObject\",\"inLanguage\":\"pt-PT\",\"@id\":\"https:\\\/\\\/emmanuel.tv\\\/pt-pt\\\/#\\\/schema\\\/logo\\\/image\\\/\",\"url\":\"https:\\\/\\\/i0.wp.com\\\/emmanuel.tv\\\/wp-content\\\/uploads\\\/2018\\\/10\\\/Emmanuel.TV_FINAL_C-copy.png?fit=185%2C31&ssl=1\",\"contentUrl\":\"https:\\\/\\\/i0.wp.com\\\/emmanuel.tv\\\/wp-content\\\/uploads\\\/2018\\\/10\\\/Emmanuel.TV_FINAL_C-copy.png?fit=185%2C31&ssl=1\",\"width\":185,\"height\":31,\"caption\":\"Emmanuel TV\"},\"image\":{\"@id\":\"https:\\\/\\\/emmanuel.tv\\\/pt-pt\\\/#\\\/schema\\\/logo\\\/image\\\/\"},\"sameAs\":[\"https:\\\/\\\/facebook.com\\\/tbjministries\",\"https:\\\/\\\/x.com\\\/SCOANTBJoshua\",\"https:\\\/\\\/instagram.com\\\/tbjoshua\"]}]}<\/script>\n<!-- \/ Yoast SEO plugin. -->","yoast_head_json":{"title":"Nova Tela Interativa - Emmanuel TV","robots":{"index":"index","follow":"follow","max-snippet":"max-snippet:-1","max-image-preview":"max-image-preview:large","max-video-preview":"max-video-preview:-1"},"canonical":"https:\/\/emmanuel.tv\/pt-pt\/nova-tela-interativa\/","og_locale":"pt_PT","og_type":"article","og_title":"Nova Tela Interativa - Emmanuel TV","og_description":"#TBJoshuaLegacy [textillate effect_in=&#8221;fadeInLeftBig&#8221; type_in=&#8221;sequence&#8221; effect_out=&#8221;hinge&#8221; type_out=&#8221;shuffle&#8221;]O Museu TB Joshua[\/textillate] O Mausol\u00e9u Este \u00e9 o mausol\u00e9u nas instala\u00e7\u00f5es da SCOAN que abriga o t\u00famulo do Profeta T.B. Joshua. Descubra","og_url":"https:\/\/emmanuel.tv\/pt-pt\/nova-tela-interativa\/","og_site_name":"Emmanuel TV","article_publisher":"https:\/\/facebook.com\/tbjministries","article_modified_time":"2025-03-08T01:21:25+00:00","twitter_card":"summary_large_image","twitter_site":"@SCOANTBJoshua","schema":{"@context":"https:\/\/schema.org","@graph":[{"@type":"WebPage","@id":"https:\/\/emmanuel.tv\/pt-pt\/nova-tela-interativa\/","url":"https:\/\/emmanuel.tv\/pt-pt\/nova-tela-interativa\/","name":"Nova Tela Interativa - Emmanuel TV","isPartOf":{"@id":"https:\/\/emmanuel.tv\/pt-pt\/#website"},"datePublished":"2024-07-31T11:58:52+00:00","dateModified":"2025-03-08T01:21:25+00:00","breadcrumb":{"@id":"https:\/\/emmanuel.tv\/pt-pt\/nova-tela-interativa\/#breadcrumb"},"inLanguage":"pt-PT","potentialAction":[{"@type":"ReadAction","target":["https:\/\/emmanuel.tv\/pt-pt\/nova-tela-interativa\/"]}]},{"@type":"BreadcrumbList","@id":"https:\/\/emmanuel.tv\/pt-pt\/nova-tela-interativa\/#breadcrumb","itemListElement":[{"@type":"ListItem","position":1,"name":"Home","item":"https:\/\/emmanuel.tv\/pt-pt\/home\/"},{"@type":"ListItem","position":2,"name":"Nova Tela Interativa"}]},{"@type":"WebSite","@id":"https:\/\/emmanuel.tv\/pt-pt\/#website","url":"https:\/\/emmanuel.tv\/pt-pt\/","name":"Emmanuel TV","description":"&quot;Changing Lives, Changing Nations, Changing the World!&quot; | Founded by T.B. Joshua","publisher":{"@id":"https:\/\/emmanuel.tv\/pt-pt\/#organization"},"potentialAction":[{"@type":"SearchAction","target":{"@type":"EntryPoint","urlTemplate":"https:\/\/emmanuel.tv\/pt-pt\/?s={search_term_string}"},"query-input":{"@type":"PropertyValueSpecification","valueRequired":true,"valueName":"search_term_string"}}],"inLanguage":"pt-PT"},{"@type":"Organization","@id":"https:\/\/emmanuel.tv\/pt-pt\/#organization","name":"Emmanuel TV","url":"https:\/\/emmanuel.tv\/pt-pt\/","logo":{"@type":"ImageObject","inLanguage":"pt-PT","@id":"https:\/\/emmanuel.tv\/pt-pt\/#\/schema\/logo\/image\/","url":"https:\/\/i0.wp.com\/emmanuel.tv\/wp-content\/uploads\/2018\/10\/Emmanuel.TV_FINAL_C-copy.png?fit=185%2C31&ssl=1","contentUrl":"https:\/\/i0.wp.com\/emmanuel.tv\/wp-content\/uploads\/2018\/10\/Emmanuel.TV_FINAL_C-copy.png?fit=185%2C31&ssl=1","width":185,"height":31,"caption":"Emmanuel TV"},"image":{"@id":"https:\/\/emmanuel.tv\/pt-pt\/#\/schema\/logo\/image\/"},"sameAs":["https:\/\/facebook.com\/tbjministries","https:\/\/x.com\/SCOANTBJoshua","https:\/\/instagram.com\/tbjoshua"]}]}},"_links":{"self":[{"href":"https:\/\/emmanuel.tv\/pt-pt\/wp-json\/wp\/v2\/pages\/564175","targetHints":{"allow":["GET"]}}],"collection":[{"href":"https:\/\/emmanuel.tv\/pt-pt\/wp-json\/wp\/v2\/pages"}],"about":[{"href":"https:\/\/emmanuel.tv\/pt-pt\/wp-json\/wp\/v2\/types\/page"}],"author":[{"embeddable":true,"href":"https:\/\/emmanuel.tv\/pt-pt\/wp-json\/wp\/v2\/users\/25"}],"replies":[{"embeddable":true,"href":"https:\/\/emmanuel.tv\/pt-pt\/wp-json\/wp\/v2\/comments?post=564175"}],"version-history":[{"count":1,"href":"https:\/\/emmanuel.tv\/pt-pt\/wp-json\/wp\/v2\/pages\/564175\/revisions"}],"predecessor-version":[{"id":564176,"href":"https:\/\/emmanuel.tv\/pt-pt\/wp-json\/wp\/v2\/pages\/564175\/revisions\/564176"}],"wp:attachment":[{"href":"https:\/\/emmanuel.tv\/pt-pt\/wp-json\/wp\/v2\/media?parent=564175"}],"curies":[{"name":"wp","href":"https:\/\/api.w.org\/{rel}","templated":true}]}}