{"id":564173,"date":"2024-05-06T20:47:21","date_gmt":"2024-05-06T20:47:21","guid":{"rendered":"https:\/\/emmanuel.tv\/guia-da-emmanuel-tv\/"},"modified":"2025-03-08T01:08:32","modified_gmt":"2025-03-08T01:08:32","slug":"guia-da-emmanuel-tv","status":"publish","type":"page","link":"https:\/\/emmanuel.tv\/pt-pt\/guia-da-emmanuel-tv\/","title":{"rendered":"Guia da Emmanuel TV"},"content":{"rendered":"\t\t<div data-elementor-type=\"wp-page\" data-elementor-id=\"564173\" class=\"elementor elementor-564173 elementor-558527\" data-elementor-post-type=\"page\">\n\t\t\t\t\t\t<section class=\"elementor-section elementor-top-section elementor-element elementor-element-d60dd0e elementor-section-stretched elementor-section-height-min-height elementor-section-boxed elementor-section-height-default elementor-section-items-middle\" data-id=\"d60dd0e\" data-element_type=\"section\" data-e-type=\"section\" data-settings=\"{&quot;stretch_section&quot;:&quot;section-stretched&quot;,&quot;background_background&quot;:&quot;classic&quot;}\">\n\t\t\t\t\t\t<div class=\"elementor-container elementor-column-gap-default\">\n\t\t\t\t\t<div class=\"elementor-column elementor-col-100 elementor-top-column elementor-element elementor-element-1dc45f4\" data-id=\"1dc45f4\" data-element_type=\"column\" data-e-type=\"column\">\n\t\t\t<div class=\"elementor-widget-wrap elementor-element-populated\">\n\t\t\t\t\t\t<div class=\"elementor-element elementor-element-7bff2d6 elementor-widget elementor-widget-heading\" data-id=\"7bff2d6\" data-element_type=\"widget\" data-e-type=\"widget\" data-widget_type=\"heading.default\">\n\t\t\t\t<div class=\"elementor-widget-container\">\n\t\t\t\t\t<div class=\"elementor-heading-title elementor-size-default\">Guia da Emmanuel TV<\/div>\t\t\t\t<\/div>\n\t\t\t\t<\/div>\n\t\t\t\t\t<\/div>\n\t\t<\/div>\n\t\t\t\t\t<\/div>\n\t\t<\/section>\n\t\t\t\t<section class=\"elementor-section elementor-top-section elementor-element elementor-element-c8a1014 elementor-section-stretched elementor-section-boxed elementor-section-height-default elementor-section-height-default\" data-id=\"c8a1014\" data-element_type=\"section\" data-e-type=\"section\" data-settings=\"{&quot;stretch_section&quot;:&quot;section-stretched&quot;,&quot;background_background&quot;:&quot;classic&quot;}\">\n\t\t\t\t\t\t<div class=\"elementor-container elementor-column-gap-default\">\n\t\t\t\t\t<div class=\"elementor-column elementor-col-50 elementor-top-column elementor-element elementor-element-c5911c9\" data-id=\"c5911c9\" data-element_type=\"column\" data-e-type=\"column\">\n\t\t\t<div class=\"elementor-widget-wrap elementor-element-populated\">\n\t\t\t\t\t\t<div class=\"elementor-element elementor-element-08f6d80 elementor-widget elementor-widget-image\" data-id=\"08f6d80\" data-element_type=\"widget\" data-e-type=\"widget\" data-settings=\"{&quot;motion_fx_motion_fx_mouse&quot;:&quot;yes&quot;,&quot;motion_fx_tilt_effect&quot;:&quot;yes&quot;,&quot;motion_fx_tilt_speed&quot;:{&quot;unit&quot;:&quot;px&quot;,&quot;size&quot;:2,&quot;sizes&quot;:[]}}\" data-widget_type=\"image.default\">\n\t\t\t\t<div class=\"elementor-widget-container\">\n\t\t\t\t\t\t\t\t\t\t\t\t\t\t\t<img fetchpriority=\"high\" decoding=\"async\" width=\"639\" height=\"798\" src=\"https:\/\/emmanuel.tv\/wp-content\/uploads\/2024\/01\/Streamingpage1-2.jpg\" class=\"attachment-large size-large wp-image-552147\" alt=\"\" srcset=\"https:\/\/emmanuel.tv\/wp-content\/uploads\/2024\/01\/Streamingpage1-2.jpg 639w, https:\/\/emmanuel.tv\/wp-content\/uploads\/2024\/01\/Streamingpage1-2-240x300.jpg 240w, https:\/\/emmanuel.tv\/wp-content\/uploads\/2024\/01\/Streamingpage1-2-320x400.jpg 320w, https:\/\/emmanuel.tv\/wp-content\/uploads\/2024\/01\/Streamingpage1-2-480x599.jpg 480w\" sizes=\"(max-width: 639px) 100vw, 639px\" \/>\t\t\t\t\t\t\t\t\t\t\t\t\t\t\t<\/div>\n\t\t\t\t<\/div>\n\t\t\t\t\t<\/div>\n\t\t<\/div>\n\t\t\t\t<div class=\"elementor-column elementor-col-50 elementor-top-column elementor-element elementor-element-6eae794\" data-id=\"6eae794\" data-element_type=\"column\" data-e-type=\"column\">\n\t\t\t<div class=\"elementor-widget-wrap elementor-element-populated\">\n\t\t\t\t\t\t<div class=\"elementor-element elementor-element-b84f9bb elementor-widget elementor-widget-image\" data-id=\"b84f9bb\" data-element_type=\"widget\" data-e-type=\"widget\" data-settings=\"{&quot;motion_fx_motion_fx_mouse&quot;:&quot;yes&quot;,&quot;motion_fx_tilt_effect&quot;:&quot;yes&quot;,&quot;motion_fx_tilt_speed&quot;:{&quot;unit&quot;:&quot;px&quot;,&quot;size&quot;:2,&quot;sizes&quot;:[]}}\" data-widget_type=\"image.default\">\n\t\t\t\t<div class=\"elementor-widget-container\">\n\t\t\t\t\t\t\t\t\t\t\t\t\t\t\t<img decoding=\"async\" width=\"639\" height=\"798\" src=\"https:\/\/emmanuel.tv\/wp-content\/uploads\/2024\/01\/Streamingpage2-3.jpg\" class=\"attachment-large size-large wp-image-552154\" alt=\"\" srcset=\"https:\/\/emmanuel.tv\/wp-content\/uploads\/2024\/01\/Streamingpage2-3.jpg 639w, https:\/\/emmanuel.tv\/wp-content\/uploads\/2024\/01\/Streamingpage2-3-240x300.jpg 240w, https:\/\/emmanuel.tv\/wp-content\/uploads\/2024\/01\/Streamingpage2-3-320x400.jpg 320w, https:\/\/emmanuel.tv\/wp-content\/uploads\/2024\/01\/Streamingpage2-3-480x599.jpg 480w\" sizes=\"(max-width: 639px) 100vw, 639px\" \/>\t\t\t\t\t\t\t\t\t\t\t\t\t\t\t<\/div>\n\t\t\t\t<\/div>\n\t\t\t\t\t<\/div>\n\t\t<\/div>\n\t\t\t\t\t<\/div>\n\t\t<\/section>\n\t\t\t\t<section class=\"elementor-section elementor-top-section elementor-element elementor-element-62a3ce6 elementor-section-stretched elementor-section-boxed elementor-section-height-default elementor-section-height-default\" data-id=\"62a3ce6\" data-element_type=\"section\" data-e-type=\"section\" data-settings=\"{&quot;stretch_section&quot;:&quot;section-stretched&quot;,&quot;background_background&quot;:&quot;classic&quot;}\">\n\t\t\t\t\t\t<div class=\"elementor-container elementor-column-gap-default\">\n\t\t\t\t\t<div class=\"elementor-column elementor-col-100 elementor-top-column elementor-element elementor-element-b684c90\" data-id=\"b684c90\" data-element_type=\"column\" data-e-type=\"column\">\n\t\t\t<div class=\"elementor-widget-wrap elementor-element-populated\">\n\t\t\t\t\t\t<div class=\"elementor-element elementor-element-20a8f5e elementor-widget elementor-widget-heading\" data-id=\"20a8f5e\" data-element_type=\"widget\" data-e-type=\"widget\" data-widget_type=\"heading.default\">\n\t\t\t\t<div class=\"elementor-widget-container\">\n\t\t\t\t\t<h2 class=\"elementor-heading-title elementor-size-default\">Como configurar seu decodificador - Estamos utilizando um decodificador de sat\u00e9lite da marca Strong.<\/h2>\t\t\t\t<\/div>\n\t\t\t\t<\/div>\n\t\t\t\t<div class=\"elementor-element elementor-element-61a14de elementor-widget elementor-widget-text-editor\" data-id=\"61a14de\" data-element_type=\"widget\" data-e-type=\"widget\" data-widget_type=\"text-editor.default\">\n\t\t\t\t<div class=\"elementor-widget-container\">\n\t\t\t\t\t\t\t\t\t<p>Passo 1. V\u00e1 para a configura\u00e7\u00e3o de canais <br \/>Passo 2. Selecione Conex\u00e3o da Antena  &gt;&gt; &gt;Selecione antena fixa <br \/>Passo 3. Selecione Lista de Sat\u00e9lites &lt; encoded_tag_closed &gt; Procure por Intel Sat 20, e68.5 (Leste 68.5), e ent\u00e3o selecione OK <br \/>Passo 4. Selecione Lista de TP (Transpondrs)  &gt;&gt;Selecione adicionar.&gt;&gt;Frequ\u00eancia (12522MHZ), &gt;&gt; Taxa de S\u00edmbolos (27500KS\/s), &gt;&gt; Polaridade (Selecione V ou Vertical)&gt;&gt; Salve as configura\u00e7\u00f5es <br \/>Passo 5. Configura\u00e7\u00e3o da Antena &gt;&gt; Selecione Intelsat 20.&gt;&gt;<br \/>Passo 6. Defina a frequ\u00eancia do LNB para Universal (9750-10600) <br \/>Passo 7. Selecione o Transponder  &gt;&gt; Selecione (12522 V 27500) <br \/>Passo 8. Selecione Lista de TP (Transponders) &gt;&gt;Role at\u00e9 (12522MHz, 27500Ks\/s V), ent\u00e3o selecione buscar e selecione OK para buscar.&gt;&gt;<br \/>Passo 9. Seu decodificador agora far\u00e1 uma varredura. <br \/>Passo 10. Selecione &#8220;Sair&#8221; e depois &#8220;Sair&#8221; novamente para acessar a tela de visualiza\u00e7\u00e3o. <br \/>Passo 11. Pressione OK para abrir a lista de canais.   &gt;&gt; Selecione Emmanuel TV.&gt;&gt; Selecione OK <br \/>Passo 12. Agora voc\u00ea pode assistir \u00e0 Emmanuel TV gratuitamente!! <\/p>\n\t\t\t\t\t\t\t\t<\/div>\n\t\t\t\t<\/div>\n\t\t\t\t\t<\/div>\n\t\t<\/div>\n\t\t\t\t\t<\/div>\n\t\t<\/section>\n\t\t\t\t<section class=\"elementor-section elementor-top-section elementor-element elementor-element-8b361b2 elementor-section-stretched elementor-section-boxed elementor-section-height-default elementor-section-height-default\" data-id=\"8b361b2\" data-element_type=\"section\" data-e-type=\"section\" data-settings=\"{&quot;stretch_section&quot;:&quot;section-stretched&quot;,&quot;background_background&quot;:&quot;classic&quot;}\">\n\t\t\t\t\t\t<div class=\"elementor-container elementor-column-gap-default\">\n\t\t\t\t\t<div class=\"elementor-column elementor-col-100 elementor-top-column elementor-element elementor-element-01b3d73\" data-id=\"01b3d73\" data-element_type=\"column\" data-e-type=\"column\">\n\t\t\t<div class=\"elementor-widget-wrap elementor-element-populated\">\n\t\t\t\t\t\t<div class=\"elementor-element elementor-element-1cc8633 elementor-widget elementor-widget-text-editor\" data-id=\"1cc8633\" data-element_type=\"widget\" data-e-type=\"widget\" data-widget_type=\"text-editor.default\">\n\t\t\t\t<div class=\"elementor-widget-container\">\n\t\t\t\t\t\t\t\t\t<h2 class=\"elementor-heading-title elementor-size-default\">For Enquires on how to gain access to Emmanuel TV, Please call: +234 (0) 814 870 3900 (NG), <a href=\"http:\/\/wa.me\/09011559711\">+234 (0) 901 155 9711 (NG)<\/a>, <a href=\"http:\/\/wa.me\/+27734414807\">+2773 441 4807 (SA)<\/a><\/h2>\n\t\t\t\t\t\t\t\t<\/div>\n\t\t\t\t<\/div>\n\t\t\t\t\t<\/div>\n\t\t<\/div>\n\t\t\t\t\t<\/div>\n\t\t<\/section>\n\t\t\t\t<\/div>\n\t\t","protected":false},"excerpt":{"rendered":"<p>Guia da Emmanuel TV Como configurar seu decodificador &#8211; Estamos utilizando um decodificador de sat\u00e9lite da marca Strong. Passo 1. V\u00e1 para a configura\u00e7\u00e3o de canais Passo 2. Selecione Conex\u00e3o da Antena &gt;&gt; &gt;Selecione antena fixa Passo 3. Selecione Lista de Sat\u00e9lites &lt; encoded_tag_closed &gt; Procure por Intel Sat 20, e68.5 (Leste 68.5), e ent\u00e3o [&hellip;]<\/p>\n","protected":false},"author":25,"featured_media":0,"parent":0,"menu_order":0,"comment_status":"closed","ping_status":"closed","template":"elementor_header_footer","meta":{"_vp_format_video_url":"","_vp_image_focal_point":[],"footnotes":""},"class_list":["post-564173","page","type-page","status-publish","hentry"],"yoast_head":"<!-- This site is optimized with the Yoast SEO plugin v27.4 - https:\/\/yoast.com\/product\/yoast-seo-wordpress\/ -->\n<title>Guia da Emmanuel TV - Emmanuel TV<\/title>\n<meta name=\"robots\" content=\"index, follow, max-snippet:-1, max-image-preview:large, max-video-preview:-1\" \/>\n<link rel=\"canonical\" href=\"https:\/\/emmanuel.tv\/pt-pt\/guia-da-emmanuel-tv\/\" \/>\n<meta property=\"og:locale\" content=\"pt_PT\" \/>\n<meta property=\"og:type\" content=\"article\" \/>\n<meta property=\"og:title\" content=\"Guia da Emmanuel TV - Emmanuel TV\" \/>\n<meta property=\"og:description\" content=\"Guia da Emmanuel TV Como configurar seu decodificador &#8211; Estamos utilizando um decodificador de sat\u00e9lite da marca Strong. Passo 1. V\u00e1 para a configura\u00e7\u00e3o de canais Passo 2. Selecione Conex\u00e3o da Antena &gt;&gt; &gt;Selecione antena fixa Passo 3. Selecione Lista de Sat\u00e9lites &lt; encoded_tag_closed &gt; Procure por Intel Sat 20, e68.5 (Leste 68.5), e ent\u00e3o [&hellip;]\" \/>\n<meta property=\"og:url\" content=\"https:\/\/emmanuel.tv\/pt-pt\/guia-da-emmanuel-tv\/\" \/>\n<meta property=\"og:site_name\" content=\"Emmanuel TV\" \/>\n<meta property=\"article:publisher\" content=\"https:\/\/facebook.com\/tbjministries\" \/>\n<meta property=\"article:modified_time\" content=\"2025-03-08T01:08:32+00:00\" \/>\n<meta property=\"og:image\" content=\"https:\/\/emmanuel.tv\/wp-content\/uploads\/2024\/01\/Streamingpage1-2.jpg\" \/>\n\t<meta property=\"og:image:width\" content=\"639\" \/>\n\t<meta property=\"og:image:height\" content=\"798\" \/>\n\t<meta property=\"og:image:type\" content=\"image\/jpeg\" \/>\n<meta name=\"twitter:card\" content=\"summary_large_image\" \/>\n<meta name=\"twitter:site\" content=\"@SCOANTBJoshua\" \/>\n<meta name=\"twitter:label1\" content=\"Tempo estimado de leitura\" \/>\n\t<meta name=\"twitter:data1\" content=\"1 minuto\" \/>\n<script type=\"application\/ld+json\" class=\"yoast-schema-graph\">{\"@context\":\"https:\\\/\\\/schema.org\",\"@graph\":[{\"@type\":\"WebPage\",\"@id\":\"https:\\\/\\\/emmanuel.tv\\\/pt-pt\\\/guia-da-emmanuel-tv\\\/\",\"url\":\"https:\\\/\\\/emmanuel.tv\\\/pt-pt\\\/guia-da-emmanuel-tv\\\/\",\"name\":\"Guia da Emmanuel TV - Emmanuel TV\",\"isPartOf\":{\"@id\":\"https:\\\/\\\/emmanuel.tv\\\/pt-pt\\\/#website\"},\"primaryImageOfPage\":{\"@id\":\"https:\\\/\\\/emmanuel.tv\\\/pt-pt\\\/guia-da-emmanuel-tv\\\/#primaryimage\"},\"image\":{\"@id\":\"https:\\\/\\\/emmanuel.tv\\\/pt-pt\\\/guia-da-emmanuel-tv\\\/#primaryimage\"},\"thumbnailUrl\":\"https:\\\/\\\/emmanuel.tv\\\/wp-content\\\/uploads\\\/2024\\\/01\\\/Streamingpage1-2.jpg\",\"datePublished\":\"2024-05-06T20:47:21+00:00\",\"dateModified\":\"2025-03-08T01:08:32+00:00\",\"breadcrumb\":{\"@id\":\"https:\\\/\\\/emmanuel.tv\\\/pt-pt\\\/guia-da-emmanuel-tv\\\/#breadcrumb\"},\"inLanguage\":\"pt-PT\",\"potentialAction\":[{\"@type\":\"ReadAction\",\"target\":[\"https:\\\/\\\/emmanuel.tv\\\/pt-pt\\\/guia-da-emmanuel-tv\\\/\"]}]},{\"@type\":\"ImageObject\",\"inLanguage\":\"pt-PT\",\"@id\":\"https:\\\/\\\/emmanuel.tv\\\/pt-pt\\\/guia-da-emmanuel-tv\\\/#primaryimage\",\"url\":\"https:\\\/\\\/emmanuel.tv\\\/wp-content\\\/uploads\\\/2024\\\/01\\\/Streamingpage1-2.jpg\",\"contentUrl\":\"https:\\\/\\\/emmanuel.tv\\\/wp-content\\\/uploads\\\/2024\\\/01\\\/Streamingpage1-2.jpg\"},{\"@type\":\"BreadcrumbList\",\"@id\":\"https:\\\/\\\/emmanuel.tv\\\/pt-pt\\\/guia-da-emmanuel-tv\\\/#breadcrumb\",\"itemListElement\":[{\"@type\":\"ListItem\",\"position\":1,\"name\":\"Home\",\"item\":\"https:\\\/\\\/emmanuel.tv\\\/pt-pt\\\/home\\\/\"},{\"@type\":\"ListItem\",\"position\":2,\"name\":\"Guia da Emmanuel TV\"}]},{\"@type\":\"WebSite\",\"@id\":\"https:\\\/\\\/emmanuel.tv\\\/pt-pt\\\/#website\",\"url\":\"https:\\\/\\\/emmanuel.tv\\\/pt-pt\\\/\",\"name\":\"Emmanuel TV\",\"description\":\"&quot;Changing Lives, Changing Nations, Changing the World!&quot; | Founded by T.B. Joshua\",\"publisher\":{\"@id\":\"https:\\\/\\\/emmanuel.tv\\\/pt-pt\\\/#organization\"},\"potentialAction\":[{\"@type\":\"SearchAction\",\"target\":{\"@type\":\"EntryPoint\",\"urlTemplate\":\"https:\\\/\\\/emmanuel.tv\\\/pt-pt\\\/?s={search_term_string}\"},\"query-input\":{\"@type\":\"PropertyValueSpecification\",\"valueRequired\":true,\"valueName\":\"search_term_string\"}}],\"inLanguage\":\"pt-PT\"},{\"@type\":\"Organization\",\"@id\":\"https:\\\/\\\/emmanuel.tv\\\/pt-pt\\\/#organization\",\"name\":\"Emmanuel TV\",\"url\":\"https:\\\/\\\/emmanuel.tv\\\/pt-pt\\\/\",\"logo\":{\"@type\":\"ImageObject\",\"inLanguage\":\"pt-PT\",\"@id\":\"https:\\\/\\\/emmanuel.tv\\\/pt-pt\\\/#\\\/schema\\\/logo\\\/image\\\/\",\"url\":\"https:\\\/\\\/i0.wp.com\\\/emmanuel.tv\\\/wp-content\\\/uploads\\\/2018\\\/10\\\/Emmanuel.TV_FINAL_C-copy.png?fit=185%2C31&ssl=1\",\"contentUrl\":\"https:\\\/\\\/i0.wp.com\\\/emmanuel.tv\\\/wp-content\\\/uploads\\\/2018\\\/10\\\/Emmanuel.TV_FINAL_C-copy.png?fit=185%2C31&ssl=1\",\"width\":185,\"height\":31,\"caption\":\"Emmanuel TV\"},\"image\":{\"@id\":\"https:\\\/\\\/emmanuel.tv\\\/pt-pt\\\/#\\\/schema\\\/logo\\\/image\\\/\"},\"sameAs\":[\"https:\\\/\\\/facebook.com\\\/tbjministries\",\"https:\\\/\\\/x.com\\\/SCOANTBJoshua\",\"https:\\\/\\\/instagram.com\\\/tbjoshua\"]}]}<\/script>\n<!-- \/ Yoast SEO plugin. -->","yoast_head_json":{"title":"Guia da Emmanuel TV - Emmanuel TV","robots":{"index":"index","follow":"follow","max-snippet":"max-snippet:-1","max-image-preview":"max-image-preview:large","max-video-preview":"max-video-preview:-1"},"canonical":"https:\/\/emmanuel.tv\/pt-pt\/guia-da-emmanuel-tv\/","og_locale":"pt_PT","og_type":"article","og_title":"Guia da Emmanuel TV - Emmanuel TV","og_description":"Guia da Emmanuel TV Como configurar seu decodificador &#8211; Estamos utilizando um decodificador de sat\u00e9lite da marca Strong. Passo 1. V\u00e1 para a configura\u00e7\u00e3o de canais Passo 2. Selecione Conex\u00e3o da Antena &gt;&gt; &gt;Selecione antena fixa Passo 3. Selecione Lista de Sat\u00e9lites &lt; encoded_tag_closed &gt; Procure por Intel Sat 20, e68.5 (Leste 68.5), e ent\u00e3o [&hellip;]","og_url":"https:\/\/emmanuel.tv\/pt-pt\/guia-da-emmanuel-tv\/","og_site_name":"Emmanuel TV","article_publisher":"https:\/\/facebook.com\/tbjministries","article_modified_time":"2025-03-08T01:08:32+00:00","og_image":[{"width":639,"height":798,"url":"https:\/\/emmanuel.tv\/wp-content\/uploads\/2024\/01\/Streamingpage1-2.jpg","type":"image\/jpeg"}],"twitter_card":"summary_large_image","twitter_site":"@SCOANTBJoshua","twitter_misc":{"Tempo estimado de leitura":"1 minuto"},"schema":{"@context":"https:\/\/schema.org","@graph":[{"@type":"WebPage","@id":"https:\/\/emmanuel.tv\/pt-pt\/guia-da-emmanuel-tv\/","url":"https:\/\/emmanuel.tv\/pt-pt\/guia-da-emmanuel-tv\/","name":"Guia da Emmanuel TV - Emmanuel TV","isPartOf":{"@id":"https:\/\/emmanuel.tv\/pt-pt\/#website"},"primaryImageOfPage":{"@id":"https:\/\/emmanuel.tv\/pt-pt\/guia-da-emmanuel-tv\/#primaryimage"},"image":{"@id":"https:\/\/emmanuel.tv\/pt-pt\/guia-da-emmanuel-tv\/#primaryimage"},"thumbnailUrl":"https:\/\/emmanuel.tv\/wp-content\/uploads\/2024\/01\/Streamingpage1-2.jpg","datePublished":"2024-05-06T20:47:21+00:00","dateModified":"2025-03-08T01:08:32+00:00","breadcrumb":{"@id":"https:\/\/emmanuel.tv\/pt-pt\/guia-da-emmanuel-tv\/#breadcrumb"},"inLanguage":"pt-PT","potentialAction":[{"@type":"ReadAction","target":["https:\/\/emmanuel.tv\/pt-pt\/guia-da-emmanuel-tv\/"]}]},{"@type":"ImageObject","inLanguage":"pt-PT","@id":"https:\/\/emmanuel.tv\/pt-pt\/guia-da-emmanuel-tv\/#primaryimage","url":"https:\/\/emmanuel.tv\/wp-content\/uploads\/2024\/01\/Streamingpage1-2.jpg","contentUrl":"https:\/\/emmanuel.tv\/wp-content\/uploads\/2024\/01\/Streamingpage1-2.jpg"},{"@type":"BreadcrumbList","@id":"https:\/\/emmanuel.tv\/pt-pt\/guia-da-emmanuel-tv\/#breadcrumb","itemListElement":[{"@type":"ListItem","position":1,"name":"Home","item":"https:\/\/emmanuel.tv\/pt-pt\/home\/"},{"@type":"ListItem","position":2,"name":"Guia da Emmanuel TV"}]},{"@type":"WebSite","@id":"https:\/\/emmanuel.tv\/pt-pt\/#website","url":"https:\/\/emmanuel.tv\/pt-pt\/","name":"Emmanuel TV","description":"&quot;Changing Lives, Changing Nations, Changing the World!&quot; | Founded by T.B. Joshua","publisher":{"@id":"https:\/\/emmanuel.tv\/pt-pt\/#organization"},"potentialAction":[{"@type":"SearchAction","target":{"@type":"EntryPoint","urlTemplate":"https:\/\/emmanuel.tv\/pt-pt\/?s={search_term_string}"},"query-input":{"@type":"PropertyValueSpecification","valueRequired":true,"valueName":"search_term_string"}}],"inLanguage":"pt-PT"},{"@type":"Organization","@id":"https:\/\/emmanuel.tv\/pt-pt\/#organization","name":"Emmanuel TV","url":"https:\/\/emmanuel.tv\/pt-pt\/","logo":{"@type":"ImageObject","inLanguage":"pt-PT","@id":"https:\/\/emmanuel.tv\/pt-pt\/#\/schema\/logo\/image\/","url":"https:\/\/i0.wp.com\/emmanuel.tv\/wp-content\/uploads\/2018\/10\/Emmanuel.TV_FINAL_C-copy.png?fit=185%2C31&ssl=1","contentUrl":"https:\/\/i0.wp.com\/emmanuel.tv\/wp-content\/uploads\/2018\/10\/Emmanuel.TV_FINAL_C-copy.png?fit=185%2C31&ssl=1","width":185,"height":31,"caption":"Emmanuel TV"},"image":{"@id":"https:\/\/emmanuel.tv\/pt-pt\/#\/schema\/logo\/image\/"},"sameAs":["https:\/\/facebook.com\/tbjministries","https:\/\/x.com\/SCOANTBJoshua","https:\/\/instagram.com\/tbjoshua"]}]}},"_links":{"self":[{"href":"https:\/\/emmanuel.tv\/pt-pt\/wp-json\/wp\/v2\/pages\/564173","targetHints":{"allow":["GET"]}}],"collection":[{"href":"https:\/\/emmanuel.tv\/pt-pt\/wp-json\/wp\/v2\/pages"}],"about":[{"href":"https:\/\/emmanuel.tv\/pt-pt\/wp-json\/wp\/v2\/types\/page"}],"author":[{"embeddable":true,"href":"https:\/\/emmanuel.tv\/pt-pt\/wp-json\/wp\/v2\/users\/25"}],"replies":[{"embeddable":true,"href":"https:\/\/emmanuel.tv\/pt-pt\/wp-json\/wp\/v2\/comments?post=564173"}],"version-history":[{"count":1,"href":"https:\/\/emmanuel.tv\/pt-pt\/wp-json\/wp\/v2\/pages\/564173\/revisions"}],"predecessor-version":[{"id":564174,"href":"https:\/\/emmanuel.tv\/pt-pt\/wp-json\/wp\/v2\/pages\/564173\/revisions\/564174"}],"wp:attachment":[{"href":"https:\/\/emmanuel.tv\/pt-pt\/wp-json\/wp\/v2\/media?parent=564173"}],"curies":[{"name":"wp","href":"https:\/\/api.w.org\/{rel}","templated":true}]}}