{"id":563453,"date":"2024-01-29T18:19:28","date_gmt":"2024-01-29T18:19:28","guid":{"rendered":"https:\/\/emmanuel.tv\/download\/"},"modified":"2025-04-16T13:47:36","modified_gmt":"2025-04-16T13:47:36","slug":"downloads","status":"publish","type":"page","link":"https:\/\/emmanuel.tv\/pt-pt\/downloads\/","title":{"rendered":"Download"},"content":{"rendered":"\t\t<div data-elementor-type=\"wp-page\" data-elementor-id=\"563453\" class=\"elementor elementor-563453 elementor-552832\" data-elementor-post-type=\"page\">\n\t\t\t\t\t\t<section class=\"elementor-section elementor-top-section elementor-element elementor-element-5e950ed elementor-section-full_width elementor-section-height-min-height elementor-section-stretched elementor-section-height-default elementor-section-items-middle\" data-id=\"5e950ed\" data-element_type=\"section\" data-e-type=\"section\" data-settings=\"{&quot;stretch_section&quot;:&quot;section-stretched&quot;,&quot;background_background&quot;:&quot;gradient&quot;}\">\n\t\t\t\t\t\t\t<div class=\"elementor-background-overlay\"><\/div>\n\t\t\t\t\t\t\t<div class=\"elementor-container elementor-column-gap-default\">\n\t\t\t\t\t<div class=\"elementor-column elementor-col-100 elementor-top-column elementor-element elementor-element-cf25f1d\" data-id=\"cf25f1d\" data-element_type=\"column\" data-e-type=\"column\">\n\t\t\t<div class=\"elementor-widget-wrap elementor-element-populated\">\n\t\t\t\t\t\t<div class=\"elementor-element elementor-element-2126cd5 elementor-widget elementor-widget-heading\" data-id=\"2126cd5\" data-element_type=\"widget\" data-e-type=\"widget\" data-widget_type=\"heading.default\">\n\t\t\t\t<div class=\"elementor-widget-container\">\n\t\t\t\t\t<h3 class=\"elementor-heading-title elementor-size-default\">Download Emmanuel TV<\/h3>\t\t\t\t<\/div>\n\t\t\t\t<\/div>\n\t\t\t\t\t<\/div>\n\t\t<\/div>\n\t\t\t\t\t<\/div>\n\t\t<\/section>\n\t\t\t\t<section class=\"elementor-section elementor-top-section elementor-element elementor-element-16e295d elementor-section-full_width elementor-section-stretched elementor-section-height-default elementor-section-height-default\" data-id=\"16e295d\" data-element_type=\"section\" data-e-type=\"section\" data-settings=\"{&quot;stretch_section&quot;:&quot;section-stretched&quot;,&quot;background_background&quot;:&quot;classic&quot;}\">\n\t\t\t\t\t\t<div class=\"elementor-container elementor-column-gap-default\">\n\t\t\t\t\t<div class=\"elementor-column elementor-col-100 elementor-top-column elementor-element elementor-element-e66752f\" data-id=\"e66752f\" data-element_type=\"column\" data-e-type=\"column\">\n\t\t\t<div class=\"elementor-widget-wrap elementor-element-populated\">\n\t\t\t\t\t\t<section class=\"elementor-section elementor-inner-section elementor-element elementor-element-0eab919 elementor-section-boxed elementor-section-height-default elementor-section-height-default\" data-id=\"0eab919\" data-element_type=\"section\" data-e-type=\"section\">\n\t\t\t\t\t\t<div class=\"elementor-container elementor-column-gap-default\">\n\t\t\t\t\t<div class=\"elementor-column elementor-col-50 elementor-inner-column elementor-element elementor-element-fab423a\" data-id=\"fab423a\" data-element_type=\"column\" data-e-type=\"column\">\n\t\t\t<div class=\"elementor-widget-wrap elementor-element-populated\">\n\t\t\t\t\t\t<div class=\"elementor-element elementor-element-486d6b9 elementor-widget elementor-widget-image\" data-id=\"486d6b9\" data-element_type=\"widget\" data-e-type=\"widget\" data-widget_type=\"image.default\">\n\t\t\t\t<div class=\"elementor-widget-container\">\n\t\t\t\t\t\t\t\t\t\t\t\t\t\t\t\t<a href=\"https:\/\/apps.apple.com\/us\/app\/emmanuel-tv\/id736083500?platform=iphone\">\n\t\t\t\t\t\t\t<img fetchpriority=\"high\" decoding=\"async\" width=\"652\" height=\"177\" src=\"https:\/\/emmanuel.tv\/wp-content\/uploads\/2024\/01\/white_AppleAppStore_English.png\" class=\"attachment-large size-large wp-image-563458\" alt=\"\" srcset=\"https:\/\/emmanuel.tv\/wp-content\/uploads\/2024\/01\/white_AppleAppStore_English.png 652w, https:\/\/emmanuel.tv\/wp-content\/uploads\/2024\/01\/white_AppleAppStore_English-300x81.png 300w, https:\/\/emmanuel.tv\/wp-content\/uploads\/2024\/01\/white_AppleAppStore_English-320x87.png 320w, https:\/\/emmanuel.tv\/wp-content\/uploads\/2024\/01\/white_AppleAppStore_English-480x130.png 480w\" sizes=\"(max-width: 652px) 100vw, 652px\" \/>\t\t\t\t\t\t\t\t<\/a>\n\t\t\t\t\t\t\t\t\t\t\t\t\t\t\t<\/div>\n\t\t\t\t<\/div>\n\t\t\t\t<div class=\"elementor-element elementor-element-db4b976 elementor-widget elementor-widget-image\" data-id=\"db4b976\" data-element_type=\"widget\" data-e-type=\"widget\" data-widget_type=\"image.default\">\n\t\t\t\t<div class=\"elementor-widget-container\">\n\t\t\t\t\t\t\t\t\t\t\t\t\t\t\t\t<a href=\"https:\/\/www.amazon.com\/dp\/B0CQ7Q7FTV\/ref=apps_sf_sta\">\n\t\t\t\t\t\t\t<img decoding=\"async\" width=\"652\" height=\"177\" src=\"https:\/\/emmanuel.tv\/wp-content\/uploads\/2024\/01\/white_AmazonAppStore_English.png\" class=\"attachment-large size-large wp-image-563459\" alt=\"\" srcset=\"https:\/\/emmanuel.tv\/wp-content\/uploads\/2024\/01\/white_AmazonAppStore_English.png 652w, https:\/\/emmanuel.tv\/wp-content\/uploads\/2024\/01\/white_AmazonAppStore_English-300x81.png 300w, https:\/\/emmanuel.tv\/wp-content\/uploads\/2024\/01\/white_AmazonAppStore_English-320x87.png 320w, https:\/\/emmanuel.tv\/wp-content\/uploads\/2024\/01\/white_AmazonAppStore_English-480x130.png 480w\" sizes=\"(max-width: 652px) 100vw, 652px\" \/>\t\t\t\t\t\t\t\t<\/a>\n\t\t\t\t\t\t\t\t\t\t\t\t\t\t\t<\/div>\n\t\t\t\t<\/div>\n\t\t\t\t\t<\/div>\n\t\t<\/div>\n\t\t\t\t<div class=\"elementor-column elementor-col-50 elementor-inner-column elementor-element elementor-element-6f9ae7b\" data-id=\"6f9ae7b\" data-element_type=\"column\" data-e-type=\"column\">\n\t\t\t<div class=\"elementor-widget-wrap elementor-element-populated\">\n\t\t\t\t\t\t<div class=\"elementor-element elementor-element-a77dd6a elementor-widget elementor-widget-image\" data-id=\"a77dd6a\" data-element_type=\"widget\" data-e-type=\"widget\" data-widget_type=\"image.default\">\n\t\t\t\t<div class=\"elementor-widget-container\">\n\t\t\t\t\t\t\t\t\t\t\t\t\t\t\t\t<a href=\"https:\/\/galaxystore.samsung.com\/detail\/com.stream.emmanueltv?badge=etv&#038;hit_type=Desktop&#038;session_id=W_60619807d4a4c520d844b13f9fa07c72&#038;source=GBadge_01_7309866_etv\">\n\t\t\t\t\t\t\t<img decoding=\"async\" width=\"652\" height=\"177\" src=\"https:\/\/emmanuel.tv\/wp-content\/uploads\/2024\/01\/white_GalaxyStore_English-1.png\" class=\"attachment-large size-large wp-image-563460\" alt=\"\" srcset=\"https:\/\/emmanuel.tv\/wp-content\/uploads\/2024\/01\/white_GalaxyStore_English-1.png 652w, https:\/\/emmanuel.tv\/wp-content\/uploads\/2024\/01\/white_GalaxyStore_English-1-300x81.png 300w, https:\/\/emmanuel.tv\/wp-content\/uploads\/2024\/01\/white_GalaxyStore_English-1-320x87.png 320w, https:\/\/emmanuel.tv\/wp-content\/uploads\/2024\/01\/white_GalaxyStore_English-1-480x130.png 480w\" sizes=\"(max-width: 652px) 100vw, 652px\" \/>\t\t\t\t\t\t\t\t<\/a>\n\t\t\t\t\t\t\t\t\t\t\t\t\t\t\t<\/div>\n\t\t\t\t<\/div>\n\t\t\t\t<div class=\"elementor-element elementor-element-9ad39e6 elementor-widget elementor-widget-image\" data-id=\"9ad39e6\" data-element_type=\"widget\" data-e-type=\"widget\" data-widget_type=\"image.default\">\n\t\t\t\t<div class=\"elementor-widget-container\">\n\t\t\t\t\t\t\t\t\t\t\t\t\t\t\t\t<a href=\"https:\/\/play.google.com\/store\/apps\/details?id=org.scoan.emmanueltv\">\n\t\t\t\t\t\t\t<img loading=\"lazy\" decoding=\"async\" width=\"800\" height=\"238\" src=\"https:\/\/emmanuel.tv\/wp-content\/uploads\/2025\/01\/get-it-on-google-play-badge-1024x304.webp\" class=\"attachment-large size-large wp-image-563932\" alt=\"\" srcset=\"https:\/\/emmanuel.tv\/wp-content\/uploads\/2025\/01\/get-it-on-google-play-badge-1024x304.webp 1024w, https:\/\/emmanuel.tv\/wp-content\/uploads\/2025\/01\/get-it-on-google-play-badge-300x89.webp 300w, https:\/\/emmanuel.tv\/wp-content\/uploads\/2025\/01\/get-it-on-google-play-badge-768x228.webp 768w, https:\/\/emmanuel.tv\/wp-content\/uploads\/2025\/01\/get-it-on-google-play-badge-1536x455.webp 1536w, https:\/\/emmanuel.tv\/wp-content\/uploads\/2025\/01\/get-it-on-google-play-badge-2048x607.webp 2048w, https:\/\/emmanuel.tv\/wp-content\/uploads\/2025\/01\/get-it-on-google-play-badge-500x148.webp 500w, https:\/\/emmanuel.tv\/wp-content\/uploads\/2025\/01\/get-it-on-google-play-badge-800x237.webp 800w, https:\/\/emmanuel.tv\/wp-content\/uploads\/2025\/01\/get-it-on-google-play-badge-1280x379.webp 1280w, https:\/\/emmanuel.tv\/wp-content\/uploads\/2025\/01\/get-it-on-google-play-badge-1920x569.webp 1920w\" sizes=\"(max-width: 800px) 100vw, 800px\" \/>\t\t\t\t\t\t\t\t<\/a>\n\t\t\t\t\t\t\t\t\t\t\t\t\t\t\t<\/div>\n\t\t\t\t<\/div>\n\t\t\t\t<div class=\"elementor-element elementor-element-42e626f elementor-widget elementor-widget-text-editor\" data-id=\"42e626f\" data-element_type=\"widget\" data-e-type=\"widget\" data-widget_type=\"text-editor.default\">\n\t\t\t\t<div class=\"elementor-widget-container\">\n\t\t\t\t\t\t\t\t\t<p>Este aplicativo foi oficialmente desenvolvido pela EaseCore em nome da Emmanuel TV.<\/p>\t\t\t\t\t\t\t\t<\/div>\n\t\t\t\t<\/div>\n\t\t\t\t\t<\/div>\n\t\t<\/div>\n\t\t\t\t\t<\/div>\n\t\t<\/section>\n\t\t\t\t\t<\/div>\n\t\t<\/div>\n\t\t\t\t\t<\/div>\n\t\t<\/section>\n\t\t\t\t<section class=\"elementor-section elementor-top-section elementor-element elementor-element-bec3e99 elementor-section-full_width elementor-section-height-default elementor-section-height-default\" data-id=\"bec3e99\" data-element_type=\"section\" data-e-type=\"section\">\n\t\t\t\t\t\t<div class=\"elementor-container elementor-column-gap-default\">\n\t\t\t\t\t<div class=\"elementor-column elementor-col-100 elementor-top-column elementor-element elementor-element-5465f17\" data-id=\"5465f17\" data-element_type=\"column\" data-e-type=\"column\">\n\t\t\t<div class=\"elementor-widget-wrap elementor-element-populated\">\n\t\t\t\t\t\t<section class=\"elementor-section elementor-inner-section elementor-element elementor-element-ff59f86 elementor-section-boxed elementor-section-height-default elementor-section-height-default\" data-id=\"ff59f86\" data-element_type=\"section\" data-e-type=\"section\" data-settings=\"{&quot;background_background&quot;:&quot;classic&quot;}\">\n\t\t\t\t\t\t<div class=\"elementor-container elementor-column-gap-default\">\n\t\t\t\t\t<div class=\"elementor-column elementor-col-50 elementor-inner-column elementor-element elementor-element-c6baad4\" data-id=\"c6baad4\" data-element_type=\"column\" data-e-type=\"column\">\n\t\t\t<div class=\"elementor-widget-wrap elementor-element-populated\">\n\t\t\t\t\t\t<div class=\"elementor-element elementor-element-f3d22ee elementor-widget elementor-widget-heading\" data-id=\"f3d22ee\" data-element_type=\"widget\" data-e-type=\"widget\" data-widget_type=\"heading.default\">\n\t\t\t\t<div class=\"elementor-widget-container\">\n\t\t\t\t\t<h2 class=\"elementor-heading-title elementor-size-default\">Para outras plataformas de streaming da Emmanuel TV.<\/h2>\t\t\t\t<\/div>\n\t\t\t\t<\/div>\n\t\t\t\t<div class=\"elementor-element elementor-element-e960757 elementor-widget elementor-widget-image\" data-id=\"e960757\" data-element_type=\"widget\" data-e-type=\"widget\" data-widget_type=\"image.default\">\n\t\t\t\t<div class=\"elementor-widget-container\">\n\t\t\t\t\t\t\t\t\t\t\t\t\t\t\t<img loading=\"lazy\" decoding=\"async\" width=\"512\" height=\"512\" src=\"https:\/\/emmanuel.tv\/wp-content\/uploads\/2025\/01\/NaijaTV_512x512.png\" class=\"attachment-large size-large wp-image-563936\" alt=\"Emmanuel TV on Naija\" srcset=\"https:\/\/emmanuel.tv\/wp-content\/uploads\/2025\/01\/NaijaTV_512x512.png 512w, https:\/\/emmanuel.tv\/wp-content\/uploads\/2025\/01\/NaijaTV_512x512-300x300.png 300w, https:\/\/emmanuel.tv\/wp-content\/uploads\/2025\/01\/NaijaTV_512x512-150x150.png 150w, https:\/\/emmanuel.tv\/wp-content\/uploads\/2025\/01\/NaijaTV_512x512-500x500.png 500w\" sizes=\"(max-width: 512px) 100vw, 512px\" \/>\t\t\t\t\t\t\t\t\t\t\t\t\t\t\t<\/div>\n\t\t\t\t<\/div>\n\t\t\t\t\t<\/div>\n\t\t<\/div>\n\t\t\t\t<div class=\"elementor-column elementor-col-50 elementor-inner-column elementor-element elementor-element-26e9832\" data-id=\"26e9832\" data-element_type=\"column\" data-e-type=\"column\">\n\t\t\t<div class=\"elementor-widget-wrap elementor-element-populated\">\n\t\t\t\t\t\t<div class=\"elementor-element elementor-element-a465a69 elementor-align-center elementor-widget elementor-widget-button\" data-id=\"a465a69\" data-element_type=\"widget\" data-e-type=\"widget\" data-widget_type=\"button.default\">\n\t\t\t\t<div class=\"elementor-widget-container\">\n\t\t\t\t\t\t\t\t\t<div class=\"elementor-button-wrapper\">\n\t\t\t\t\t<a class=\"elementor-button elementor-button-link elementor-size-sm\" href=\"https:\/\/play.google.com\/store\/apps\/details?id=netnaija.tv.streaming.movies\">\n\t\t\t\t\t\t<span class=\"elementor-button-content-wrapper\">\n\t\t\t\t\t\t<span class=\"elementor-button-icon\">\n\t\t\t\t<i aria-hidden=\"true\" class=\"fab fa-google-play\"><\/i>\t\t\t<\/span>\n\t\t\t\t\t\t\t\t\t<span class=\"elementor-button-text\">Google Playstore<\/span>\n\t\t\t\t\t<\/span>\n\t\t\t\t\t<\/a>\n\t\t\t\t<\/div>\n\t\t\t\t\t\t\t\t<\/div>\n\t\t\t\t<\/div>\n\t\t\t\t<div class=\"elementor-element elementor-element-2dd7d79 elementor-align-center elementor-widget elementor-widget-button\" data-id=\"2dd7d79\" data-element_type=\"widget\" data-e-type=\"widget\" data-widget_type=\"button.default\">\n\t\t\t\t<div class=\"elementor-widget-container\">\n\t\t\t\t\t\t\t\t\t<div class=\"elementor-button-wrapper\">\n\t\t\t\t\t<a class=\"elementor-button elementor-button-link elementor-size-sm\" href=\"https:\/\/apps.apple.com\/us\/app\/naija-tv-live-football-news\/id6469784305\">\n\t\t\t\t\t\t<span class=\"elementor-button-content-wrapper\">\n\t\t\t\t\t\t<span class=\"elementor-button-icon\">\n\t\t\t\t<i aria-hidden=\"true\" class=\"fab fa-app-store-ios\"><\/i>\t\t\t<\/span>\n\t\t\t\t\t\t\t\t\t<span class=\"elementor-button-text\">Apple Store<\/span>\n\t\t\t\t\t<\/span>\n\t\t\t\t\t<\/a>\n\t\t\t\t<\/div>\n\t\t\t\t\t\t\t\t<\/div>\n\t\t\t\t<\/div>\n\t\t\t\t\t<\/div>\n\t\t<\/div>\n\t\t\t\t\t<\/div>\n\t\t<\/section>\n\t\t\t\t\t<\/div>\n\t\t<\/div>\n\t\t\t\t\t<\/div>\n\t\t<\/section>\n\t\t\t\t<\/div>\n\t\t","protected":false},"excerpt":{"rendered":"<p>Download Emmanuel TV Este aplicativo foi oficialmente desenvolvido pela EaseCore em nome da Emmanuel TV. Para outras plataformas de streaming da Emmanuel TV. Google Playstore Apple Store<\/p>\n","protected":false},"author":28,"featured_media":0,"parent":0,"menu_order":0,"comment_status":"closed","ping_status":"closed","template":"elementor_header_footer","meta":{"_vp_format_video_url":"","_vp_image_focal_point":[],"footnotes":""},"class_list":["post-563453","page","type-page","status-publish","hentry"],"yoast_head":"<!-- This site is optimized with the Yoast SEO plugin v27.4 - https:\/\/yoast.com\/product\/yoast-seo-wordpress\/ -->\n<title>Download - Emmanuel TV<\/title>\n<meta name=\"description\" content=\"Esta \u00e9 a p\u00e1gina para baixar o aplicativo m\u00f3vel da Emmanuel TV de diferentes lojas e dispositivos. Por favor, clique no dispositivo de sua escolha.\" \/>\n<meta name=\"robots\" content=\"index, follow, max-snippet:-1, max-image-preview:large, max-video-preview:-1\" \/>\n<link rel=\"canonical\" href=\"https:\/\/emmanuel.tv\/pt-pt\/downloads\/\" \/>\n<meta property=\"og:locale\" content=\"pt_PT\" \/>\n<meta property=\"og:type\" content=\"article\" \/>\n<meta property=\"og:title\" content=\"Download - Emmanuel TV\" \/>\n<meta property=\"og:description\" content=\"Esta \u00e9 a p\u00e1gina para baixar o aplicativo m\u00f3vel da Emmanuel TV de diferentes lojas e dispositivos. Por favor, clique no dispositivo de sua escolha.\" \/>\n<meta property=\"og:url\" content=\"https:\/\/emmanuel.tv\/pt-pt\/downloads\/\" \/>\n<meta property=\"og:site_name\" content=\"Emmanuel TV\" \/>\n<meta property=\"article:publisher\" content=\"https:\/\/facebook.com\/tbjministries\" \/>\n<meta property=\"article:modified_time\" content=\"2025-04-16T13:47:36+00:00\" \/>\n<meta property=\"og:image\" content=\"https:\/\/emmanuel.tv\/wp-content\/uploads\/2024\/01\/white_AppleAppStore_English.png\" \/>\n\t<meta property=\"og:image:width\" content=\"652\" \/>\n\t<meta property=\"og:image:height\" content=\"177\" \/>\n\t<meta property=\"og:image:type\" content=\"image\/png\" \/>\n<meta name=\"twitter:card\" content=\"summary_large_image\" \/>\n<meta name=\"twitter:site\" content=\"@SCOANTBJoshua\" \/>\n<script type=\"application\/ld+json\" class=\"yoast-schema-graph\">{\"@context\":\"https:\\\/\\\/schema.org\",\"@graph\":[{\"@type\":\"WebPage\",\"@id\":\"https:\\\/\\\/emmanuel.tv\\\/pt-pt\\\/downloads\\\/\",\"url\":\"https:\\\/\\\/emmanuel.tv\\\/pt-pt\\\/downloads\\\/\",\"name\":\"Download - Emmanuel TV\",\"isPartOf\":{\"@id\":\"https:\\\/\\\/emmanuel.tv\\\/pt-pt\\\/#website\"},\"primaryImageOfPage\":{\"@id\":\"https:\\\/\\\/emmanuel.tv\\\/pt-pt\\\/downloads\\\/#primaryimage\"},\"image\":{\"@id\":\"https:\\\/\\\/emmanuel.tv\\\/pt-pt\\\/downloads\\\/#primaryimage\"},\"thumbnailUrl\":\"https:\\\/\\\/emmanuel.tv\\\/wp-content\\\/uploads\\\/2024\\\/01\\\/white_AppleAppStore_English.png\",\"datePublished\":\"2024-01-29T18:19:28+00:00\",\"dateModified\":\"2025-04-16T13:47:36+00:00\",\"description\":\"Esta \u00e9 a p\u00e1gina para baixar o aplicativo m\u00f3vel da Emmanuel TV de diferentes lojas e dispositivos. Por favor, clique no dispositivo de sua escolha.\",\"breadcrumb\":{\"@id\":\"https:\\\/\\\/emmanuel.tv\\\/pt-pt\\\/downloads\\\/#breadcrumb\"},\"inLanguage\":\"pt-PT\",\"potentialAction\":[{\"@type\":\"ReadAction\",\"target\":[\"https:\\\/\\\/emmanuel.tv\\\/pt-pt\\\/downloads\\\/\"]}]},{\"@type\":\"ImageObject\",\"inLanguage\":\"pt-PT\",\"@id\":\"https:\\\/\\\/emmanuel.tv\\\/pt-pt\\\/downloads\\\/#primaryimage\",\"url\":\"https:\\\/\\\/emmanuel.tv\\\/wp-content\\\/uploads\\\/2024\\\/01\\\/white_AppleAppStore_English.png\",\"contentUrl\":\"https:\\\/\\\/emmanuel.tv\\\/wp-content\\\/uploads\\\/2024\\\/01\\\/white_AppleAppStore_English.png\"},{\"@type\":\"BreadcrumbList\",\"@id\":\"https:\\\/\\\/emmanuel.tv\\\/pt-pt\\\/downloads\\\/#breadcrumb\",\"itemListElement\":[{\"@type\":\"ListItem\",\"position\":1,\"name\":\"Home\",\"item\":\"https:\\\/\\\/emmanuel.tv\\\/pt-pt\\\/home\\\/\"},{\"@type\":\"ListItem\",\"position\":2,\"name\":\"Download\"}]},{\"@type\":\"WebSite\",\"@id\":\"https:\\\/\\\/emmanuel.tv\\\/pt-pt\\\/#website\",\"url\":\"https:\\\/\\\/emmanuel.tv\\\/pt-pt\\\/\",\"name\":\"Emmanuel TV\",\"description\":\"&quot;Changing Lives, Changing Nations, Changing the World!&quot; | Founded by T.B. Joshua\",\"publisher\":{\"@id\":\"https:\\\/\\\/emmanuel.tv\\\/pt-pt\\\/#organization\"},\"potentialAction\":[{\"@type\":\"SearchAction\",\"target\":{\"@type\":\"EntryPoint\",\"urlTemplate\":\"https:\\\/\\\/emmanuel.tv\\\/pt-pt\\\/?s={search_term_string}\"},\"query-input\":{\"@type\":\"PropertyValueSpecification\",\"valueRequired\":true,\"valueName\":\"search_term_string\"}}],\"inLanguage\":\"pt-PT\"},{\"@type\":\"Organization\",\"@id\":\"https:\\\/\\\/emmanuel.tv\\\/pt-pt\\\/#organization\",\"name\":\"Emmanuel TV\",\"url\":\"https:\\\/\\\/emmanuel.tv\\\/pt-pt\\\/\",\"logo\":{\"@type\":\"ImageObject\",\"inLanguage\":\"pt-PT\",\"@id\":\"https:\\\/\\\/emmanuel.tv\\\/pt-pt\\\/#\\\/schema\\\/logo\\\/image\\\/\",\"url\":\"https:\\\/\\\/i0.wp.com\\\/emmanuel.tv\\\/wp-content\\\/uploads\\\/2018\\\/10\\\/Emmanuel.TV_FINAL_C-copy.png?fit=185%2C31&ssl=1\",\"contentUrl\":\"https:\\\/\\\/i0.wp.com\\\/emmanuel.tv\\\/wp-content\\\/uploads\\\/2018\\\/10\\\/Emmanuel.TV_FINAL_C-copy.png?fit=185%2C31&ssl=1\",\"width\":185,\"height\":31,\"caption\":\"Emmanuel TV\"},\"image\":{\"@id\":\"https:\\\/\\\/emmanuel.tv\\\/pt-pt\\\/#\\\/schema\\\/logo\\\/image\\\/\"},\"sameAs\":[\"https:\\\/\\\/facebook.com\\\/tbjministries\",\"https:\\\/\\\/x.com\\\/SCOANTBJoshua\",\"https:\\\/\\\/instagram.com\\\/tbjoshua\"]}]}<\/script>\n<!-- \/ Yoast SEO plugin. -->","yoast_head_json":{"title":"Download - Emmanuel TV","description":"Esta \u00e9 a p\u00e1gina para baixar o aplicativo m\u00f3vel da Emmanuel TV de diferentes lojas e dispositivos. Por favor, clique no dispositivo de sua escolha.","robots":{"index":"index","follow":"follow","max-snippet":"max-snippet:-1","max-image-preview":"max-image-preview:large","max-video-preview":"max-video-preview:-1"},"canonical":"https:\/\/emmanuel.tv\/pt-pt\/downloads\/","og_locale":"pt_PT","og_type":"article","og_title":"Download - Emmanuel TV","og_description":"Esta \u00e9 a p\u00e1gina para baixar o aplicativo m\u00f3vel da Emmanuel TV de diferentes lojas e dispositivos. Por favor, clique no dispositivo de sua escolha.","og_url":"https:\/\/emmanuel.tv\/pt-pt\/downloads\/","og_site_name":"Emmanuel TV","article_publisher":"https:\/\/facebook.com\/tbjministries","article_modified_time":"2025-04-16T13:47:36+00:00","og_image":[{"width":652,"height":177,"url":"https:\/\/emmanuel.tv\/wp-content\/uploads\/2024\/01\/white_AppleAppStore_English.png","type":"image\/png"}],"twitter_card":"summary_large_image","twitter_site":"@SCOANTBJoshua","schema":{"@context":"https:\/\/schema.org","@graph":[{"@type":"WebPage","@id":"https:\/\/emmanuel.tv\/pt-pt\/downloads\/","url":"https:\/\/emmanuel.tv\/pt-pt\/downloads\/","name":"Download - Emmanuel TV","isPartOf":{"@id":"https:\/\/emmanuel.tv\/pt-pt\/#website"},"primaryImageOfPage":{"@id":"https:\/\/emmanuel.tv\/pt-pt\/downloads\/#primaryimage"},"image":{"@id":"https:\/\/emmanuel.tv\/pt-pt\/downloads\/#primaryimage"},"thumbnailUrl":"https:\/\/emmanuel.tv\/wp-content\/uploads\/2024\/01\/white_AppleAppStore_English.png","datePublished":"2024-01-29T18:19:28+00:00","dateModified":"2025-04-16T13:47:36+00:00","description":"Esta \u00e9 a p\u00e1gina para baixar o aplicativo m\u00f3vel da Emmanuel TV de diferentes lojas e dispositivos. Por favor, clique no dispositivo de sua escolha.","breadcrumb":{"@id":"https:\/\/emmanuel.tv\/pt-pt\/downloads\/#breadcrumb"},"inLanguage":"pt-PT","potentialAction":[{"@type":"ReadAction","target":["https:\/\/emmanuel.tv\/pt-pt\/downloads\/"]}]},{"@type":"ImageObject","inLanguage":"pt-PT","@id":"https:\/\/emmanuel.tv\/pt-pt\/downloads\/#primaryimage","url":"https:\/\/emmanuel.tv\/wp-content\/uploads\/2024\/01\/white_AppleAppStore_English.png","contentUrl":"https:\/\/emmanuel.tv\/wp-content\/uploads\/2024\/01\/white_AppleAppStore_English.png"},{"@type":"BreadcrumbList","@id":"https:\/\/emmanuel.tv\/pt-pt\/downloads\/#breadcrumb","itemListElement":[{"@type":"ListItem","position":1,"name":"Home","item":"https:\/\/emmanuel.tv\/pt-pt\/home\/"},{"@type":"ListItem","position":2,"name":"Download"}]},{"@type":"WebSite","@id":"https:\/\/emmanuel.tv\/pt-pt\/#website","url":"https:\/\/emmanuel.tv\/pt-pt\/","name":"Emmanuel TV","description":"&quot;Changing Lives, Changing Nations, Changing the World!&quot; | Founded by T.B. Joshua","publisher":{"@id":"https:\/\/emmanuel.tv\/pt-pt\/#organization"},"potentialAction":[{"@type":"SearchAction","target":{"@type":"EntryPoint","urlTemplate":"https:\/\/emmanuel.tv\/pt-pt\/?s={search_term_string}"},"query-input":{"@type":"PropertyValueSpecification","valueRequired":true,"valueName":"search_term_string"}}],"inLanguage":"pt-PT"},{"@type":"Organization","@id":"https:\/\/emmanuel.tv\/pt-pt\/#organization","name":"Emmanuel TV","url":"https:\/\/emmanuel.tv\/pt-pt\/","logo":{"@type":"ImageObject","inLanguage":"pt-PT","@id":"https:\/\/emmanuel.tv\/pt-pt\/#\/schema\/logo\/image\/","url":"https:\/\/i0.wp.com\/emmanuel.tv\/wp-content\/uploads\/2018\/10\/Emmanuel.TV_FINAL_C-copy.png?fit=185%2C31&ssl=1","contentUrl":"https:\/\/i0.wp.com\/emmanuel.tv\/wp-content\/uploads\/2018\/10\/Emmanuel.TV_FINAL_C-copy.png?fit=185%2C31&ssl=1","width":185,"height":31,"caption":"Emmanuel TV"},"image":{"@id":"https:\/\/emmanuel.tv\/pt-pt\/#\/schema\/logo\/image\/"},"sameAs":["https:\/\/facebook.com\/tbjministries","https:\/\/x.com\/SCOANTBJoshua","https:\/\/instagram.com\/tbjoshua"]}]}},"_links":{"self":[{"href":"https:\/\/emmanuel.tv\/pt-pt\/wp-json\/wp\/v2\/pages\/563453","targetHints":{"allow":["GET"]}}],"collection":[{"href":"https:\/\/emmanuel.tv\/pt-pt\/wp-json\/wp\/v2\/pages"}],"about":[{"href":"https:\/\/emmanuel.tv\/pt-pt\/wp-json\/wp\/v2\/types\/page"}],"author":[{"embeddable":true,"href":"https:\/\/emmanuel.tv\/pt-pt\/wp-json\/wp\/v2\/users\/28"}],"replies":[{"embeddable":true,"href":"https:\/\/emmanuel.tv\/pt-pt\/wp-json\/wp\/v2\/comments?post=563453"}],"version-history":[{"count":8,"href":"https:\/\/emmanuel.tv\/pt-pt\/wp-json\/wp\/v2\/pages\/563453\/revisions"}],"predecessor-version":[{"id":564459,"href":"https:\/\/emmanuel.tv\/pt-pt\/wp-json\/wp\/v2\/pages\/563453\/revisions\/564459"}],"wp:attachment":[{"href":"https:\/\/emmanuel.tv\/pt-pt\/wp-json\/wp\/v2\/media?parent=563453"}],"curies":[{"name":"wp","href":"https:\/\/api.w.org\/{rel}","templated":true}]}}