{"id":563300,"date":"2024-01-19T17:48:45","date_gmt":"2024-01-19T17:48:45","guid":{"rendered":"https:\/\/emmanuel.tv\/tv-guide\/"},"modified":"2024-08-20T14:13:57","modified_gmt":"2024-08-20T14:13:57","slug":"tv-guide","status":"publish","type":"page","link":"https:\/\/emmanuel.tv\/fr\/tv-guide\/","title":{"rendered":"TV Guide"},"content":{"rendered":"\t\t<div data-elementor-type=\"wp-page\" data-elementor-id=\"563300\" class=\"elementor elementor-563300 elementor-552145\" data-elementor-post-type=\"page\">\n\t\t\t\t\t\t<section class=\"elementor-section elementor-top-section elementor-element elementor-element-1ef831b elementor-section-stretched elementor-section-boxed elementor-section-height-default elementor-section-height-default\" data-id=\"1ef831b\" data-element_type=\"section\" data-e-type=\"section\" data-settings=\"{&quot;stretch_section&quot;:&quot;section-stretched&quot;,&quot;background_background&quot;:&quot;classic&quot;}\">\n\t\t\t\t\t\t<div class=\"elementor-container elementor-column-gap-default\">\n\t\t\t\t\t<div class=\"elementor-column elementor-col-100 elementor-top-column elementor-element elementor-element-ac457fe\" data-id=\"ac457fe\" data-element_type=\"column\" data-e-type=\"column\">\n\t\t\t<div class=\"elementor-widget-wrap elementor-element-populated\">\n\t\t\t\t\t\t<div class=\"elementor-element elementor-element-2aaf10b elementor-widget elementor-widget-heading\" data-id=\"2aaf10b\" data-element_type=\"widget\" data-e-type=\"widget\" data-widget_type=\"heading.default\">\n\t\t\t\t<div class=\"elementor-widget-container\">\n\t\t\t\t\t<h3 class=\"elementor-heading-title elementor-size-default\">Guide d'Emmanuel TV<\/h3>\t\t\t\t<\/div>\n\t\t\t\t<\/div>\n\t\t\t\t\t<\/div>\n\t\t<\/div>\n\t\t\t\t\t<\/div>\n\t\t<\/section>\n\t\t\t\t<section class=\"elementor-section elementor-top-section elementor-element elementor-element-e5d6101 elementor-section-stretched elementor-section-boxed elementor-section-height-default elementor-section-height-default\" data-id=\"e5d6101\" data-element_type=\"section\" data-e-type=\"section\" data-settings=\"{&quot;stretch_section&quot;:&quot;section-stretched&quot;,&quot;background_background&quot;:&quot;classic&quot;}\">\n\t\t\t\t\t\t<div class=\"elementor-container elementor-column-gap-default\">\n\t\t\t\t\t<div class=\"elementor-column elementor-col-50 elementor-top-column elementor-element elementor-element-754ba25\" data-id=\"754ba25\" data-element_type=\"column\" data-e-type=\"column\">\n\t\t\t<div class=\"elementor-widget-wrap elementor-element-populated\">\n\t\t\t\t\t\t<div class=\"elementor-element elementor-element-7d2c0f0 elementor-widget elementor-widget-image\" data-id=\"7d2c0f0\" data-element_type=\"widget\" data-e-type=\"widget\" data-settings=\"{&quot;motion_fx_motion_fx_mouse&quot;:&quot;yes&quot;,&quot;motion_fx_tilt_effect&quot;:&quot;yes&quot;,&quot;motion_fx_tilt_speed&quot;:{&quot;unit&quot;:&quot;px&quot;,&quot;size&quot;:2,&quot;sizes&quot;:[]}}\" data-widget_type=\"image.default\">\n\t\t\t\t<div class=\"elementor-widget-container\">\n\t\t\t\t\t\t\t\t\t\t\t\t\t\t\t<img fetchpriority=\"high\" decoding=\"async\" width=\"639\" height=\"798\" src=\"https:\/\/emmanuel.tv\/wp-content\/uploads\/2024\/01\/Streamingpage1-2.jpg\" class=\"attachment-large size-large wp-image-563301\" alt=\"\" srcset=\"https:\/\/emmanuel.tv\/wp-content\/uploads\/2024\/01\/Streamingpage1-2.jpg 639w, https:\/\/emmanuel.tv\/wp-content\/uploads\/2024\/01\/Streamingpage1-2-240x300.jpg 240w, https:\/\/emmanuel.tv\/wp-content\/uploads\/2024\/01\/Streamingpage1-2-320x400.jpg 320w, https:\/\/emmanuel.tv\/wp-content\/uploads\/2024\/01\/Streamingpage1-2-480x599.jpg 480w\" sizes=\"(max-width: 639px) 100vw, 639px\" \/>\t\t\t\t\t\t\t\t\t\t\t\t\t\t\t<\/div>\n\t\t\t\t<\/div>\n\t\t\t\t\t<\/div>\n\t\t<\/div>\n\t\t\t\t<div class=\"elementor-column elementor-col-50 elementor-top-column elementor-element elementor-element-fcac4b5\" data-id=\"fcac4b5\" data-element_type=\"column\" data-e-type=\"column\">\n\t\t\t<div class=\"elementor-widget-wrap elementor-element-populated\">\n\t\t\t\t\t\t<div class=\"elementor-element elementor-element-2e98339 elementor-widget elementor-widget-image\" data-id=\"2e98339\" data-element_type=\"widget\" data-e-type=\"widget\" data-settings=\"{&quot;motion_fx_motion_fx_mouse&quot;:&quot;yes&quot;,&quot;motion_fx_tilt_effect&quot;:&quot;yes&quot;,&quot;motion_fx_tilt_speed&quot;:{&quot;unit&quot;:&quot;px&quot;,&quot;size&quot;:2,&quot;sizes&quot;:[]}}\" data-widget_type=\"image.default\">\n\t\t\t\t<div class=\"elementor-widget-container\">\n\t\t\t\t\t\t\t\t\t\t\t\t\t\t\t<img decoding=\"async\" width=\"639\" height=\"798\" src=\"https:\/\/emmanuel.tv\/wp-content\/uploads\/2024\/01\/Streamingpage2-3.jpg\" class=\"attachment-large size-large wp-image-563302\" alt=\"\" srcset=\"https:\/\/emmanuel.tv\/wp-content\/uploads\/2024\/01\/Streamingpage2-3.jpg 639w, https:\/\/emmanuel.tv\/wp-content\/uploads\/2024\/01\/Streamingpage2-3-240x300.jpg 240w, https:\/\/emmanuel.tv\/wp-content\/uploads\/2024\/01\/Streamingpage2-3-320x400.jpg 320w, https:\/\/emmanuel.tv\/wp-content\/uploads\/2024\/01\/Streamingpage2-3-480x599.jpg 480w\" sizes=\"(max-width: 639px) 100vw, 639px\" \/>\t\t\t\t\t\t\t\t\t\t\t\t\t\t\t<\/div>\n\t\t\t\t<\/div>\n\t\t\t\t\t<\/div>\n\t\t<\/div>\n\t\t\t\t\t<\/div>\n\t\t<\/section>\n\t\t\t\t<section class=\"elementor-section elementor-top-section elementor-element elementor-element-f021ae5 elementor-section-stretched elementor-section-boxed elementor-section-height-default elementor-section-height-default\" data-id=\"f021ae5\" data-element_type=\"section\" data-e-type=\"section\" data-settings=\"{&quot;stretch_section&quot;:&quot;section-stretched&quot;,&quot;background_background&quot;:&quot;classic&quot;}\">\n\t\t\t\t\t\t<div class=\"elementor-container elementor-column-gap-default\">\n\t\t\t\t\t<div class=\"elementor-column elementor-col-100 elementor-top-column elementor-element elementor-element-a71a718\" data-id=\"a71a718\" data-element_type=\"column\" data-e-type=\"column\">\n\t\t\t<div class=\"elementor-widget-wrap elementor-element-populated\">\n\t\t\t\t\t\t<div class=\"elementor-element elementor-element-983f5e6 elementor-widget elementor-widget-heading\" data-id=\"983f5e6\" data-element_type=\"widget\" data-e-type=\"widget\" data-widget_type=\"heading.default\">\n\t\t\t\t<div class=\"elementor-widget-container\">\n\t\t\t\t\t<h3 class=\"elementor-heading-title elementor-size-default\">Comment configurer votre d\u00e9codeur Free to air - Nous utilisons un d\u00e9codeur satellite de marque puissante.<\/h3>\t\t\t\t<\/div>\n\t\t\t\t<\/div>\n\t\t\t\t<div class=\"elementor-element elementor-element-df2b2de elementor-widget elementor-widget-text-editor\" data-id=\"df2b2de\" data-element_type=\"widget\" data-e-type=\"widget\" data-widget_type=\"text-editor.default\">\n\t\t\t\t<div class=\"elementor-widget-container\">\n\t\t\t\t\t\t\t\t\t<p><strong>\u00c9tape 1<\/strong>. Aller \u00e0 Configuration des Cha\u00eenes<br \/><strong>\u00c9tape 2<\/strong>. Cliquez sur Connexion de l&rsquo;Antenne&gt;&gt; S\u00e9lectionner l&rsquo; antenne fixe<br \/><strong>\u00c9tape 3<\/strong>. Cliquez sur Liste des satellites&gt;Intel sat 20, e68.5 (East 68.5), puis cliquez sur ok. <br \/><strong>\u00c9tape 4<\/strong>. Click TP List &gt;&gt;Cliquez sur ajouter&gt;&gt;Fr\u00e9quence (12522MHZ), &gt;&gt; D\u00e9bit de symbole (27500KS\/s), &gt;&gt; Polarit\u00e9 (s\u00e9lectionner V ou Vertical)&gt;&gt; Sauvegarder les param\u00e8tres<br \/><strong>\u00c9tape 5<\/strong>. Configuration de l &lsquo;antenne &gt;&gt; S\u00e9lectionner Intelsat 20&gt;&gt;<br \/><strong>\u00c9tape 6<\/strong>. R\u00e9gler la fr\u00e9quence du LNB sur Universel (9750-10600) <br \/><strong>\u00c9tape 7<\/strong>. Cliquez sur Transpondeur &gt;&gt; S\u00e9lectionner (12522 V 27500)<br \/><strong>\u00c9tape 8<\/strong>. Cliquez sur TP List &gt;&gt;Faites d\u00e9filer jusqu&rsquo;\u00e0 (12522MHz, 27500Ks\/s V), puis cliquez sur recherche, cliquez sur ok pour effectuer la recherche.&gt;&gt;<br \/><strong>\u00c9tape 9<\/strong>. Votre d\u00e9codeur va maintenant effectuer un balayage <br \/><strong>\u00c9tape 10<\/strong>. Cliquez sur sorti et sorti pour acc\u00e9der \u00e0 l &lsquo; \u00e9cran de visualisation . <br \/><strong>\u00c9tape 11<\/strong>. Appuyez sur Ok pour faire appara\u00eetre la liste des cha\u00eenes &gt;&gt; S\u00e9lectionnez Emmanuel TV&gt;&gt; click ok<br \/><strong>\u00c9tape 12<\/strong>. Vous pouvez maintenant regarder Emmanual TV gratuitement !<\/p>\t\t\t\t\t\t\t\t<\/div>\n\t\t\t\t<\/div>\n\t\t\t\t\t<\/div>\n\t\t<\/div>\n\t\t\t\t\t<\/div>\n\t\t<\/section>\n\t\t\t\t<section class=\"elementor-section elementor-top-section elementor-element elementor-element-b76262d elementor-section-stretched elementor-section-boxed elementor-section-height-default elementor-section-height-default\" data-id=\"b76262d\" data-element_type=\"section\" data-e-type=\"section\" data-settings=\"{&quot;stretch_section&quot;:&quot;section-stretched&quot;,&quot;background_background&quot;:&quot;classic&quot;}\">\n\t\t\t\t\t\t<div class=\"elementor-container elementor-column-gap-default\">\n\t\t\t\t\t<div class=\"elementor-column elementor-col-100 elementor-top-column elementor-element elementor-element-18ec511\" data-id=\"18ec511\" data-element_type=\"column\" data-e-type=\"column\">\n\t\t\t<div class=\"elementor-widget-wrap elementor-element-populated\">\n\t\t\t\t\t\t<div class=\"elementor-element elementor-element-70d683e elementor-widget elementor-widget-text-editor\" data-id=\"70d683e\" data-element_type=\"widget\" data-e-type=\"widget\" data-widget_type=\"text-editor.default\">\n\t\t\t\t<div class=\"elementor-widget-container\">\n\t\t\t\t\t\t\t\t\t<h3 class=\"elementor-heading-title elementor-size-default\">Pour Toute Question concernant l &lsquo; acc\u00e8s \u00e0 Emmanuel TV, veuillez appeler le num\u00e9ro suivant<\/h3>\n<h3 class=\"elementor-heading-title elementor-size-default\">: +234 (0) 814 870 3900 (NG), <a href=\"http:\/\/wa.me\/09011559799\">+234 (0) 901 155 9799 (NG)<\/a>, <a href=\"http:\/\/wa.me\/+27734414807\">+2773 441 4807 (SA)<\/a><\/h3>\n\t\t\t\t\t\t\t\t<\/div>\n\t\t\t\t<\/div>\n\t\t\t\t\t<\/div>\n\t\t<\/div>\n\t\t\t\t\t<\/div>\n\t\t<\/section>\n\t\t\t\t<\/div>\n\t\t","protected":false},"excerpt":{"rendered":"<p>Guide d&rsquo;Emmanuel TV Comment configurer votre d\u00e9codeur Free to air &#8211; Nous utilisons un d\u00e9codeur satellite de marque puissante. \u00c9tape 1. Aller \u00e0 Configuration des Cha\u00eenes\u00c9tape 2. Cliquez sur Connexion de l&rsquo;Antenne&gt;&gt; S\u00e9lectionner l&rsquo; antenne fixe\u00c9tape 3. Cliquez sur Liste des satellites&gt;Intel sat 20, e68.5 (East 68.5), puis cliquez sur ok. \u00c9tape 4. Click TP [&hellip;]<\/p>\n","protected":false},"author":25,"featured_media":0,"parent":0,"menu_order":0,"comment_status":"closed","ping_status":"closed","template":"elementor_header_footer","meta":{"_vp_format_video_url":"","_vp_image_focal_point":[],"footnotes":""},"class_list":["post-563300","page","type-page","status-publish","hentry"],"yoast_head":"<!-- This site is optimized with the Yoast SEO plugin v27.3 - https:\/\/yoast.com\/product\/yoast-seo-wordpress\/ -->\n<title>TV Guide - Emmanuel TV<\/title>\n<meta name=\"robots\" content=\"index, follow, max-snippet:-1, max-image-preview:large, max-video-preview:-1\" \/>\n<link rel=\"canonical\" href=\"https:\/\/emmanuel.tv\/fr\/tv-guide\/\" \/>\n<meta property=\"og:locale\" content=\"fr_FR\" \/>\n<meta property=\"og:type\" content=\"article\" \/>\n<meta property=\"og:title\" content=\"TV Guide - Emmanuel TV\" \/>\n<meta property=\"og:description\" content=\"Guide d&rsquo;Emmanuel TV Comment configurer votre d\u00e9codeur Free to air &#8211; Nous utilisons un d\u00e9codeur satellite de marque puissante. \u00c9tape 1. Aller \u00e0 Configuration des Cha\u00eenes\u00c9tape 2. Cliquez sur Connexion de l&rsquo;Antenne&gt;&gt; S\u00e9lectionner l&rsquo; antenne fixe\u00c9tape 3. Cliquez sur Liste des satellites&gt;Intel sat 20, e68.5 (East 68.5), puis cliquez sur ok. \u00c9tape 4. Click TP [&hellip;]\" \/>\n<meta property=\"og:url\" content=\"https:\/\/emmanuel.tv\/fr\/tv-guide\/\" \/>\n<meta property=\"og:site_name\" content=\"Emmanuel TV\" \/>\n<meta property=\"article:publisher\" content=\"https:\/\/facebook.com\/tbjministries\" \/>\n<meta property=\"article:modified_time\" content=\"2024-08-20T14:13:57+00:00\" \/>\n<meta property=\"og:image\" content=\"https:\/\/emmanuel.tv\/wp-content\/uploads\/2024\/01\/Streamingpage1-2.jpg\" \/>\n<meta name=\"twitter:card\" content=\"summary_large_image\" \/>\n<meta name=\"twitter:site\" content=\"@SCOANTBJoshua\" \/>\n<meta name=\"twitter:label1\" content=\"Dur\u00e9e de lecture estim\u00e9e\" \/>\n\t<meta name=\"twitter:data1\" content=\"2 minutes\" \/>\n<script type=\"application\/ld+json\" class=\"yoast-schema-graph\">{\"@context\":\"https:\\\/\\\/schema.org\",\"@graph\":[{\"@type\":\"WebPage\",\"@id\":\"https:\\\/\\\/emmanuel.tv\\\/fr\\\/tv-guide\\\/\",\"url\":\"https:\\\/\\\/emmanuel.tv\\\/fr\\\/tv-guide\\\/\",\"name\":\"TV Guide - Emmanuel TV\",\"isPartOf\":{\"@id\":\"https:\\\/\\\/emmanuel.tv\\\/fr\\\/#website\"},\"primaryImageOfPage\":{\"@id\":\"https:\\\/\\\/emmanuel.tv\\\/fr\\\/tv-guide\\\/#primaryimage\"},\"image\":{\"@id\":\"https:\\\/\\\/emmanuel.tv\\\/fr\\\/tv-guide\\\/#primaryimage\"},\"thumbnailUrl\":\"https:\\\/\\\/emmanuel.tv\\\/wp-content\\\/uploads\\\/2024\\\/01\\\/Streamingpage1-2.jpg\",\"datePublished\":\"2024-01-19T17:48:45+00:00\",\"dateModified\":\"2024-08-20T14:13:57+00:00\",\"breadcrumb\":{\"@id\":\"https:\\\/\\\/emmanuel.tv\\\/fr\\\/tv-guide\\\/#breadcrumb\"},\"inLanguage\":\"fr-FR\",\"potentialAction\":[{\"@type\":\"ReadAction\",\"target\":[\"https:\\\/\\\/emmanuel.tv\\\/fr\\\/tv-guide\\\/\"]}]},{\"@type\":\"ImageObject\",\"inLanguage\":\"fr-FR\",\"@id\":\"https:\\\/\\\/emmanuel.tv\\\/fr\\\/tv-guide\\\/#primaryimage\",\"url\":\"https:\\\/\\\/emmanuel.tv\\\/wp-content\\\/uploads\\\/2024\\\/01\\\/Streamingpage1-2.jpg\",\"contentUrl\":\"https:\\\/\\\/emmanuel.tv\\\/wp-content\\\/uploads\\\/2024\\\/01\\\/Streamingpage1-2.jpg\"},{\"@type\":\"BreadcrumbList\",\"@id\":\"https:\\\/\\\/emmanuel.tv\\\/fr\\\/tv-guide\\\/#breadcrumb\",\"itemListElement\":[{\"@type\":\"ListItem\",\"position\":1,\"name\":\"Home\",\"item\":\"https:\\\/\\\/emmanuel.tv\\\/fr\\\/accueil\\\/\"},{\"@type\":\"ListItem\",\"position\":2,\"name\":\"TV Guide\"}]},{\"@type\":\"WebSite\",\"@id\":\"https:\\\/\\\/emmanuel.tv\\\/fr\\\/#website\",\"url\":\"https:\\\/\\\/emmanuel.tv\\\/fr\\\/\",\"name\":\"Emmanuel TV\",\"description\":\"&quot;Changing Lives, Changing Nations, Changing the World!&quot; | Founded by T.B. Joshua\",\"publisher\":{\"@id\":\"https:\\\/\\\/emmanuel.tv\\\/fr\\\/#organization\"},\"potentialAction\":[{\"@type\":\"SearchAction\",\"target\":{\"@type\":\"EntryPoint\",\"urlTemplate\":\"https:\\\/\\\/emmanuel.tv\\\/fr\\\/?s={search_term_string}\"},\"query-input\":{\"@type\":\"PropertyValueSpecification\",\"valueRequired\":true,\"valueName\":\"search_term_string\"}}],\"inLanguage\":\"fr-FR\"},{\"@type\":\"Organization\",\"@id\":\"https:\\\/\\\/emmanuel.tv\\\/fr\\\/#organization\",\"name\":\"Emmanuel TV\",\"url\":\"https:\\\/\\\/emmanuel.tv\\\/fr\\\/\",\"logo\":{\"@type\":\"ImageObject\",\"inLanguage\":\"fr-FR\",\"@id\":\"https:\\\/\\\/emmanuel.tv\\\/fr\\\/#\\\/schema\\\/logo\\\/image\\\/\",\"url\":\"https:\\\/\\\/i0.wp.com\\\/emmanuel.tv\\\/wp-content\\\/uploads\\\/2018\\\/10\\\/Emmanuel.TV_FINAL_C-copy.png?fit=185%2C31&ssl=1\",\"contentUrl\":\"https:\\\/\\\/i0.wp.com\\\/emmanuel.tv\\\/wp-content\\\/uploads\\\/2018\\\/10\\\/Emmanuel.TV_FINAL_C-copy.png?fit=185%2C31&ssl=1\",\"width\":185,\"height\":31,\"caption\":\"Emmanuel TV\"},\"image\":{\"@id\":\"https:\\\/\\\/emmanuel.tv\\\/fr\\\/#\\\/schema\\\/logo\\\/image\\\/\"},\"sameAs\":[\"https:\\\/\\\/facebook.com\\\/tbjministries\",\"https:\\\/\\\/x.com\\\/SCOANTBJoshua\",\"https:\\\/\\\/instagram.com\\\/tbjoshua\"]}]}<\/script>\n<!-- \/ Yoast SEO plugin. -->","yoast_head_json":{"title":"TV Guide - Emmanuel TV","robots":{"index":"index","follow":"follow","max-snippet":"max-snippet:-1","max-image-preview":"max-image-preview:large","max-video-preview":"max-video-preview:-1"},"canonical":"https:\/\/emmanuel.tv\/fr\/tv-guide\/","og_locale":"fr_FR","og_type":"article","og_title":"TV Guide - Emmanuel TV","og_description":"Guide d&rsquo;Emmanuel TV Comment configurer votre d\u00e9codeur Free to air &#8211; Nous utilisons un d\u00e9codeur satellite de marque puissante. \u00c9tape 1. Aller \u00e0 Configuration des Cha\u00eenes\u00c9tape 2. Cliquez sur Connexion de l&rsquo;Antenne&gt;&gt; S\u00e9lectionner l&rsquo; antenne fixe\u00c9tape 3. Cliquez sur Liste des satellites&gt;Intel sat 20, e68.5 (East 68.5), puis cliquez sur ok. \u00c9tape 4. Click TP [&hellip;]","og_url":"https:\/\/emmanuel.tv\/fr\/tv-guide\/","og_site_name":"Emmanuel TV","article_publisher":"https:\/\/facebook.com\/tbjministries","article_modified_time":"2024-08-20T14:13:57+00:00","og_image":[{"url":"https:\/\/emmanuel.tv\/wp-content\/uploads\/2024\/01\/Streamingpage1-2.jpg","type":"","width":"","height":""}],"twitter_card":"summary_large_image","twitter_site":"@SCOANTBJoshua","twitter_misc":{"Dur\u00e9e de lecture estim\u00e9e":"2 minutes"},"schema":{"@context":"https:\/\/schema.org","@graph":[{"@type":"WebPage","@id":"https:\/\/emmanuel.tv\/fr\/tv-guide\/","url":"https:\/\/emmanuel.tv\/fr\/tv-guide\/","name":"TV Guide - Emmanuel TV","isPartOf":{"@id":"https:\/\/emmanuel.tv\/fr\/#website"},"primaryImageOfPage":{"@id":"https:\/\/emmanuel.tv\/fr\/tv-guide\/#primaryimage"},"image":{"@id":"https:\/\/emmanuel.tv\/fr\/tv-guide\/#primaryimage"},"thumbnailUrl":"https:\/\/emmanuel.tv\/wp-content\/uploads\/2024\/01\/Streamingpage1-2.jpg","datePublished":"2024-01-19T17:48:45+00:00","dateModified":"2024-08-20T14:13:57+00:00","breadcrumb":{"@id":"https:\/\/emmanuel.tv\/fr\/tv-guide\/#breadcrumb"},"inLanguage":"fr-FR","potentialAction":[{"@type":"ReadAction","target":["https:\/\/emmanuel.tv\/fr\/tv-guide\/"]}]},{"@type":"ImageObject","inLanguage":"fr-FR","@id":"https:\/\/emmanuel.tv\/fr\/tv-guide\/#primaryimage","url":"https:\/\/emmanuel.tv\/wp-content\/uploads\/2024\/01\/Streamingpage1-2.jpg","contentUrl":"https:\/\/emmanuel.tv\/wp-content\/uploads\/2024\/01\/Streamingpage1-2.jpg"},{"@type":"BreadcrumbList","@id":"https:\/\/emmanuel.tv\/fr\/tv-guide\/#breadcrumb","itemListElement":[{"@type":"ListItem","position":1,"name":"Home","item":"https:\/\/emmanuel.tv\/fr\/accueil\/"},{"@type":"ListItem","position":2,"name":"TV Guide"}]},{"@type":"WebSite","@id":"https:\/\/emmanuel.tv\/fr\/#website","url":"https:\/\/emmanuel.tv\/fr\/","name":"Emmanuel TV","description":"&quot;Changing Lives, Changing Nations, Changing the World!&quot; | Founded by T.B. Joshua","publisher":{"@id":"https:\/\/emmanuel.tv\/fr\/#organization"},"potentialAction":[{"@type":"SearchAction","target":{"@type":"EntryPoint","urlTemplate":"https:\/\/emmanuel.tv\/fr\/?s={search_term_string}"},"query-input":{"@type":"PropertyValueSpecification","valueRequired":true,"valueName":"search_term_string"}}],"inLanguage":"fr-FR"},{"@type":"Organization","@id":"https:\/\/emmanuel.tv\/fr\/#organization","name":"Emmanuel TV","url":"https:\/\/emmanuel.tv\/fr\/","logo":{"@type":"ImageObject","inLanguage":"fr-FR","@id":"https:\/\/emmanuel.tv\/fr\/#\/schema\/logo\/image\/","url":"https:\/\/i0.wp.com\/emmanuel.tv\/wp-content\/uploads\/2018\/10\/Emmanuel.TV_FINAL_C-copy.png?fit=185%2C31&ssl=1","contentUrl":"https:\/\/i0.wp.com\/emmanuel.tv\/wp-content\/uploads\/2018\/10\/Emmanuel.TV_FINAL_C-copy.png?fit=185%2C31&ssl=1","width":185,"height":31,"caption":"Emmanuel TV"},"image":{"@id":"https:\/\/emmanuel.tv\/fr\/#\/schema\/logo\/image\/"},"sameAs":["https:\/\/facebook.com\/tbjministries","https:\/\/x.com\/SCOANTBJoshua","https:\/\/instagram.com\/tbjoshua"]}]}},"_links":{"self":[{"href":"https:\/\/emmanuel.tv\/fr\/wp-json\/wp\/v2\/pages\/563300","targetHints":{"allow":["GET"]}}],"collection":[{"href":"https:\/\/emmanuel.tv\/fr\/wp-json\/wp\/v2\/pages"}],"about":[{"href":"https:\/\/emmanuel.tv\/fr\/wp-json\/wp\/v2\/types\/page"}],"author":[{"embeddable":true,"href":"https:\/\/emmanuel.tv\/fr\/wp-json\/wp\/v2\/users\/25"}],"replies":[{"embeddable":true,"href":"https:\/\/emmanuel.tv\/fr\/wp-json\/wp\/v2\/comments?post=563300"}],"version-history":[{"count":4,"href":"https:\/\/emmanuel.tv\/fr\/wp-json\/wp\/v2\/pages\/563300\/revisions"}],"predecessor-version":[{"id":563309,"href":"https:\/\/emmanuel.tv\/fr\/wp-json\/wp\/v2\/pages\/563300\/revisions\/563309"}],"wp:attachment":[{"href":"https:\/\/emmanuel.tv\/fr\/wp-json\/wp\/v2\/media?parent=563300"}],"curies":[{"name":"wp","href":"https:\/\/api.w.org\/{rel}","templated":true}]}}