{"id":563294,"date":"2024-04-26T18:11:24","date_gmt":"2024-04-26T18:11:24","guid":{"rendered":"https:\/\/emmanuel.tv\/sinscrire\/"},"modified":"2024-08-20T13:45:32","modified_gmt":"2024-08-20T13:45:32","slug":"sinscrire","status":"publish","type":"page","link":"https:\/\/emmanuel.tv\/fr\/sinscrire\/","title":{"rendered":"S&rsquo;inscrire"},"content":{"rendered":"\t\t<div data-elementor-type=\"wp-page\" data-elementor-id=\"563294\" class=\"elementor elementor-563294 elementor-557490\" data-elementor-post-type=\"page\">\n\t\t\t\t\t\t<section class=\"elementor-section elementor-top-section elementor-element elementor-element-eb52529 elementor-section-boxed elementor-section-height-default elementor-section-height-default\" data-id=\"eb52529\" data-element_type=\"section\" data-e-type=\"section\">\n\t\t\t\t\t\t<div class=\"elementor-container elementor-column-gap-default\">\n\t\t\t\t\t<div class=\"elementor-column elementor-col-100 elementor-top-column elementor-element elementor-element-b60361e\" data-id=\"b60361e\" data-element_type=\"column\" data-e-type=\"column\">\n\t\t\t<div class=\"elementor-widget-wrap elementor-element-populated\">\n\t\t\t\t\t\t<section class=\"elementor-section elementor-inner-section elementor-element elementor-element-c8b288e elementor-section-boxed elementor-section-height-default elementor-section-height-default\" data-id=\"c8b288e\" data-element_type=\"section\" data-e-type=\"section\">\n\t\t\t\t\t\t<div class=\"elementor-container elementor-column-gap-default\">\n\t\t\t\t\t<div class=\"elementor-column elementor-col-100 elementor-inner-column elementor-element elementor-element-4c64ff1\" data-id=\"4c64ff1\" data-element_type=\"column\" data-e-type=\"column\">\n\t\t\t<div class=\"elementor-widget-wrap elementor-element-populated\">\n\t\t\t\t\t\t<div class=\"elementor-element elementor-element-4b75f76 elementor-widget elementor-widget-image\" data-id=\"4b75f76\" data-element_type=\"widget\" data-e-type=\"widget\" data-widget_type=\"image.default\">\n\t\t\t\t<div class=\"elementor-widget-container\">\n\t\t\t\t\t\t\t\t\t\t\t\t\t\t\t<img fetchpriority=\"high\" decoding=\"async\" width=\"800\" height=\"74\" src=\"https:\/\/emmanuel.tv\/wp-content\/uploads\/2019\/03\/emmTVPartnerLogo.png\" class=\"attachment-large size-large wp-image-2395\" alt=\"Emmanuel TV Partnership Logo\" srcset=\"https:\/\/emmanuel.tv\/wp-content\/uploads\/2019\/03\/emmTVPartnerLogo.png 890w, https:\/\/emmanuel.tv\/wp-content\/uploads\/2019\/03\/emmTVPartnerLogo-300x28.png 300w, https:\/\/emmanuel.tv\/wp-content\/uploads\/2019\/03\/emmTVPartnerLogo-768x71.png 768w\" sizes=\"(max-width: 800px) 100vw, 800px\" \/>\t\t\t\t\t\t\t\t\t\t\t\t\t\t\t<\/div>\n\t\t\t\t<\/div>\n\t\t\t\t\t<\/div>\n\t\t<\/div>\n\t\t\t\t\t<\/div>\n\t\t<\/section>\n\t\t\t\t\t<\/div>\n\t\t<\/div>\n\t\t\t\t\t<\/div>\n\t\t<\/section>\n\t\t\t\t<section class=\"elementor-section elementor-top-section elementor-element elementor-element-36acf92 elementor-section-stretched elementor-section-boxed elementor-section-height-default elementor-section-height-default\" data-id=\"36acf92\" data-element_type=\"section\" data-e-type=\"section\" data-settings=\"{&quot;stretch_section&quot;:&quot;section-stretched&quot;,&quot;background_background&quot;:&quot;gradient&quot;}\">\n\t\t\t\t\t\t<div class=\"elementor-container elementor-column-gap-default\">\n\t\t\t\t\t<div class=\"elementor-column elementor-col-100 elementor-top-column elementor-element elementor-element-bd15a01\" data-id=\"bd15a01\" data-element_type=\"column\" data-e-type=\"column\">\n\t\t\t<div class=\"elementor-widget-wrap elementor-element-populated\">\n\t\t\t\t\t\t<section class=\"elementor-section elementor-inner-section elementor-element elementor-element-0ed2581 elementor-section-boxed elementor-section-height-default elementor-section-height-default\" data-id=\"0ed2581\" data-element_type=\"section\" data-e-type=\"section\">\n\t\t\t\t\t\t<div class=\"elementor-container elementor-column-gap-default\">\n\t\t\t\t\t<div class=\"elementor-column elementor-col-100 elementor-inner-column elementor-element elementor-element-73e7552\" data-id=\"73e7552\" data-element_type=\"column\" data-e-type=\"column\">\n\t\t\t<div class=\"elementor-widget-wrap elementor-element-populated\">\n\t\t\t\t\t\t<div class=\"elementor-element elementor-element-9ebf3fc elementor-view-stacked elementor-shape-circle elementor-widget elementor-widget-icon\" data-id=\"9ebf3fc\" data-element_type=\"widget\" data-e-type=\"widget\" data-widget_type=\"icon.default\">\n\t\t\t\t<div class=\"elementor-widget-container\">\n\t\t\t\t\t\t\t<div class=\"elementor-icon-wrapper\">\n\t\t\t<a class=\"elementor-icon\" href=\"https:\/\/emmanuel.tv\/partnership\/signup\/\">\n\t\t\t<i aria-hidden=\"true\" class=\"fas fa-pencil-alt\"><\/i>\t\t\t<\/a>\n\t\t<\/div>\n\t\t\t\t\t\t<\/div>\n\t\t\t\t<\/div>\n\t\t\t\t<div class=\"elementor-element elementor-element-50d7297 elementor-widget elementor-widget-heading\" data-id=\"50d7297\" data-element_type=\"widget\" data-e-type=\"widget\" data-widget_type=\"heading.default\">\n\t\t\t\t<div class=\"elementor-widget-container\">\n\t\t\t\t\t<p class=\"elementor-heading-title elementor-size-default\">Vous n'\u00eates pas encore partenaire? Rejoignez-nous d\u00e8s Maintenant! <\/p>\t\t\t\t<\/div>\n\t\t\t\t<\/div>\n\t\t\t\t<div class=\"elementor-element elementor-element-a1eb8ad elementor-widget elementor-widget-heading\" data-id=\"a1eb8ad\" data-element_type=\"widget\" data-e-type=\"widget\" data-widget_type=\"heading.default\">\n\t\t\t\t<div class=\"elementor-widget-container\">\n\t\t\t\t\t<h3 class=\"elementor-heading-title elementor-size-default\"><a href=\"https:\/\/emmanuel.tv\/partnership\/signup\/\">S' INSCRIRE<\/a><\/h3>\t\t\t\t<\/div>\n\t\t\t\t<\/div>\n\t\t\t\t<div class=\"elementor-element elementor-element-8987c31 elementor-widget elementor-widget-heading\" data-id=\"8987c31\" data-element_type=\"widget\" data-e-type=\"widget\" data-widget_type=\"heading.default\">\n\t\t\t\t<div class=\"elementor-widget-container\">\n\t\t\t\t\t<h3 class=\"elementor-heading-title elementor-size-default\">Vous vous \u00eates inscrit et avez re\u00e7u les d\u00e9tails de votre signature? Connectez-vous ci-dessous <\/h3>\t\t\t\t<\/div>\n\t\t\t\t<\/div>\n\t\t\t\t\t<\/div>\n\t\t<\/div>\n\t\t\t\t\t<\/div>\n\t\t<\/section>\n\t\t\t\t<section class=\"elementor-section elementor-inner-section elementor-element elementor-element-aa5d16c elementor-section-boxed elementor-section-height-default elementor-section-height-default\" data-id=\"aa5d16c\" data-element_type=\"section\" data-e-type=\"section\">\n\t\t\t\t\t\t<div class=\"elementor-container elementor-column-gap-default\">\n\t\t\t\t\t<div class=\"elementor-column elementor-col-100 elementor-inner-column elementor-element elementor-element-6274e9e\" data-id=\"6274e9e\" data-element_type=\"column\" data-e-type=\"column\">\n\t\t\t<div class=\"elementor-widget-wrap elementor-element-populated\">\n\t\t\t\t\t\t<div class=\"elementor-element elementor-element-f9ba97b elementor-view-default elementor-widget elementor-widget-icon\" data-id=\"f9ba97b\" data-element_type=\"widget\" data-e-type=\"widget\" data-widget_type=\"icon.default\">\n\t\t\t\t<div class=\"elementor-widget-container\">\n\t\t\t\t\t\t\t<div class=\"elementor-icon-wrapper\">\n\t\t\t<div class=\"elementor-icon\">\n\t\t\t<i aria-hidden=\"true\" class=\"fas fa-sign-in-alt\"><\/i>\t\t\t<\/div>\n\t\t<\/div>\n\t\t\t\t\t\t<\/div>\n\t\t\t\t<\/div>\n\t\t\t\t<div class=\"elementor-element elementor-element-51d04f8 elementor-widget elementor-widget-heading\" data-id=\"51d04f8\" data-element_type=\"widget\" data-e-type=\"widget\" data-widget_type=\"heading.default\">\n\t\t\t\t<div class=\"elementor-widget-container\">\n\t\t\t\t\t<h3 class=\"elementor-heading-title elementor-size-default\">S'INSCRIRE<\/h3>\t\t\t\t<\/div>\n\t\t\t\t<\/div>\n\t\t\t\t<div class=\"elementor-element elementor-element-c48b478 elementor-widget elementor-widget-html\" data-id=\"c48b478\" data-element_type=\"widget\" data-e-type=\"widget\" data-widget_type=\"html.default\">\n\t\t\t\t<div class=\"elementor-widget-container\">\n\t\t\t\t\t<iframe frameborder=\"none\" src=\"https:\/\/emmanuel.tv\/empartner\/test\/login.php\" allowtransparency=\"true\" style=\"width:1200px;height:400px;border:none;\"><\/iframe>\t\t\t\t<\/div>\n\t\t\t\t<\/div>\n\t\t\t\t\t<\/div>\n\t\t<\/div>\n\t\t\t\t\t<\/div>\n\t\t<\/section>\n\t\t\t\t\t<\/div>\n\t\t<\/div>\n\t\t\t\t\t<\/div>\n\t\t<\/section>\n\t\t\t\t<section class=\"elementor-section elementor-top-section elementor-element elementor-element-516b995 elementor-section-stretched elementor-section-boxed elementor-section-height-default elementor-section-height-default\" data-id=\"516b995\" data-element_type=\"section\" data-e-type=\"section\" data-settings=\"{&quot;stretch_section&quot;:&quot;section-stretched&quot;,&quot;background_background&quot;:&quot;classic&quot;}\">\n\t\t\t\t\t\t<div class=\"elementor-container elementor-column-gap-default\">\n\t\t\t\t\t<div class=\"elementor-column elementor-col-100 elementor-top-column elementor-element elementor-element-4649708\" data-id=\"4649708\" data-element_type=\"column\" data-e-type=\"column\">\n\t\t\t<div class=\"elementor-widget-wrap elementor-element-populated\">\n\t\t\t\t\t\t<section class=\"elementor-section elementor-inner-section elementor-element elementor-element-7ba8d0d elementor-section-boxed elementor-section-height-default elementor-section-height-default\" data-id=\"7ba8d0d\" data-element_type=\"section\" data-e-type=\"section\" data-settings=\"{&quot;background_background&quot;:&quot;classic&quot;}\">\n\t\t\t\t\t\t<div class=\"elementor-container elementor-column-gap-default\">\n\t\t\t\t\t<div class=\"elementor-column elementor-col-50 elementor-inner-column elementor-element elementor-element-89b6036\" data-id=\"89b6036\" data-element_type=\"column\" data-e-type=\"column\">\n\t\t\t<div class=\"elementor-widget-wrap elementor-element-populated\">\n\t\t\t\t\t\t<div class=\"elementor-element elementor-element-b234028 elementor-widget elementor-widget-image\" data-id=\"b234028\" data-element_type=\"widget\" data-e-type=\"widget\" data-widget_type=\"image.default\">\n\t\t\t\t<div class=\"elementor-widget-container\">\n\t\t\t\t\t\t\t\t\t\t\t\t\t\t\t<img decoding=\"async\" width=\"1\" height=\"1\" src=\"https:\/\/emmanuel.tv\/wp-content\/uploads\/2021\/01\/discuss-issue-g.svg\" class=\"attachment-medium size-medium wp-image-117808\" alt=\"\" \/>\t\t\t\t\t\t\t\t\t\t\t\t\t\t\t<\/div>\n\t\t\t\t<\/div>\n\t\t\t\t\t<\/div>\n\t\t<\/div>\n\t\t\t\t<div class=\"elementor-column elementor-col-50 elementor-inner-column elementor-element elementor-element-5ef708c\" data-id=\"5ef708c\" data-element_type=\"column\" data-e-type=\"column\">\n\t\t\t<div class=\"elementor-widget-wrap elementor-element-populated\">\n\t\t\t\t\t\t<div class=\"elementor-element elementor-element-8005eed elementor-widget elementor-widget-heading\" data-id=\"8005eed\" data-element_type=\"widget\" data-e-type=\"widget\" data-widget_type=\"heading.default\">\n\t\t\t\t<div class=\"elementor-widget-container\">\n\t\t\t\t\t<h3 class=\"elementor-heading-title elementor-size-default\">Pour Toute Question ou Demande de Renseignements<\/h3>\t\t\t\t<\/div>\n\t\t\t\t<\/div>\n\t\t\t\t<div class=\"elementor-element elementor-element-c770203 elementor-widget elementor-widget-text-editor\" data-id=\"c770203\" data-element_type=\"widget\" data-e-type=\"widget\" data-widget_type=\"text-editor.default\">\n\t\t\t\t<div class=\"elementor-widget-container\">\n\t\t\t\t\t\t\t\t\t<p><span style=\"color: #ffffff;\">Vous pouvez nous appeler au :<br \/>+234 (0) 703 305 6206 \/ +234 (0) 703 126 5665<\/span><\/p>\n\t\t\t\t\t\t\t\t<\/div>\n\t\t\t\t<\/div>\n\t\t\t\t<div class=\"elementor-element elementor-element-0ec60a9 elementor-widget elementor-widget-button\" data-id=\"0ec60a9\" data-element_type=\"widget\" data-e-type=\"widget\" data-settings=\"{&quot;motion_fx_motion_fx_mouse&quot;:&quot;yes&quot;,&quot;motion_fx_tilt_effect&quot;:&quot;yes&quot;,&quot;motion_fx_tilt_speed&quot;:{&quot;unit&quot;:&quot;px&quot;,&quot;size&quot;:1,&quot;sizes&quot;:[]}}\" data-widget_type=\"button.default\">\n\t\t\t\t<div class=\"elementor-widget-container\">\n\t\t\t\t\t\t\t\t\t<div class=\"elementor-button-wrapper\">\n\t\t\t\t\t<a class=\"elementor-button elementor-button-link elementor-size-sm\" href=\"https:\/\/emmanuel.tv\/fr\/contacts\/\">\n\t\t\t\t\t\t<span class=\"elementor-button-content-wrapper\">\n\t\t\t\t\t\t\t\t\t<span class=\"elementor-button-text\">Nous Contacter<\/span>\n\t\t\t\t\t<\/span>\n\t\t\t\t\t<\/a>\n\t\t\t\t<\/div>\n\t\t\t\t\t\t\t\t<\/div>\n\t\t\t\t<\/div>\n\t\t\t\t\t<\/div>\n\t\t<\/div>\n\t\t\t\t\t<\/div>\n\t\t<\/section>\n\t\t\t\t\t<\/div>\n\t\t<\/div>\n\t\t\t\t\t<\/div>\n\t\t<\/section>\n\t\t\t\t<\/div>\n\t\t","protected":false},"excerpt":{"rendered":"<p>Vous n&rsquo;\u00eates pas encore partenaire? Rejoignez-nous d\u00e8s Maintenant! S&rsquo; INSCRIRE Vous vous \u00eates inscrit et avez re\u00e7u les d\u00e9tails de votre signature? Connectez-vous ci-dessous S&rsquo;INSCRIRE Pour Toute Question ou Demande de Renseignements Vous pouvez nous appeler au :+234 (0) 703 305 6206 \/ +234 (0) 703 126 5665 Nous Contacter<\/p>\n","protected":false},"author":26,"featured_media":0,"parent":0,"menu_order":0,"comment_status":"closed","ping_status":"closed","template":"elementor_header_footer","meta":{"_vp_format_video_url":"","_vp_image_focal_point":[],"footnotes":""},"class_list":["post-563294","page","type-page","status-publish","hentry"],"yoast_head":"<!-- This site is optimized with the Yoast SEO plugin v27.5 - https:\/\/yoast.com\/product\/yoast-seo-wordpress\/ -->\n<title>S&#039;inscrire - Emmanuel TV<\/title>\n<meta name=\"robots\" content=\"index, follow, max-snippet:-1, max-image-preview:large, max-video-preview:-1\" \/>\n<link rel=\"canonical\" href=\"https:\/\/emmanuel.tv\/fr\/sinscrire\/\" \/>\n<meta property=\"og:locale\" content=\"fr_FR\" \/>\n<meta property=\"og:type\" content=\"article\" \/>\n<meta property=\"og:title\" content=\"S&#039;inscrire - Emmanuel TV\" \/>\n<meta property=\"og:description\" content=\"Vous n&rsquo;\u00eates pas encore partenaire? Rejoignez-nous d\u00e8s Maintenant! S&rsquo; INSCRIRE Vous vous \u00eates inscrit et avez re\u00e7u les d\u00e9tails de votre signature? Connectez-vous ci-dessous S&rsquo;INSCRIRE Pour Toute Question ou Demande de Renseignements Vous pouvez nous appeler au :+234 (0) 703 305 6206 \/ +234 (0) 703 126 5665 Nous Contacter\" \/>\n<meta property=\"og:url\" content=\"https:\/\/emmanuel.tv\/fr\/sinscrire\/\" \/>\n<meta property=\"og:site_name\" content=\"Emmanuel TV\" \/>\n<meta property=\"article:publisher\" content=\"https:\/\/facebook.com\/tbjministries\" \/>\n<meta property=\"article:modified_time\" content=\"2024-08-20T13:45:32+00:00\" \/>\n<meta property=\"og:image\" content=\"https:\/\/i0.wp.com\/emmanuel.tv\/wp-content\/uploads\/2019\/03\/emmTVPartnerLogo.png?fit=800%2C74&amp;ssl=1\" \/>\n<meta name=\"twitter:card\" content=\"summary_large_image\" \/>\n<meta name=\"twitter:site\" content=\"@SCOANTBJoshua\" \/>\n<script type=\"application\/ld+json\" class=\"yoast-schema-graph\">{\"@context\":\"https:\\\/\\\/schema.org\",\"@graph\":[{\"@type\":\"WebPage\",\"@id\":\"https:\\\/\\\/emmanuel.tv\\\/fr\\\/sinscrire\\\/\",\"url\":\"https:\\\/\\\/emmanuel.tv\\\/fr\\\/sinscrire\\\/\",\"name\":\"S'inscrire - Emmanuel TV\",\"isPartOf\":{\"@id\":\"https:\\\/\\\/emmanuel.tv\\\/fr\\\/#website\"},\"primaryImageOfPage\":{\"@id\":\"https:\\\/\\\/emmanuel.tv\\\/fr\\\/sinscrire\\\/#primaryimage\"},\"image\":{\"@id\":\"https:\\\/\\\/emmanuel.tv\\\/fr\\\/sinscrire\\\/#primaryimage\"},\"thumbnailUrl\":\"https:\\\/\\\/i0.wp.com\\\/emmanuel.tv\\\/wp-content\\\/uploads\\\/2019\\\/03\\\/emmTVPartnerLogo.png?fit=800%2C74&amp;ssl=1\",\"datePublished\":\"2024-04-26T18:11:24+00:00\",\"dateModified\":\"2024-08-20T13:45:32+00:00\",\"breadcrumb\":{\"@id\":\"https:\\\/\\\/emmanuel.tv\\\/fr\\\/sinscrire\\\/#breadcrumb\"},\"inLanguage\":\"fr-FR\",\"potentialAction\":[{\"@type\":\"ReadAction\",\"target\":[\"https:\\\/\\\/emmanuel.tv\\\/fr\\\/sinscrire\\\/\"]}]},{\"@type\":\"ImageObject\",\"inLanguage\":\"fr-FR\",\"@id\":\"https:\\\/\\\/emmanuel.tv\\\/fr\\\/sinscrire\\\/#primaryimage\",\"url\":\"https:\\\/\\\/i0.wp.com\\\/emmanuel.tv\\\/wp-content\\\/uploads\\\/2019\\\/03\\\/emmTVPartnerLogo.png?fit=800%2C74&amp;ssl=1\",\"contentUrl\":\"https:\\\/\\\/i0.wp.com\\\/emmanuel.tv\\\/wp-content\\\/uploads\\\/2019\\\/03\\\/emmTVPartnerLogo.png?fit=800%2C74&amp;ssl=1\"},{\"@type\":\"BreadcrumbList\",\"@id\":\"https:\\\/\\\/emmanuel.tv\\\/fr\\\/sinscrire\\\/#breadcrumb\",\"itemListElement\":[{\"@type\":\"ListItem\",\"position\":1,\"name\":\"Home\",\"item\":\"https:\\\/\\\/emmanuel.tv\\\/fr\\\/accueil\\\/\"},{\"@type\":\"ListItem\",\"position\":2,\"name\":\"S&#8217;inscrire\"}]},{\"@type\":\"WebSite\",\"@id\":\"https:\\\/\\\/emmanuel.tv\\\/fr\\\/#website\",\"url\":\"https:\\\/\\\/emmanuel.tv\\\/fr\\\/\",\"name\":\"Emmanuel TV\",\"description\":\"&quot;Changing Lives, Changing Nations, Changing the World!&quot; | Founded by T.B. Joshua\",\"publisher\":{\"@id\":\"https:\\\/\\\/emmanuel.tv\\\/fr\\\/#organization\"},\"potentialAction\":[{\"@type\":\"SearchAction\",\"target\":{\"@type\":\"EntryPoint\",\"urlTemplate\":\"https:\\\/\\\/emmanuel.tv\\\/fr\\\/?s={search_term_string}\"},\"query-input\":{\"@type\":\"PropertyValueSpecification\",\"valueRequired\":true,\"valueName\":\"search_term_string\"}}],\"inLanguage\":\"fr-FR\"},{\"@type\":\"Organization\",\"@id\":\"https:\\\/\\\/emmanuel.tv\\\/fr\\\/#organization\",\"name\":\"Emmanuel TV\",\"url\":\"https:\\\/\\\/emmanuel.tv\\\/fr\\\/\",\"logo\":{\"@type\":\"ImageObject\",\"inLanguage\":\"fr-FR\",\"@id\":\"https:\\\/\\\/emmanuel.tv\\\/fr\\\/#\\\/schema\\\/logo\\\/image\\\/\",\"url\":\"https:\\\/\\\/i0.wp.com\\\/emmanuel.tv\\\/wp-content\\\/uploads\\\/2018\\\/10\\\/Emmanuel.TV_FINAL_C-copy.png?fit=185%2C31&ssl=1\",\"contentUrl\":\"https:\\\/\\\/i0.wp.com\\\/emmanuel.tv\\\/wp-content\\\/uploads\\\/2018\\\/10\\\/Emmanuel.TV_FINAL_C-copy.png?fit=185%2C31&ssl=1\",\"width\":185,\"height\":31,\"caption\":\"Emmanuel TV\"},\"image\":{\"@id\":\"https:\\\/\\\/emmanuel.tv\\\/fr\\\/#\\\/schema\\\/logo\\\/image\\\/\"},\"sameAs\":[\"https:\\\/\\\/facebook.com\\\/tbjministries\",\"https:\\\/\\\/x.com\\\/SCOANTBJoshua\",\"https:\\\/\\\/instagram.com\\\/tbjoshua\"]}]}<\/script>\n<!-- \/ Yoast SEO plugin. -->","yoast_head_json":{"title":"S'inscrire - Emmanuel TV","robots":{"index":"index","follow":"follow","max-snippet":"max-snippet:-1","max-image-preview":"max-image-preview:large","max-video-preview":"max-video-preview:-1"},"canonical":"https:\/\/emmanuel.tv\/fr\/sinscrire\/","og_locale":"fr_FR","og_type":"article","og_title":"S'inscrire - Emmanuel TV","og_description":"Vous n&rsquo;\u00eates pas encore partenaire? Rejoignez-nous d\u00e8s Maintenant! S&rsquo; INSCRIRE Vous vous \u00eates inscrit et avez re\u00e7u les d\u00e9tails de votre signature? Connectez-vous ci-dessous S&rsquo;INSCRIRE Pour Toute Question ou Demande de Renseignements Vous pouvez nous appeler au :+234 (0) 703 305 6206 \/ +234 (0) 703 126 5665 Nous Contacter","og_url":"https:\/\/emmanuel.tv\/fr\/sinscrire\/","og_site_name":"Emmanuel TV","article_publisher":"https:\/\/facebook.com\/tbjministries","article_modified_time":"2024-08-20T13:45:32+00:00","og_image":[{"url":"https:\/\/i0.wp.com\/emmanuel.tv\/wp-content\/uploads\/2019\/03\/emmTVPartnerLogo.png?fit=800%2C74&amp;ssl=1","type":"","width":"","height":""}],"twitter_card":"summary_large_image","twitter_site":"@SCOANTBJoshua","schema":{"@context":"https:\/\/schema.org","@graph":[{"@type":"WebPage","@id":"https:\/\/emmanuel.tv\/fr\/sinscrire\/","url":"https:\/\/emmanuel.tv\/fr\/sinscrire\/","name":"S'inscrire - Emmanuel TV","isPartOf":{"@id":"https:\/\/emmanuel.tv\/fr\/#website"},"primaryImageOfPage":{"@id":"https:\/\/emmanuel.tv\/fr\/sinscrire\/#primaryimage"},"image":{"@id":"https:\/\/emmanuel.tv\/fr\/sinscrire\/#primaryimage"},"thumbnailUrl":"https:\/\/i0.wp.com\/emmanuel.tv\/wp-content\/uploads\/2019\/03\/emmTVPartnerLogo.png?fit=800%2C74&amp;ssl=1","datePublished":"2024-04-26T18:11:24+00:00","dateModified":"2024-08-20T13:45:32+00:00","breadcrumb":{"@id":"https:\/\/emmanuel.tv\/fr\/sinscrire\/#breadcrumb"},"inLanguage":"fr-FR","potentialAction":[{"@type":"ReadAction","target":["https:\/\/emmanuel.tv\/fr\/sinscrire\/"]}]},{"@type":"ImageObject","inLanguage":"fr-FR","@id":"https:\/\/emmanuel.tv\/fr\/sinscrire\/#primaryimage","url":"https:\/\/i0.wp.com\/emmanuel.tv\/wp-content\/uploads\/2019\/03\/emmTVPartnerLogo.png?fit=800%2C74&amp;ssl=1","contentUrl":"https:\/\/i0.wp.com\/emmanuel.tv\/wp-content\/uploads\/2019\/03\/emmTVPartnerLogo.png?fit=800%2C74&amp;ssl=1"},{"@type":"BreadcrumbList","@id":"https:\/\/emmanuel.tv\/fr\/sinscrire\/#breadcrumb","itemListElement":[{"@type":"ListItem","position":1,"name":"Home","item":"https:\/\/emmanuel.tv\/fr\/accueil\/"},{"@type":"ListItem","position":2,"name":"S&#8217;inscrire"}]},{"@type":"WebSite","@id":"https:\/\/emmanuel.tv\/fr\/#website","url":"https:\/\/emmanuel.tv\/fr\/","name":"Emmanuel TV","description":"&quot;Changing Lives, Changing Nations, Changing the World!&quot; | Founded by T.B. Joshua","publisher":{"@id":"https:\/\/emmanuel.tv\/fr\/#organization"},"potentialAction":[{"@type":"SearchAction","target":{"@type":"EntryPoint","urlTemplate":"https:\/\/emmanuel.tv\/fr\/?s={search_term_string}"},"query-input":{"@type":"PropertyValueSpecification","valueRequired":true,"valueName":"search_term_string"}}],"inLanguage":"fr-FR"},{"@type":"Organization","@id":"https:\/\/emmanuel.tv\/fr\/#organization","name":"Emmanuel TV","url":"https:\/\/emmanuel.tv\/fr\/","logo":{"@type":"ImageObject","inLanguage":"fr-FR","@id":"https:\/\/emmanuel.tv\/fr\/#\/schema\/logo\/image\/","url":"https:\/\/i0.wp.com\/emmanuel.tv\/wp-content\/uploads\/2018\/10\/Emmanuel.TV_FINAL_C-copy.png?fit=185%2C31&ssl=1","contentUrl":"https:\/\/i0.wp.com\/emmanuel.tv\/wp-content\/uploads\/2018\/10\/Emmanuel.TV_FINAL_C-copy.png?fit=185%2C31&ssl=1","width":185,"height":31,"caption":"Emmanuel TV"},"image":{"@id":"https:\/\/emmanuel.tv\/fr\/#\/schema\/logo\/image\/"},"sameAs":["https:\/\/facebook.com\/tbjministries","https:\/\/x.com\/SCOANTBJoshua","https:\/\/instagram.com\/tbjoshua"]}]}},"_links":{"self":[{"href":"https:\/\/emmanuel.tv\/fr\/wp-json\/wp\/v2\/pages\/563294","targetHints":{"allow":["GET"]}}],"collection":[{"href":"https:\/\/emmanuel.tv\/fr\/wp-json\/wp\/v2\/pages"}],"about":[{"href":"https:\/\/emmanuel.tv\/fr\/wp-json\/wp\/v2\/types\/page"}],"author":[{"embeddable":true,"href":"https:\/\/emmanuel.tv\/fr\/wp-json\/wp\/v2\/users\/26"}],"replies":[{"embeddable":true,"href":"https:\/\/emmanuel.tv\/fr\/wp-json\/wp\/v2\/comments?post=563294"}],"version-history":[{"count":1,"href":"https:\/\/emmanuel.tv\/fr\/wp-json\/wp\/v2\/pages\/563294\/revisions"}],"predecessor-version":[{"id":563295,"href":"https:\/\/emmanuel.tv\/fr\/wp-json\/wp\/v2\/pages\/563294\/revisions\/563295"}],"wp:attachment":[{"href":"https:\/\/emmanuel.tv\/fr\/wp-json\/wp\/v2\/media?parent=563294"}],"curies":[{"name":"wp","href":"https:\/\/api.w.org\/{rel}","templated":true}]}}