{"id":563012,"date":"2024-05-17T01:20:55","date_gmt":"2024-05-17T01:20:55","guid":{"rendered":"https:\/\/emmanuel.tv\/presse-demmanuel-tv\/"},"modified":"2024-07-25T17:27:13","modified_gmt":"2024-07-25T17:27:13","slug":"presse-demmanuel-tv","status":"publish","type":"page","link":"https:\/\/emmanuel.tv\/fr\/presse-demmanuel-tv\/","title":{"rendered":"PRESSE D&rsquo;EMMANUEL TV"},"content":{"rendered":"\t\t<div data-elementor-type=\"wp-page\" data-elementor-id=\"563012\" class=\"elementor elementor-563012 elementor-559765\" data-elementor-post-type=\"page\">\n\t\t\t\t\t\t<section class=\"elementor-section elementor-top-section elementor-element elementor-element-3715555 elementor-section-height-min-height elementor-section-stretched elementor-section-boxed elementor-section-height-default elementor-section-items-middle\" data-id=\"3715555\" data-element_type=\"section\" data-e-type=\"section\" data-settings=\"{&quot;stretch_section&quot;:&quot;section-stretched&quot;,&quot;background_background&quot;:&quot;classic&quot;}\">\n\t\t\t\t\t\t<div class=\"elementor-container elementor-column-gap-default\">\n\t\t\t\t\t<div class=\"elementor-column elementor-col-100 elementor-top-column elementor-element elementor-element-37d53e6\" data-id=\"37d53e6\" data-element_type=\"column\" data-e-type=\"column\">\n\t\t\t<div class=\"elementor-widget-wrap\">\n\t\t\t\t\t\t\t<\/div>\n\t\t<\/div>\n\t\t\t\t\t<\/div>\n\t\t<\/section>\n\t\t\t\t<section class=\"elementor-section elementor-top-section elementor-element elementor-element-3c8e9ca elementor-section-stretched elementor-section-boxed elementor-section-height-default elementor-section-height-default\" data-id=\"3c8e9ca\" data-element_type=\"section\" data-e-type=\"section\" data-settings=\"{&quot;stretch_section&quot;:&quot;section-stretched&quot;,&quot;background_background&quot;:&quot;classic&quot;}\">\n\t\t\t\t\t\t<div class=\"elementor-container elementor-column-gap-default\">\n\t\t\t\t\t<div class=\"elementor-column elementor-col-100 elementor-top-column elementor-element elementor-element-ee62919\" data-id=\"ee62919\" data-element_type=\"column\" data-e-type=\"column\">\n\t\t\t<div class=\"elementor-widget-wrap elementor-element-populated\">\n\t\t\t\t\t\t<div class=\"elementor-element elementor-element-b54af4b elementor-widget elementor-widget-text-editor\" data-id=\"b54af4b\" data-element_type=\"widget\" data-e-type=\"widget\" data-widget_type=\"text-editor.default\">\n\t\t\t\t<div class=\"elementor-widget-container\">\n\t\t\t\t\t\t\t\t\t<p>Bienvenue sur le site de Presse d&rsquo;Emmanuel TV . Vous trouverez ici des informations exclusives et actuelles concernant <a href=\"https:\/\/www.scoan.org\/\">la SCOAN<\/a> et <a href=\"https:\/\/www.emmanuel.tv\/\">Emmanuel TV<\/a>. <\/p>\n\t\t\t\t\t\t\t\t<\/div>\n\t\t\t\t<\/div>\n\t\t\t\t<div class=\"elementor-element elementor-element-67c7dc8 elementor-widget elementor-widget-heading\" data-id=\"67c7dc8\" data-element_type=\"widget\" data-e-type=\"widget\" data-widget_type=\"heading.default\">\n\t\t\t\t<div class=\"elementor-widget-container\">\n\t\t\t\t\t<div class=\"elementor-heading-title elementor-size-default\">Derniers Articles<\/div>\t\t\t\t<\/div>\n\t\t\t\t<\/div>\n\t\t\t\t\t<\/div>\n\t\t<\/div>\n\t\t\t\t\t<\/div>\n\t\t<\/section>\n\t\t\t\t<section class=\"elementor-section elementor-top-section elementor-element elementor-element-76ebf0f elementor-section-stretched elementor-section-boxed elementor-section-height-default elementor-section-height-default\" data-id=\"76ebf0f\" data-element_type=\"section\" data-e-type=\"section\" data-settings=\"{&quot;stretch_section&quot;:&quot;section-stretched&quot;,&quot;background_background&quot;:&quot;classic&quot;}\">\n\t\t\t\t\t\t<div class=\"elementor-container elementor-column-gap-default\">\n\t\t\t\t\t<div class=\"elementor-column elementor-col-100 elementor-top-column elementor-element elementor-element-0ecd5b7\" data-id=\"0ecd5b7\" data-element_type=\"column\" data-e-type=\"column\">\n\t\t\t<div class=\"elementor-widget-wrap elementor-element-populated\">\n\t\t\t\t\t\t<section class=\"elementor-section elementor-inner-section elementor-element elementor-element-eead87a elementor-section-boxed elementor-section-height-default elementor-section-height-default\" data-id=\"eead87a\" data-element_type=\"section\" data-e-type=\"section\">\n\t\t\t\t\t\t<div class=\"elementor-container elementor-column-gap-default\">\n\t\t\t\t\t<div class=\"elementor-column elementor-col-100 elementor-inner-column elementor-element elementor-element-2520ddf\" data-id=\"2520ddf\" data-element_type=\"column\" data-e-type=\"column\" data-settings=\"{&quot;background_background&quot;:&quot;classic&quot;}\">\n\t\t\t<div class=\"elementor-widget-wrap elementor-element-populated\">\n\t\t\t\t\t\t<div class=\"elementor-element elementor-element-fa0cb4d elementor-widget elementor-widget-heading\" data-id=\"fa0cb4d\" data-element_type=\"widget\" data-e-type=\"widget\" data-widget_type=\"heading.default\">\n\t\t\t\t<div class=\"elementor-widget-container\">\n\t\t\t\t\t<h2 class=\"elementor-heading-title elementor-size-default\">FAQ<\/h2>\t\t\t\t<\/div>\n\t\t\t\t<\/div>\n\t\t\t\t<div class=\"elementor-element elementor-element-3c77d77 elementor-widget elementor-widget-toggle\" data-id=\"3c77d77\" data-element_type=\"widget\" data-e-type=\"widget\" data-widget_type=\"toggle.default\">\n\t\t\t\t<div class=\"elementor-widget-container\">\n\t\t\t\t\t\t\t<div class=\"elementor-toggle\">\n\t\t\t\t\t\t\t<div class=\"elementor-toggle-item\">\n\t\t\t\t\t<div id=\"elementor-tab-title-6341\" class=\"elementor-tab-title\" data-tab=\"1\" role=\"button\" aria-controls=\"elementor-tab-content-6341\" aria-expanded=\"false\">\n\t\t\t\t\t\t\t\t\t\t\t\t<span class=\"elementor-toggle-icon elementor-toggle-icon-left\" aria-hidden=\"true\">\n\t\t\t\t\t\t\t\t\t\t\t\t\t\t\t<span class=\"elementor-toggle-icon-closed\"><i class=\"fas fa-caret-right\"><\/i><\/span>\n\t\t\t\t\t\t\t\t<span class=\"elementor-toggle-icon-opened\"><i class=\"elementor-toggle-icon-opened fas fa-caret-up\"><\/i><\/span>\n\t\t\t\t\t\t\t\t\t\t\t\t\t<\/span>\n\t\t\t\t\t\t\t\t\t\t\t\t<a class=\"elementor-toggle-title\" tabindex=\"0\">Quels sont les r\u00e9seaux sociaux officiels du Proph\u00e8te T.B. Joshua, de la SCOAN et d' Emmanuel TV ? <\/a>\n\t\t\t\t\t<\/div>\n\n\t\t\t\t\t<div id=\"elementor-tab-content-6341\" class=\"elementor-tab-content elementor-clearfix\" data-tab=\"1\" role=\"region\" aria-labelledby=\"elementor-tab-title-6341\"><p><img decoding=\"async\" class=\"emoji\" role=\"img\" draggable=\"false\" src=\"https:\/\/s.w.org\/images\/core\/emoji\/15.0.3\/svg\/27a1.svg\" alt=\"\u27a1\">\ufe0f Facebook &#8211; <a href=\"https:\/\/www.facebook.com\/tbjministries\">https:\/\/www.facebook.com\/tbjministriesfr<\/a> <\/p>\n<p><img decoding=\"async\" class=\"emoji\" role=\"img\" draggable=\"false\" src=\"https:\/\/s.w.org\/images\/core\/emoji\/15.0.3\/svg\/27a1.svg\" alt=\"\u27a1\ufe0f\"> Instagram &#8211; <a href=\"https:\/\/www.instagram.com\/tbjoshua\">https:\/\/www.instagram.com\/tbjoshua_fr<\/a> <\/p>\n<p><img decoding=\"async\" class=\"emoji\" role=\"img\" draggable=\"false\" src=\"https:\/\/s.w.org\/images\/core\/emoji\/15.0.3\/svg\/27a1.svg\" alt=\"\u27a1\ufe0f\"> Twitter &#8211; <a href=\"https:\/\/www.twitter.com\/scoantbjoshua\">https:\/\/www.twitter.com\/scoantbjoshua_FR<\/a> <\/p>\n<p><img decoding=\"async\" class=\"emoji\" role=\"img\" draggable=\"false\" src=\"https:\/\/s.w.org\/images\/core\/emoji\/15.0.3\/svg\/27a1.svg\" alt=\"\u27a1\ufe0f\"> On Demand: <a href=\"https:\/\/stream.emmanuel.tv\/main\">https:\/\/stream.emmanuel.tv<\/a><\/p>\n<p><img decoding=\"async\" class=\"emoji\" role=\"img\" draggable=\"false\" src=\"https:\/\/s.w.org\/images\/core\/emoji\/15.0.3\/svg\/27a1.svg\" alt=\"\u27a1\ufe0f\"> TikTok &#8211; <a href=\"https:\/\/www.tiktok.com\/@tbjoshuaofficial\">https:\/\/www.tiktok.com\/@tbjoshuaofficial <\/a> <\/p>\n<p><img decoding=\"async\" class=\"emoji\" role=\"img\" draggable=\"false\" src=\"https:\/\/s.w.org\/images\/core\/emoji\/15.0.3\/svg\/27a1.svg\" alt=\"\u27a1\ufe0f\"> Daily Motion &#8211; <a href=\"https:\/\/www.dailymotion.com\/tbjoshua\">https:\/\/www.dailymotion.com\/tbjoshua<\/a><\/p>\n<p><img decoding=\"async\" class=\"emoji\" role=\"img\" draggable=\"false\" src=\"https:\/\/s.w.org\/images\/core\/emoji\/15.0.3\/svg\/27a1.svg\" alt=\"\u27a1\ufe0f\"> Rumble &#8211; <a href=\"https:\/\/rumble.com\/c\/c-796047\">https:\/\/rumble.com\/c\/c-796047<\/a> <\/p>\n<\/div>\n\t\t\t\t<\/div>\n\t\t\t\t\t\t\t<div class=\"elementor-toggle-item\">\n\t\t\t\t\t<div id=\"elementor-tab-title-6342\" class=\"elementor-tab-title\" data-tab=\"2\" role=\"button\" aria-controls=\"elementor-tab-content-6342\" aria-expanded=\"false\">\n\t\t\t\t\t\t\t\t\t\t\t\t<span class=\"elementor-toggle-icon elementor-toggle-icon-left\" aria-hidden=\"true\">\n\t\t\t\t\t\t\t\t\t\t\t\t\t\t\t<span class=\"elementor-toggle-icon-closed\"><i class=\"fas fa-caret-right\"><\/i><\/span>\n\t\t\t\t\t\t\t\t<span class=\"elementor-toggle-icon-opened\"><i class=\"elementor-toggle-icon-opened fas fa-caret-up\"><\/i><\/span>\n\t\t\t\t\t\t\t\t\t\t\t\t\t<\/span>\n\t\t\t\t\t\t\t\t\t\t\t\t<a class=\"elementor-toggle-title\" tabindex=\"0\">Pouvez-vous m'en dire plus sur le Proph\u00e8te T.B. Joshua ?<\/a>\n\t\t\t\t\t<\/div>\n\n\t\t\t\t\t<div id=\"elementor-tab-content-6342\" class=\"elementor-tab-content elementor-clearfix\" data-tab=\"2\" role=\"region\" aria-labelledby=\"elementor-tab-title-6342\"><p>Le Proph\u00e8te T.B. Joshua est le fondateur et le dirigeant de la Synagogue, \u00c9glise de Toutes les Nations (La SCOAN), qui a \u00e9t\u00e9 d\u00e9crite comme la plus grande attraction touristique du Nigeria et la destination la plus visit\u00e9e par les touristes religieux en Afrique de l&rsquo;Ouest. Les chiffres publi\u00e9s par le Service d&rsquo;Immigration Nig\u00e9rian indiquent que 6 voyageurs \u00e9trangers sur 10 sont venus au Nigeria pour voir T.B. Joshua. <\/p>\n<p>Pour plus d&rsquo;informations, visitez le site du P<a href=\"http:\/\/www.scoan.org\/tb-joshua\">roph\u00e8te TB Joshua<\/a><\/p>\n<\/div>\n\t\t\t\t<\/div>\n\t\t\t\t\t\t\t<div class=\"elementor-toggle-item\">\n\t\t\t\t\t<div id=\"elementor-tab-title-6343\" class=\"elementor-tab-title\" data-tab=\"3\" role=\"button\" aria-controls=\"elementor-tab-content-6343\" aria-expanded=\"false\">\n\t\t\t\t\t\t\t\t\t\t\t\t<span class=\"elementor-toggle-icon elementor-toggle-icon-left\" aria-hidden=\"true\">\n\t\t\t\t\t\t\t\t\t\t\t\t\t\t\t<span class=\"elementor-toggle-icon-closed\"><i class=\"fas fa-caret-right\"><\/i><\/span>\n\t\t\t\t\t\t\t\t<span class=\"elementor-toggle-icon-opened\"><i class=\"elementor-toggle-icon-opened fas fa-caret-up\"><\/i><\/span>\n\t\t\t\t\t\t\t\t\t\t\t\t\t<\/span>\n\t\t\t\t\t\t\t\t\t\t\t\t<a class=\"elementor-toggle-title\" tabindex=\"0\">Nos programmes sont-ils ouverts au public ?<\/a>\n\t\t\t\t\t<\/div>\n\n\t\t\t\t\t<div id=\"elementor-tab-content-6343\" class=\"elementor-tab-content elementor-clearfix\" data-tab=\"3\" role=\"region\" aria-labelledby=\"elementor-tab-title-6343\"><p>Les \u00e9v\u00e9nements sp\u00e9cifiques de la semaine qui seront ouverts au public seront communiqu\u00e9es en temps utile.<\/p>\n<\/div>\n\t\t\t\t<\/div>\n\t\t\t\t\t\t\t\t<\/div>\n\t\t\t\t\t\t<\/div>\n\t\t\t\t<\/div>\n\t\t\t\t\t<\/div>\n\t\t<\/div>\n\t\t\t\t\t<\/div>\n\t\t<\/section>\n\t\t\t\t\t<\/div>\n\t\t<\/div>\n\t\t\t\t\t<\/div>\n\t\t<\/section>\n\t\t\t\t<\/div>\n\t\t","protected":false},"excerpt":{"rendered":"<p>Bienvenue sur le site de Presse d&rsquo;Emmanuel TV . Vous trouverez ici des informations exclusives et actuelles concernant la SCOAN et Emmanuel TV. Derniers Articles FAQ Quels sont les r\u00e9seaux sociaux officiels du Proph\u00e8te T.B. Joshua, de la SCOAN et d&rsquo; Emmanuel TV ? \ufe0f Facebook &#8211; https:\/\/www.facebook.com\/tbjministriesfr Instagram &#8211; https:\/\/www.instagram.com\/tbjoshua_fr Twitter &#8211; https:\/\/www.twitter.com\/scoantbjoshua_FR On [&hellip;]<\/p>\n","protected":false},"author":28,"featured_media":0,"parent":0,"menu_order":0,"comment_status":"closed","ping_status":"closed","template":"","meta":{"_vp_format_video_url":"","_vp_image_focal_point":[],"footnotes":""},"class_list":["post-563012","page","type-page","status-publish","hentry"],"yoast_head":"<!-- This site is optimized with the Yoast SEO plugin v27.4 - https:\/\/yoast.com\/product\/yoast-seo-wordpress\/ -->\n<title>PRESSE D&#039;EMMANUEL TV - Emmanuel TV<\/title>\n<meta name=\"robots\" content=\"index, follow, max-snippet:-1, max-image-preview:large, max-video-preview:-1\" \/>\n<link rel=\"canonical\" href=\"https:\/\/emmanuel.tv\/fr\/presse-demmanuel-tv\/\" \/>\n<meta property=\"og:locale\" content=\"fr_FR\" \/>\n<meta property=\"og:type\" content=\"article\" \/>\n<meta property=\"og:title\" content=\"PRESSE D&#039;EMMANUEL TV - Emmanuel TV\" \/>\n<meta property=\"og:description\" content=\"Bienvenue sur le site de Presse d&rsquo;Emmanuel TV . Vous trouverez ici des informations exclusives et actuelles concernant la SCOAN et Emmanuel TV. Derniers Articles FAQ Quels sont les r\u00e9seaux sociaux officiels du Proph\u00e8te T.B. Joshua, de la SCOAN et d&rsquo; Emmanuel TV ? \ufe0f Facebook &#8211; https:\/\/www.facebook.com\/tbjministriesfr Instagram &#8211; https:\/\/www.instagram.com\/tbjoshua_fr Twitter &#8211; https:\/\/www.twitter.com\/scoantbjoshua_FR On [&hellip;]\" \/>\n<meta property=\"og:url\" content=\"https:\/\/emmanuel.tv\/fr\/presse-demmanuel-tv\/\" \/>\n<meta property=\"og:site_name\" content=\"Emmanuel TV\" \/>\n<meta property=\"article:publisher\" content=\"https:\/\/facebook.com\/tbjministries\" \/>\n<meta property=\"article:modified_time\" content=\"2024-07-25T17:27:13+00:00\" \/>\n<meta property=\"og:image\" content=\"https:\/\/s.w.org\/images\/core\/emoji\/15.0.3\/svg\/27a1.svg\" \/>\n<meta name=\"twitter:card\" content=\"summary_large_image\" \/>\n<meta name=\"twitter:site\" content=\"@SCOANTBJoshua\" \/>\n<meta name=\"twitter:label1\" content=\"Dur\u00e9e de lecture estim\u00e9e\" \/>\n\t<meta name=\"twitter:data1\" content=\"1 minute\" \/>\n<script type=\"application\/ld+json\" class=\"yoast-schema-graph\">{\"@context\":\"https:\\\/\\\/schema.org\",\"@graph\":[{\"@type\":\"WebPage\",\"@id\":\"https:\\\/\\\/emmanuel.tv\\\/fr\\\/presse-demmanuel-tv\\\/\",\"url\":\"https:\\\/\\\/emmanuel.tv\\\/fr\\\/presse-demmanuel-tv\\\/\",\"name\":\"PRESSE D'EMMANUEL TV - Emmanuel TV\",\"isPartOf\":{\"@id\":\"https:\\\/\\\/emmanuel.tv\\\/fr\\\/#website\"},\"primaryImageOfPage\":{\"@id\":\"https:\\\/\\\/emmanuel.tv\\\/fr\\\/presse-demmanuel-tv\\\/#primaryimage\"},\"image\":{\"@id\":\"https:\\\/\\\/emmanuel.tv\\\/fr\\\/presse-demmanuel-tv\\\/#primaryimage\"},\"thumbnailUrl\":\"https:\\\/\\\/s.w.org\\\/images\\\/core\\\/emoji\\\/15.0.3\\\/svg\\\/27a1.svg\",\"datePublished\":\"2024-05-17T01:20:55+00:00\",\"dateModified\":\"2024-07-25T17:27:13+00:00\",\"breadcrumb\":{\"@id\":\"https:\\\/\\\/emmanuel.tv\\\/fr\\\/presse-demmanuel-tv\\\/#breadcrumb\"},\"inLanguage\":\"fr-FR\",\"potentialAction\":[{\"@type\":\"ReadAction\",\"target\":[\"https:\\\/\\\/emmanuel.tv\\\/fr\\\/presse-demmanuel-tv\\\/\"]}]},{\"@type\":\"ImageObject\",\"inLanguage\":\"fr-FR\",\"@id\":\"https:\\\/\\\/emmanuel.tv\\\/fr\\\/presse-demmanuel-tv\\\/#primaryimage\",\"url\":\"https:\\\/\\\/s.w.org\\\/images\\\/core\\\/emoji\\\/15.0.3\\\/svg\\\/27a1.svg\",\"contentUrl\":\"https:\\\/\\\/s.w.org\\\/images\\\/core\\\/emoji\\\/15.0.3\\\/svg\\\/27a1.svg\"},{\"@type\":\"BreadcrumbList\",\"@id\":\"https:\\\/\\\/emmanuel.tv\\\/fr\\\/presse-demmanuel-tv\\\/#breadcrumb\",\"itemListElement\":[{\"@type\":\"ListItem\",\"position\":1,\"name\":\"Home\",\"item\":\"https:\\\/\\\/emmanuel.tv\\\/fr\\\/accueil\\\/\"},{\"@type\":\"ListItem\",\"position\":2,\"name\":\"PRESSE D&#8217;EMMANUEL TV\"}]},{\"@type\":\"WebSite\",\"@id\":\"https:\\\/\\\/emmanuel.tv\\\/fr\\\/#website\",\"url\":\"https:\\\/\\\/emmanuel.tv\\\/fr\\\/\",\"name\":\"Emmanuel TV\",\"description\":\"&quot;Changing Lives, Changing Nations, Changing the World!&quot; | Founded by T.B. Joshua\",\"publisher\":{\"@id\":\"https:\\\/\\\/emmanuel.tv\\\/fr\\\/#organization\"},\"potentialAction\":[{\"@type\":\"SearchAction\",\"target\":{\"@type\":\"EntryPoint\",\"urlTemplate\":\"https:\\\/\\\/emmanuel.tv\\\/fr\\\/?s={search_term_string}\"},\"query-input\":{\"@type\":\"PropertyValueSpecification\",\"valueRequired\":true,\"valueName\":\"search_term_string\"}}],\"inLanguage\":\"fr-FR\"},{\"@type\":\"Organization\",\"@id\":\"https:\\\/\\\/emmanuel.tv\\\/fr\\\/#organization\",\"name\":\"Emmanuel TV\",\"url\":\"https:\\\/\\\/emmanuel.tv\\\/fr\\\/\",\"logo\":{\"@type\":\"ImageObject\",\"inLanguage\":\"fr-FR\",\"@id\":\"https:\\\/\\\/emmanuel.tv\\\/fr\\\/#\\\/schema\\\/logo\\\/image\\\/\",\"url\":\"https:\\\/\\\/i0.wp.com\\\/emmanuel.tv\\\/wp-content\\\/uploads\\\/2018\\\/10\\\/Emmanuel.TV_FINAL_C-copy.png?fit=185%2C31&ssl=1\",\"contentUrl\":\"https:\\\/\\\/i0.wp.com\\\/emmanuel.tv\\\/wp-content\\\/uploads\\\/2018\\\/10\\\/Emmanuel.TV_FINAL_C-copy.png?fit=185%2C31&ssl=1\",\"width\":185,\"height\":31,\"caption\":\"Emmanuel TV\"},\"image\":{\"@id\":\"https:\\\/\\\/emmanuel.tv\\\/fr\\\/#\\\/schema\\\/logo\\\/image\\\/\"},\"sameAs\":[\"https:\\\/\\\/facebook.com\\\/tbjministries\",\"https:\\\/\\\/x.com\\\/SCOANTBJoshua\",\"https:\\\/\\\/instagram.com\\\/tbjoshua\"]}]}<\/script>\n<!-- \/ Yoast SEO plugin. -->","yoast_head_json":{"title":"PRESSE D'EMMANUEL TV - Emmanuel TV","robots":{"index":"index","follow":"follow","max-snippet":"max-snippet:-1","max-image-preview":"max-image-preview:large","max-video-preview":"max-video-preview:-1"},"canonical":"https:\/\/emmanuel.tv\/fr\/presse-demmanuel-tv\/","og_locale":"fr_FR","og_type":"article","og_title":"PRESSE D'EMMANUEL TV - Emmanuel TV","og_description":"Bienvenue sur le site de Presse d&rsquo;Emmanuel TV . Vous trouverez ici des informations exclusives et actuelles concernant la SCOAN et Emmanuel TV. Derniers Articles FAQ Quels sont les r\u00e9seaux sociaux officiels du Proph\u00e8te T.B. Joshua, de la SCOAN et d&rsquo; Emmanuel TV ? \ufe0f Facebook &#8211; https:\/\/www.facebook.com\/tbjministriesfr Instagram &#8211; https:\/\/www.instagram.com\/tbjoshua_fr Twitter &#8211; https:\/\/www.twitter.com\/scoantbjoshua_FR On [&hellip;]","og_url":"https:\/\/emmanuel.tv\/fr\/presse-demmanuel-tv\/","og_site_name":"Emmanuel TV","article_publisher":"https:\/\/facebook.com\/tbjministries","article_modified_time":"2024-07-25T17:27:13+00:00","og_image":[{"url":"https:\/\/s.w.org\/images\/core\/emoji\/15.0.3\/svg\/27a1.svg","type":"","width":"","height":""}],"twitter_card":"summary_large_image","twitter_site":"@SCOANTBJoshua","twitter_misc":{"Dur\u00e9e de lecture estim\u00e9e":"1 minute"},"schema":{"@context":"https:\/\/schema.org","@graph":[{"@type":"WebPage","@id":"https:\/\/emmanuel.tv\/fr\/presse-demmanuel-tv\/","url":"https:\/\/emmanuel.tv\/fr\/presse-demmanuel-tv\/","name":"PRESSE D'EMMANUEL TV - Emmanuel TV","isPartOf":{"@id":"https:\/\/emmanuel.tv\/fr\/#website"},"primaryImageOfPage":{"@id":"https:\/\/emmanuel.tv\/fr\/presse-demmanuel-tv\/#primaryimage"},"image":{"@id":"https:\/\/emmanuel.tv\/fr\/presse-demmanuel-tv\/#primaryimage"},"thumbnailUrl":"https:\/\/s.w.org\/images\/core\/emoji\/15.0.3\/svg\/27a1.svg","datePublished":"2024-05-17T01:20:55+00:00","dateModified":"2024-07-25T17:27:13+00:00","breadcrumb":{"@id":"https:\/\/emmanuel.tv\/fr\/presse-demmanuel-tv\/#breadcrumb"},"inLanguage":"fr-FR","potentialAction":[{"@type":"ReadAction","target":["https:\/\/emmanuel.tv\/fr\/presse-demmanuel-tv\/"]}]},{"@type":"ImageObject","inLanguage":"fr-FR","@id":"https:\/\/emmanuel.tv\/fr\/presse-demmanuel-tv\/#primaryimage","url":"https:\/\/s.w.org\/images\/core\/emoji\/15.0.3\/svg\/27a1.svg","contentUrl":"https:\/\/s.w.org\/images\/core\/emoji\/15.0.3\/svg\/27a1.svg"},{"@type":"BreadcrumbList","@id":"https:\/\/emmanuel.tv\/fr\/presse-demmanuel-tv\/#breadcrumb","itemListElement":[{"@type":"ListItem","position":1,"name":"Home","item":"https:\/\/emmanuel.tv\/fr\/accueil\/"},{"@type":"ListItem","position":2,"name":"PRESSE D&#8217;EMMANUEL TV"}]},{"@type":"WebSite","@id":"https:\/\/emmanuel.tv\/fr\/#website","url":"https:\/\/emmanuel.tv\/fr\/","name":"Emmanuel TV","description":"&quot;Changing Lives, Changing Nations, Changing the World!&quot; | Founded by T.B. Joshua","publisher":{"@id":"https:\/\/emmanuel.tv\/fr\/#organization"},"potentialAction":[{"@type":"SearchAction","target":{"@type":"EntryPoint","urlTemplate":"https:\/\/emmanuel.tv\/fr\/?s={search_term_string}"},"query-input":{"@type":"PropertyValueSpecification","valueRequired":true,"valueName":"search_term_string"}}],"inLanguage":"fr-FR"},{"@type":"Organization","@id":"https:\/\/emmanuel.tv\/fr\/#organization","name":"Emmanuel TV","url":"https:\/\/emmanuel.tv\/fr\/","logo":{"@type":"ImageObject","inLanguage":"fr-FR","@id":"https:\/\/emmanuel.tv\/fr\/#\/schema\/logo\/image\/","url":"https:\/\/i0.wp.com\/emmanuel.tv\/wp-content\/uploads\/2018\/10\/Emmanuel.TV_FINAL_C-copy.png?fit=185%2C31&ssl=1","contentUrl":"https:\/\/i0.wp.com\/emmanuel.tv\/wp-content\/uploads\/2018\/10\/Emmanuel.TV_FINAL_C-copy.png?fit=185%2C31&ssl=1","width":185,"height":31,"caption":"Emmanuel TV"},"image":{"@id":"https:\/\/emmanuel.tv\/fr\/#\/schema\/logo\/image\/"},"sameAs":["https:\/\/facebook.com\/tbjministries","https:\/\/x.com\/SCOANTBJoshua","https:\/\/instagram.com\/tbjoshua"]}]}},"_links":{"self":[{"href":"https:\/\/emmanuel.tv\/fr\/wp-json\/wp\/v2\/pages\/563012","targetHints":{"allow":["GET"]}}],"collection":[{"href":"https:\/\/emmanuel.tv\/fr\/wp-json\/wp\/v2\/pages"}],"about":[{"href":"https:\/\/emmanuel.tv\/fr\/wp-json\/wp\/v2\/types\/page"}],"author":[{"embeddable":true,"href":"https:\/\/emmanuel.tv\/fr\/wp-json\/wp\/v2\/users\/28"}],"replies":[{"embeddable":true,"href":"https:\/\/emmanuel.tv\/fr\/wp-json\/wp\/v2\/comments?post=563012"}],"version-history":[{"count":1,"href":"https:\/\/emmanuel.tv\/fr\/wp-json\/wp\/v2\/pages\/563012\/revisions"}],"predecessor-version":[{"id":563013,"href":"https:\/\/emmanuel.tv\/fr\/wp-json\/wp\/v2\/pages\/563012\/revisions\/563013"}],"wp:attachment":[{"href":"https:\/\/emmanuel.tv\/fr\/wp-json\/wp\/v2\/media?parent=563012"}],"curies":[{"name":"wp","href":"https:\/\/api.w.org\/{rel}","templated":true}]}}