{"id":562991,"date":"2024-01-29T18:19:28","date_gmt":"2024-01-29T18:19:28","guid":{"rendered":"https:\/\/emmanuel.tv\/descargar\/"},"modified":"2024-07-30T15:09:47","modified_gmt":"2024-07-30T15:09:47","slug":"descargar","status":"publish","type":"page","link":"https:\/\/emmanuel.tv\/es\/descargar\/","title":{"rendered":"Descargar"},"content":{"rendered":"\t\t<div data-elementor-type=\"wp-page\" data-elementor-id=\"562991\" class=\"elementor elementor-562991 elementor-552832\" data-elementor-post-type=\"page\">\n\t\t\t\t\t\t<section class=\"elementor-section elementor-top-section elementor-element elementor-element-5e950ed elementor-section-full_width elementor-section-height-min-height elementor-section-stretched elementor-section-height-default elementor-section-items-middle\" data-id=\"5e950ed\" data-element_type=\"section\" data-e-type=\"section\" data-settings=\"{&quot;stretch_section&quot;:&quot;section-stretched&quot;,&quot;background_background&quot;:&quot;gradient&quot;}\">\n\t\t\t\t\t\t\t<div class=\"elementor-background-overlay\"><\/div>\n\t\t\t\t\t\t\t<div class=\"elementor-container elementor-column-gap-default\">\n\t\t\t\t\t<div class=\"elementor-column elementor-col-100 elementor-top-column elementor-element elementor-element-cf25f1d\" data-id=\"cf25f1d\" data-element_type=\"column\" data-e-type=\"column\">\n\t\t\t<div class=\"elementor-widget-wrap elementor-element-populated\">\n\t\t\t\t\t\t<div class=\"elementor-element elementor-element-2126cd5 elementor-widget elementor-widget-heading\" data-id=\"2126cd5\" data-element_type=\"widget\" data-e-type=\"widget\" data-widget_type=\"heading.default\">\n\t\t\t\t<div class=\"elementor-widget-container\">\n\t\t\t\t\t<h3 class=\"elementor-heading-title elementor-size-default\">Descargar Emmanuel TV<\/h3>\t\t\t\t<\/div>\n\t\t\t\t<\/div>\n\t\t\t\t\t<\/div>\n\t\t<\/div>\n\t\t\t\t\t<\/div>\n\t\t<\/section>\n\t\t\t\t<section class=\"elementor-section elementor-top-section elementor-element elementor-element-16e295d elementor-section-full_width elementor-section-stretched elementor-section-height-default elementor-section-height-default\" data-id=\"16e295d\" data-element_type=\"section\" data-e-type=\"section\" data-settings=\"{&quot;stretch_section&quot;:&quot;section-stretched&quot;,&quot;background_background&quot;:&quot;classic&quot;}\">\n\t\t\t\t\t\t<div class=\"elementor-container elementor-column-gap-default\">\n\t\t\t\t\t<div class=\"elementor-column elementor-col-100 elementor-top-column elementor-element elementor-element-e66752f\" data-id=\"e66752f\" data-element_type=\"column\" data-e-type=\"column\">\n\t\t\t<div class=\"elementor-widget-wrap elementor-element-populated\">\n\t\t\t\t\t\t<section class=\"elementor-section elementor-inner-section elementor-element elementor-element-0eab919 elementor-section-boxed elementor-section-height-default elementor-section-height-default\" data-id=\"0eab919\" data-element_type=\"section\" data-e-type=\"section\">\n\t\t\t\t\t\t<div class=\"elementor-container elementor-column-gap-default\">\n\t\t\t\t\t<div class=\"elementor-column elementor-col-50 elementor-inner-column elementor-element elementor-element-fab423a\" data-id=\"fab423a\" data-element_type=\"column\" data-e-type=\"column\">\n\t\t\t<div class=\"elementor-widget-wrap elementor-element-populated\">\n\t\t\t\t\t\t<div class=\"elementor-element elementor-element-486d6b9 elementor-widget elementor-widget-image\" data-id=\"486d6b9\" data-element_type=\"widget\" data-e-type=\"widget\" data-widget_type=\"image.default\">\n\t\t\t\t<div class=\"elementor-widget-container\">\n\t\t\t\t\t\t\t\t\t\t\t\t\t\t\t\t<a href=\"https:\/\/apps.apple.com\/us\/app\/emmanuel-tv\/id736083500?platform=iphone\">\n\t\t\t\t\t\t\t<img fetchpriority=\"high\" decoding=\"async\" width=\"652\" height=\"177\" src=\"https:\/\/emmanuel.tv\/wp-content\/uploads\/2024\/01\/white_AppleAppStore_English.png\" class=\"attachment-large size-large wp-image-562996\" alt=\"\" srcset=\"https:\/\/emmanuel.tv\/wp-content\/uploads\/2024\/01\/white_AppleAppStore_English.png 652w, https:\/\/emmanuel.tv\/wp-content\/uploads\/2024\/01\/white_AppleAppStore_English-300x81.png 300w, https:\/\/emmanuel.tv\/wp-content\/uploads\/2024\/01\/white_AppleAppStore_English-320x87.png 320w, https:\/\/emmanuel.tv\/wp-content\/uploads\/2024\/01\/white_AppleAppStore_English-480x130.png 480w\" sizes=\"(max-width: 652px) 100vw, 652px\" \/>\t\t\t\t\t\t\t\t<\/a>\n\t\t\t\t\t\t\t\t\t\t\t\t\t\t\t<\/div>\n\t\t\t\t<\/div>\n\t\t\t\t<div class=\"elementor-element elementor-element-db4b976 elementor-widget elementor-widget-image\" data-id=\"db4b976\" data-element_type=\"widget\" data-e-type=\"widget\" data-widget_type=\"image.default\">\n\t\t\t\t<div class=\"elementor-widget-container\">\n\t\t\t\t\t\t\t\t\t\t\t\t\t\t\t\t<a href=\"https:\/\/www.amazon.com\/dp\/B0CQ7Q7FTV\/ref=apps_sf_sta\">\n\t\t\t\t\t\t\t<img decoding=\"async\" width=\"652\" height=\"177\" src=\"https:\/\/emmanuel.tv\/wp-content\/uploads\/2024\/01\/white_AmazonAppStore_English.png\" class=\"attachment-large size-large wp-image-562997\" alt=\"\" srcset=\"https:\/\/emmanuel.tv\/wp-content\/uploads\/2024\/01\/white_AmazonAppStore_English.png 652w, https:\/\/emmanuel.tv\/wp-content\/uploads\/2024\/01\/white_AmazonAppStore_English-300x81.png 300w, https:\/\/emmanuel.tv\/wp-content\/uploads\/2024\/01\/white_AmazonAppStore_English-320x87.png 320w, https:\/\/emmanuel.tv\/wp-content\/uploads\/2024\/01\/white_AmazonAppStore_English-480x130.png 480w\" sizes=\"(max-width: 652px) 100vw, 652px\" \/>\t\t\t\t\t\t\t\t<\/a>\n\t\t\t\t\t\t\t\t\t\t\t\t\t\t\t<\/div>\n\t\t\t\t<\/div>\n\t\t\t\t\t<\/div>\n\t\t<\/div>\n\t\t\t\t<div class=\"elementor-column elementor-col-50 elementor-inner-column elementor-element elementor-element-6f9ae7b\" data-id=\"6f9ae7b\" data-element_type=\"column\" data-e-type=\"column\">\n\t\t\t<div class=\"elementor-widget-wrap elementor-element-populated\">\n\t\t\t\t\t\t<div class=\"elementor-element elementor-element-a77dd6a elementor-widget elementor-widget-image\" data-id=\"a77dd6a\" data-element_type=\"widget\" data-e-type=\"widget\" data-widget_type=\"image.default\">\n\t\t\t\t<div class=\"elementor-widget-container\">\n\t\t\t\t\t\t\t\t\t\t\t\t\t\t\t\t<a href=\"https:\/\/galaxystore.samsung.com\/detail\/com.stream.emmanueltv?badge=etv&#038;hit_type=Desktop&#038;session_id=W_60619807d4a4c520d844b13f9fa07c72&#038;source=GBadge_01_7309866_etv\">\n\t\t\t\t\t\t\t<img decoding=\"async\" width=\"652\" height=\"177\" src=\"https:\/\/emmanuel.tv\/wp-content\/uploads\/2024\/01\/white_GalaxyStore_English-1.png\" class=\"attachment-large size-large wp-image-562998\" alt=\"\" srcset=\"https:\/\/emmanuel.tv\/wp-content\/uploads\/2024\/01\/white_GalaxyStore_English-1.png 652w, https:\/\/emmanuel.tv\/wp-content\/uploads\/2024\/01\/white_GalaxyStore_English-1-300x81.png 300w, https:\/\/emmanuel.tv\/wp-content\/uploads\/2024\/01\/white_GalaxyStore_English-1-320x87.png 320w, https:\/\/emmanuel.tv\/wp-content\/uploads\/2024\/01\/white_GalaxyStore_English-1-480x130.png 480w\" sizes=\"(max-width: 652px) 100vw, 652px\" \/>\t\t\t\t\t\t\t\t<\/a>\n\t\t\t\t\t\t\t\t\t\t\t\t\t\t\t<\/div>\n\t\t\t\t<\/div>\n\t\t\t\t<div class=\"elementor-element elementor-element-6e78d12 elementor-widget elementor-widget-heading\" data-id=\"6e78d12\" data-element_type=\"widget\" data-e-type=\"widget\" data-widget_type=\"heading.default\">\n\t\t\t\t<div class=\"elementor-widget-container\">\n\t\t\t\t\t<div class=\"elementor-heading-title elementor-size-default\">Todos los dem\u00e1s dispositivos Android<\/div>\t\t\t\t<\/div>\n\t\t\t\t<\/div>\n\t\t\t\t<div class=\"elementor-element elementor-element-63f20a7 elementor-align-center elementor-widget elementor-widget-button\" data-id=\"63f20a7\" data-element_type=\"widget\" data-e-type=\"widget\" data-widget_type=\"button.default\">\n\t\t\t\t<div class=\"elementor-widget-container\">\n\t\t\t\t\t\t\t\t\t<div class=\"elementor-button-wrapper\">\n\t\t\t\t\t<a class=\"elementor-button elementor-button-link elementor-size-sm\" href=\"https:\/\/emmanuel.tv\/wp-content\/uploads\/2024\/04\/Emmanuel-TV.apk\">\n\t\t\t\t\t\t<span class=\"elementor-button-content-wrapper\">\n\t\t\t\t\t\t<span class=\"elementor-button-icon\">\n\t\t\t\t<i aria-hidden=\"true\" class=\"fas fa-download\"><\/i>\t\t\t<\/span>\n\t\t\t\t\t\t\t\t\t<span class=\"elementor-button-text\">Haz clic aqu\u00ed para descargar<\/span>\n\t\t\t\t\t<\/span>\n\t\t\t\t\t<\/a>\n\t\t\t\t<\/div>\n\t\t\t\t\t\t\t\t<\/div>\n\t\t\t\t<\/div>\n\t\t\t\t\t<\/div>\n\t\t<\/div>\n\t\t\t\t\t<\/div>\n\t\t<\/section>\n\t\t\t\t<div class=\"elementor-element elementor-element-8437259 elementor-widget elementor-widget-text-editor\" data-id=\"8437259\" data-element_type=\"widget\" data-e-type=\"widget\" data-widget_type=\"text-editor.default\">\n\t\t\t\t<div class=\"elementor-widget-container\">\n\t\t\t\t\t\t\t\t\t<h3>Para m\u00e1s informaci\u00f3n <a href=\"https:\/\/web.archive.org\/web\/20240406014336\/https:\/\/emmanuel.tv\/tv-guide\/\">Click<\/a><\/h3>\n\t\t\t\t\t\t\t\t<\/div>\n\t\t\t\t<\/div>\n\t\t\t\t\t<\/div>\n\t\t<\/div>\n\t\t\t\t\t<\/div>\n\t\t<\/section>\n\t\t\t\t<\/div>\n\t\t","protected":false},"excerpt":{"rendered":"","protected":false},"author":28,"featured_media":0,"parent":0,"menu_order":0,"comment_status":"closed","ping_status":"closed","template":"elementor_header_footer","meta":{"_vp_format_video_url":"","_vp_image_focal_point":[],"footnotes":""},"class_list":["post-562991","page","type-page","status-publish","hentry"],"yoast_head":"<!-- This site is optimized with the Yoast SEO plugin v27.4 - https:\/\/yoast.com\/product\/yoast-seo-wordpress\/ -->\n<title>Descargar - Emmanuel TV<\/title>\n<meta name=\"description\" content=\"Esta es la p\u00e1gina para descargar la aplicaci\u00f3n m\u00f3vil de Emmanuel TV desde diferentes plataformas y dispositivos. Haz clic en el dispositivo de tu elecci\u00f3n.\" \/>\n<meta name=\"robots\" content=\"index, follow, max-snippet:-1, max-image-preview:large, max-video-preview:-1\" \/>\n<link rel=\"canonical\" href=\"https:\/\/emmanuel.tv\/es\/descargar\/\" \/>\n<meta property=\"og:locale\" content=\"es_ES\" \/>\n<meta property=\"og:type\" content=\"article\" \/>\n<meta property=\"og:title\" content=\"Descargar - Emmanuel TV\" \/>\n<meta property=\"og:description\" content=\"Esta es la p\u00e1gina para descargar la aplicaci\u00f3n m\u00f3vil de Emmanuel TV desde diferentes plataformas y dispositivos. Haz clic en el dispositivo de tu elecci\u00f3n.\" \/>\n<meta property=\"og:url\" content=\"https:\/\/emmanuel.tv\/es\/descargar\/\" \/>\n<meta property=\"og:site_name\" content=\"Emmanuel TV\" \/>\n<meta property=\"article:publisher\" content=\"https:\/\/facebook.com\/tbjministries\" \/>\n<meta property=\"article:modified_time\" content=\"2024-07-30T15:09:47+00:00\" \/>\n<meta name=\"twitter:card\" content=\"summary_large_image\" \/>\n<meta name=\"twitter:site\" content=\"@SCOANTBJoshua\" \/>\n<script type=\"application\/ld+json\" class=\"yoast-schema-graph\">{\"@context\":\"https:\\\/\\\/schema.org\",\"@graph\":[{\"@type\":\"WebPage\",\"@id\":\"https:\\\/\\\/emmanuel.tv\\\/es\\\/descargar\\\/\",\"url\":\"https:\\\/\\\/emmanuel.tv\\\/es\\\/descargar\\\/\",\"name\":\"Descargar - Emmanuel TV\",\"isPartOf\":{\"@id\":\"https:\\\/\\\/emmanuel.tv\\\/es\\\/#website\"},\"datePublished\":\"2024-01-29T18:19:28+00:00\",\"dateModified\":\"2024-07-30T15:09:47+00:00\",\"description\":\"Esta es la p\u00e1gina para descargar la aplicaci\u00f3n m\u00f3vil de Emmanuel TV desde diferentes plataformas y dispositivos. Haz clic en el dispositivo de tu elecci\u00f3n.\",\"breadcrumb\":{\"@id\":\"https:\\\/\\\/emmanuel.tv\\\/es\\\/descargar\\\/#breadcrumb\"},\"inLanguage\":\"es\",\"potentialAction\":[{\"@type\":\"ReadAction\",\"target\":[\"https:\\\/\\\/emmanuel.tv\\\/es\\\/descargar\\\/\"]}]},{\"@type\":\"BreadcrumbList\",\"@id\":\"https:\\\/\\\/emmanuel.tv\\\/es\\\/descargar\\\/#breadcrumb\",\"itemListElement\":[{\"@type\":\"ListItem\",\"position\":1,\"name\":\"Home\",\"item\":\"https:\\\/\\\/emmanuel.tv\\\/es\\\/pagina-principal\\\/\"},{\"@type\":\"ListItem\",\"position\":2,\"name\":\"Descargar\"}]},{\"@type\":\"WebSite\",\"@id\":\"https:\\\/\\\/emmanuel.tv\\\/es\\\/#website\",\"url\":\"https:\\\/\\\/emmanuel.tv\\\/es\\\/\",\"name\":\"Emmanuel TV\",\"description\":\"&quot;Changing Lives, Changing Nations, Changing the World!&quot; | Founded by T.B. Joshua\",\"publisher\":{\"@id\":\"https:\\\/\\\/emmanuel.tv\\\/es\\\/#organization\"},\"potentialAction\":[{\"@type\":\"SearchAction\",\"target\":{\"@type\":\"EntryPoint\",\"urlTemplate\":\"https:\\\/\\\/emmanuel.tv\\\/es\\\/?s={search_term_string}\"},\"query-input\":{\"@type\":\"PropertyValueSpecification\",\"valueRequired\":true,\"valueName\":\"search_term_string\"}}],\"inLanguage\":\"es\"},{\"@type\":\"Organization\",\"@id\":\"https:\\\/\\\/emmanuel.tv\\\/es\\\/#organization\",\"name\":\"Emmanuel TV\",\"url\":\"https:\\\/\\\/emmanuel.tv\\\/es\\\/\",\"logo\":{\"@type\":\"ImageObject\",\"inLanguage\":\"es\",\"@id\":\"https:\\\/\\\/emmanuel.tv\\\/es\\\/#\\\/schema\\\/logo\\\/image\\\/\",\"url\":\"https:\\\/\\\/i0.wp.com\\\/emmanuel.tv\\\/wp-content\\\/uploads\\\/2018\\\/10\\\/Emmanuel.TV_FINAL_C-copy.png?fit=185%2C31&ssl=1\",\"contentUrl\":\"https:\\\/\\\/i0.wp.com\\\/emmanuel.tv\\\/wp-content\\\/uploads\\\/2018\\\/10\\\/Emmanuel.TV_FINAL_C-copy.png?fit=185%2C31&ssl=1\",\"width\":185,\"height\":31,\"caption\":\"Emmanuel TV\"},\"image\":{\"@id\":\"https:\\\/\\\/emmanuel.tv\\\/es\\\/#\\\/schema\\\/logo\\\/image\\\/\"},\"sameAs\":[\"https:\\\/\\\/facebook.com\\\/tbjministries\",\"https:\\\/\\\/x.com\\\/SCOANTBJoshua\",\"https:\\\/\\\/instagram.com\\\/tbjoshua\"]}]}<\/script>\n<!-- \/ Yoast SEO plugin. -->","yoast_head_json":{"title":"Descargar - Emmanuel TV","description":"Esta es la p\u00e1gina para descargar la aplicaci\u00f3n m\u00f3vil de Emmanuel TV desde diferentes plataformas y dispositivos. Haz clic en el dispositivo de tu elecci\u00f3n.","robots":{"index":"index","follow":"follow","max-snippet":"max-snippet:-1","max-image-preview":"max-image-preview:large","max-video-preview":"max-video-preview:-1"},"canonical":"https:\/\/emmanuel.tv\/es\/descargar\/","og_locale":"es_ES","og_type":"article","og_title":"Descargar - Emmanuel TV","og_description":"Esta es la p\u00e1gina para descargar la aplicaci\u00f3n m\u00f3vil de Emmanuel TV desde diferentes plataformas y dispositivos. Haz clic en el dispositivo de tu elecci\u00f3n.","og_url":"https:\/\/emmanuel.tv\/es\/descargar\/","og_site_name":"Emmanuel TV","article_publisher":"https:\/\/facebook.com\/tbjministries","article_modified_time":"2024-07-30T15:09:47+00:00","twitter_card":"summary_large_image","twitter_site":"@SCOANTBJoshua","schema":{"@context":"https:\/\/schema.org","@graph":[{"@type":"WebPage","@id":"https:\/\/emmanuel.tv\/es\/descargar\/","url":"https:\/\/emmanuel.tv\/es\/descargar\/","name":"Descargar - Emmanuel TV","isPartOf":{"@id":"https:\/\/emmanuel.tv\/es\/#website"},"datePublished":"2024-01-29T18:19:28+00:00","dateModified":"2024-07-30T15:09:47+00:00","description":"Esta es la p\u00e1gina para descargar la aplicaci\u00f3n m\u00f3vil de Emmanuel TV desde diferentes plataformas y dispositivos. Haz clic en el dispositivo de tu elecci\u00f3n.","breadcrumb":{"@id":"https:\/\/emmanuel.tv\/es\/descargar\/#breadcrumb"},"inLanguage":"es","potentialAction":[{"@type":"ReadAction","target":["https:\/\/emmanuel.tv\/es\/descargar\/"]}]},{"@type":"BreadcrumbList","@id":"https:\/\/emmanuel.tv\/es\/descargar\/#breadcrumb","itemListElement":[{"@type":"ListItem","position":1,"name":"Home","item":"https:\/\/emmanuel.tv\/es\/pagina-principal\/"},{"@type":"ListItem","position":2,"name":"Descargar"}]},{"@type":"WebSite","@id":"https:\/\/emmanuel.tv\/es\/#website","url":"https:\/\/emmanuel.tv\/es\/","name":"Emmanuel TV","description":"&quot;Changing Lives, Changing Nations, Changing the World!&quot; | Founded by T.B. Joshua","publisher":{"@id":"https:\/\/emmanuel.tv\/es\/#organization"},"potentialAction":[{"@type":"SearchAction","target":{"@type":"EntryPoint","urlTemplate":"https:\/\/emmanuel.tv\/es\/?s={search_term_string}"},"query-input":{"@type":"PropertyValueSpecification","valueRequired":true,"valueName":"search_term_string"}}],"inLanguage":"es"},{"@type":"Organization","@id":"https:\/\/emmanuel.tv\/es\/#organization","name":"Emmanuel TV","url":"https:\/\/emmanuel.tv\/es\/","logo":{"@type":"ImageObject","inLanguage":"es","@id":"https:\/\/emmanuel.tv\/es\/#\/schema\/logo\/image\/","url":"https:\/\/i0.wp.com\/emmanuel.tv\/wp-content\/uploads\/2018\/10\/Emmanuel.TV_FINAL_C-copy.png?fit=185%2C31&ssl=1","contentUrl":"https:\/\/i0.wp.com\/emmanuel.tv\/wp-content\/uploads\/2018\/10\/Emmanuel.TV_FINAL_C-copy.png?fit=185%2C31&ssl=1","width":185,"height":31,"caption":"Emmanuel TV"},"image":{"@id":"https:\/\/emmanuel.tv\/es\/#\/schema\/logo\/image\/"},"sameAs":["https:\/\/facebook.com\/tbjministries","https:\/\/x.com\/SCOANTBJoshua","https:\/\/instagram.com\/tbjoshua"]}]}},"_links":{"self":[{"href":"https:\/\/emmanuel.tv\/es\/wp-json\/wp\/v2\/pages\/562991","targetHints":{"allow":["GET"]}}],"collection":[{"href":"https:\/\/emmanuel.tv\/es\/wp-json\/wp\/v2\/pages"}],"about":[{"href":"https:\/\/emmanuel.tv\/es\/wp-json\/wp\/v2\/types\/page"}],"author":[{"embeddable":true,"href":"https:\/\/emmanuel.tv\/es\/wp-json\/wp\/v2\/users\/28"}],"replies":[{"embeddable":true,"href":"https:\/\/emmanuel.tv\/es\/wp-json\/wp\/v2\/comments?post=562991"}],"version-history":[{"count":4,"href":"https:\/\/emmanuel.tv\/es\/wp-json\/wp\/v2\/pages\/562991\/revisions"}],"predecessor-version":[{"id":563037,"href":"https:\/\/emmanuel.tv\/es\/wp-json\/wp\/v2\/pages\/562991\/revisions\/563037"}],"wp:attachment":[{"href":"https:\/\/emmanuel.tv\/es\/wp-json\/wp\/v2\/media?parent=562991"}],"curies":[{"name":"wp","href":"https:\/\/api.w.org\/{rel}","templated":true}]}}