{"id":562987,"date":"2024-05-26T11:52:49","date_gmt":"2024-05-26T11:52:49","guid":{"rendered":"https:\/\/emmanuel.tv\/contactos\/"},"modified":"2025-05-30T14:51:17","modified_gmt":"2025-05-30T14:51:17","slug":"contactos","status":"publish","type":"page","link":"https:\/\/emmanuel.tv\/es\/contactos\/","title":{"rendered":"Contact"},"content":{"rendered":"\t\t<div data-elementor-type=\"wp-page\" data-elementor-id=\"562987\" class=\"elementor elementor-562987 elementor-561172\" data-elementor-post-type=\"page\">\n\t\t\t\t\t\t<section class=\"elementor-section elementor-top-section elementor-element elementor-element-5e462da elementor-section-height-min-height elementor-section-stretched elementor-section-boxed elementor-section-height-default elementor-section-items-middle\" data-id=\"5e462da\" data-element_type=\"section\" data-e-type=\"section\" data-settings=\"{&quot;stretch_section&quot;:&quot;section-stretched&quot;,&quot;background_background&quot;:&quot;gradient&quot;}\">\n\t\t\t\t\t\t<div class=\"elementor-container elementor-column-gap-default\">\n\t\t\t\t\t<div class=\"elementor-column elementor-col-100 elementor-top-column elementor-element elementor-element-1e1999f\" data-id=\"1e1999f\" data-element_type=\"column\" data-e-type=\"column\">\n\t\t\t<div class=\"elementor-widget-wrap elementor-element-populated\">\n\t\t\t\t\t\t<section class=\"elementor-section elementor-inner-section elementor-element elementor-element-67483a4 elementor-section-boxed elementor-section-height-default elementor-section-height-default\" data-id=\"67483a4\" data-element_type=\"section\" data-e-type=\"section\">\n\t\t\t\t\t\t<div class=\"elementor-container elementor-column-gap-default\">\n\t\t\t\t\t<div class=\"elementor-column elementor-col-100 elementor-inner-column elementor-element elementor-element-b110b39\" data-id=\"b110b39\" data-element_type=\"column\" data-e-type=\"column\">\n\t\t\t<div class=\"elementor-widget-wrap elementor-element-populated\">\n\t\t\t\t\t\t<div class=\"elementor-element elementor-element-00ec81a elementor-widget elementor-widget-heading\" data-id=\"00ec81a\" data-element_type=\"widget\" data-e-type=\"widget\" data-widget_type=\"heading.default\">\n\t\t\t\t<div class=\"elementor-widget-container\">\n\t\t\t\t\t<div class=\"elementor-heading-title elementor-size-default\">Contactos Emmanuel TV<\/div>\t\t\t\t<\/div>\n\t\t\t\t<\/div>\n\t\t\t\t\t<\/div>\n\t\t<\/div>\n\t\t\t\t\t<\/div>\n\t\t<\/section>\n\t\t\t\t\t<\/div>\n\t\t<\/div>\n\t\t\t\t\t<\/div>\n\t\t<\/section>\n\t\t\t\t<section class=\"elementor-section elementor-top-section elementor-element elementor-element-fa39f1f elementor-section-stretched elementor-section-boxed elementor-section-height-default elementor-section-height-default\" data-id=\"fa39f1f\" data-element_type=\"section\" data-e-type=\"section\" data-settings=\"{&quot;stretch_section&quot;:&quot;section-stretched&quot;,&quot;background_background&quot;:&quot;classic&quot;}\">\n\t\t\t\t\t\t<div class=\"elementor-container elementor-column-gap-default\">\n\t\t\t\t\t<div class=\"elementor-column elementor-col-100 elementor-top-column elementor-element elementor-element-18fc60e\" data-id=\"18fc60e\" data-element_type=\"column\" data-e-type=\"column\">\n\t\t\t<div class=\"elementor-widget-wrap elementor-element-populated\">\n\t\t\t\t\t\t<section class=\"elementor-section elementor-inner-section elementor-element elementor-element-2415458 elementor-section-boxed elementor-section-height-default elementor-section-height-default\" data-id=\"2415458\" data-element_type=\"section\" data-e-type=\"section\" data-settings=\"{&quot;background_background&quot;:&quot;classic&quot;}\">\n\t\t\t\t\t\t<div class=\"elementor-container elementor-column-gap-default\">\n\t\t\t\t\t<div class=\"elementor-column elementor-col-100 elementor-inner-column elementor-element elementor-element-52348cd\" data-id=\"52348cd\" data-element_type=\"column\" data-e-type=\"column\" data-settings=\"{&quot;background_background&quot;:&quot;classic&quot;}\">\n\t\t\t<div class=\"elementor-widget-wrap elementor-element-populated\">\n\t\t\t\t\t\t<div class=\"elementor-element elementor-element-06b564e elementor-widget elementor-widget-text-editor\" data-id=\"06b564e\" data-element_type=\"widget\" data-e-type=\"widget\" data-widget_type=\"text-editor.default\">\n\t\t\t\t<div class=\"elementor-widget-container\">\n\t\t\t\t\t\t\t\t\t<p><span style=\"color: #000080;\"><strong>\u00abClama a m\u00ed, y yo te responder\u00e9&#8230;\u00bb (Jerem\u00edas 33:3). Esta es la invitaci\u00f3n de Dios para orar y Su promesa de responder. \u00a1Su voluntad siempre es responder! Ten por cierto que nuestros guerreros de oraci\u00f3n atender\u00e1n tu petici\u00f3n y te mantendr\u00e1n a ti y a tus seres queridos en nuestras oraciones. Sin embargo, ten en cuenta que Dios no nos mover\u00e1 a orar por algo que no est\u00e9 establecido por las Escrituras, es decir, de acuerdo con Su Palabra.    <\/strong><\/span><\/p><p><span style=\"color: #000080;\"><strong>Desde donde quiera que est\u00e9s enviando tu petici\u00f3n de oraci\u00f3n, \u00a1la distancia NO es una barrera para el Esp\u00edritu Santo! De hecho, Dios es a\u00fan m\u00e1s poderoso en la distancia; dependiendo del estado de tu coraz\u00f3n.  <\/strong><\/span><\/p><p><span style=\"color: #000080;\"><strong>Por tanto, cuando est\u00e9s a punto de enviar tu petici\u00f3n de oraci\u00f3n, te alentamos a que liberes tu coraz\u00f3n de toda ofensa, dolor del pasado y amargura. \u00a1S\u00e9 consciente de que eres bienvenido en Su presencia! Esperamos escuchar tu testimonio, \u00a1en el nombre de Jes\u00fas!  <\/strong><\/span><\/p><p><span style=\"color: #000080;\"><strong>Recuerda, lo que cuenta no es la cantidad de oraci\u00f3n que hagas, sino la fe que pongas en tu oraci\u00f3n. Por favor, no env\u00edes la misma petici\u00f3n de oraci\u00f3n m\u00e1s de una vez. <\/strong><\/span><\/p>\t\t\t\t\t\t\t\t<\/div>\n\t\t\t\t<\/div>\n\t\t\t\t\t<\/div>\n\t\t<\/div>\n\t\t\t\t\t<\/div>\n\t\t<\/section>\n\t\t\t\t\t<\/div>\n\t\t<\/div>\n\t\t\t\t\t<\/div>\n\t\t<\/section>\n\t\t\t\t<section class=\"elementor-section elementor-top-section elementor-element elementor-element-6629439 elementor-section-full_width elementor-section-stretched elementor-section-height-default elementor-section-height-default\" data-id=\"6629439\" data-element_type=\"section\" data-e-type=\"section\" data-settings=\"{&quot;stretch_section&quot;:&quot;section-stretched&quot;,&quot;background_background&quot;:&quot;classic&quot;}\">\n\t\t\t\t\t\t<div class=\"elementor-container elementor-column-gap-default\">\n\t\t\t\t\t<div class=\"elementor-column elementor-col-100 elementor-top-column elementor-element elementor-element-bf7a82a\" data-id=\"bf7a82a\" data-element_type=\"column\" data-e-type=\"column\">\n\t\t\t<div class=\"elementor-widget-wrap elementor-element-populated\">\n\t\t\t\t\t\t<div class=\"elementor-element elementor-element-c10ffac elementor-widget-divider--view-line elementor-widget elementor-widget-divider\" data-id=\"c10ffac\" data-element_type=\"widget\" data-e-type=\"widget\" data-widget_type=\"divider.default\">\n\t\t\t\t<div class=\"elementor-widget-container\">\n\t\t\t\t\t\t\t<div class=\"elementor-divider\">\n\t\t\t<span class=\"elementor-divider-separator\">\n\t\t\t\t\t\t<\/span>\n\t\t<\/div>\n\t\t\t\t\t\t<\/div>\n\t\t\t\t<\/div>\n\t\t\t\t\t<\/div>\n\t\t<\/div>\n\t\t\t\t\t<\/div>\n\t\t<\/section>\n\t\t\t\t<section class=\"elementor-section elementor-top-section elementor-element elementor-element-e2dbbc6 elementor-section-stretched elementor-section-boxed elementor-section-height-default elementor-section-height-default\" data-id=\"e2dbbc6\" data-element_type=\"section\" data-e-type=\"section\" data-settings=\"{&quot;stretch_section&quot;:&quot;section-stretched&quot;,&quot;background_background&quot;:&quot;classic&quot;}\">\n\t\t\t\t\t\t<div class=\"elementor-container elementor-column-gap-default\">\n\t\t\t\t\t<div class=\"elementor-column elementor-col-100 elementor-top-column elementor-element elementor-element-7b3a9e5\" data-id=\"7b3a9e5\" data-element_type=\"column\" data-e-type=\"column\">\n\t\t\t<div class=\"elementor-widget-wrap elementor-element-populated\">\n\t\t\t\t\t\t<section class=\"elementor-section elementor-inner-section elementor-element elementor-element-a65cf7a elementor-section-boxed elementor-section-height-default elementor-section-height-default\" data-id=\"a65cf7a\" data-element_type=\"section\" data-e-type=\"section\">\n\t\t\t\t\t\t<div class=\"elementor-container elementor-column-gap-default\">\n\t\t\t\t\t<div class=\"elementor-column elementor-col-50 elementor-inner-column elementor-element elementor-element-fdf1fea\" data-id=\"fdf1fea\" data-element_type=\"column\" data-e-type=\"column\" data-settings=\"{&quot;background_background&quot;:&quot;classic&quot;}\">\n\t\t\t<div class=\"elementor-widget-wrap elementor-element-populated\">\n\t\t\t\t\t\t<div class=\"elementor-element elementor-element-4818303 elementor-widget elementor-widget-heading\" data-id=\"4818303\" data-element_type=\"widget\" data-e-type=\"widget\" data-widget_type=\"heading.default\">\n\t\t\t\t<div class=\"elementor-widget-container\">\n\t\t\t\t\t<h3 class=\"elementor-heading-title elementor-size-default\">ENV\u00cdANOS TU PEDIDO DE ORACI\u00d3N<\/h3>\t\t\t\t<\/div>\n\t\t\t\t<\/div>\n\t\t\t\t<div class=\"elementor-element elementor-element-bc4fbb8 elementor-align-center elementor-widget elementor-widget-button\" data-id=\"bc4fbb8\" data-element_type=\"widget\" data-e-type=\"widget\" data-widget_type=\"button.default\">\n\t\t\t\t<div class=\"elementor-widget-container\">\n\t\t\t\t\t\t\t\t\t<div class=\"elementor-button-wrapper\">\n\t\t\t\t\t<a class=\"elementor-button elementor-button-link elementor-size-sm\" href=\"mailto:info@scoan.org\">\n\t\t\t\t\t\t<span class=\"elementor-button-content-wrapper\">\n\t\t\t\t\t\t<span class=\"elementor-button-icon\">\n\t\t\t\t<i aria-hidden=\"true\" class=\"far fa-envelope\"><\/i>\t\t\t<\/span>\n\t\t\t\t\t\t\t\t\t<span class=\"elementor-button-text\">Enviar<\/span>\n\t\t\t\t\t<\/span>\n\t\t\t\t\t<\/a>\n\t\t\t\t<\/div>\n\t\t\t\t\t\t\t\t<\/div>\n\t\t\t\t<\/div>\n\t\t\t\t\t<\/div>\n\t\t<\/div>\n\t\t\t\t<div class=\"elementor-column elementor-col-50 elementor-inner-column elementor-element elementor-element-564553a\" data-id=\"564553a\" data-element_type=\"column\" data-e-type=\"column\" data-settings=\"{&quot;background_background&quot;:&quot;classic&quot;}\">\n\t\t\t<div class=\"elementor-widget-wrap elementor-element-populated\">\n\t\t\t\t\t\t<div class=\"elementor-element elementor-element-b818bf6 elementor-widget elementor-widget-heading\" data-id=\"b818bf6\" data-element_type=\"widget\" data-e-type=\"widget\" data-widget_type=\"heading.default\">\n\t\t\t\t<div class=\"elementor-widget-container\">\n\t\t\t\t\t<h3 class=\"elementor-heading-title elementor-size-default\">LLAMA POR ORACI\u00d3N<\/h3>\t\t\t\t<\/div>\n\t\t\t\t<\/div>\n\t\t\t\t<div class=\"elementor-element elementor-element-30c5a60 elementor-align-center elementor-widget elementor-widget-button\" data-id=\"30c5a60\" data-element_type=\"widget\" data-e-type=\"widget\" data-widget_type=\"button.default\">\n\t\t\t\t<div class=\"elementor-widget-container\">\n\t\t\t\t\t\t\t\t\t<div class=\"elementor-button-wrapper\">\n\t\t\t\t\t<a class=\"elementor-button elementor-button-link elementor-size-sm\" href=\"tel:07038616677\">\n\t\t\t\t\t\t<span class=\"elementor-button-content-wrapper\">\n\t\t\t\t\t\t<span class=\"elementor-button-icon\">\n\t\t\t\t<i aria-hidden=\"true\" class=\"far fa-envelope\"><\/i>\t\t\t<\/span>\n\t\t\t\t\t\t\t\t\t<span class=\"elementor-button-text\">Llama Ahora<\/span>\n\t\t\t\t\t<\/span>\n\t\t\t\t\t<\/a>\n\t\t\t\t<\/div>\n\t\t\t\t\t\t\t\t<\/div>\n\t\t\t\t<\/div>\n\t\t\t\t\t<\/div>\n\t\t<\/div>\n\t\t\t\t\t<\/div>\n\t\t<\/section>\n\t\t\t\t\t<\/div>\n\t\t<\/div>\n\t\t\t\t\t<\/div>\n\t\t<\/section>\n\t\t\t\t<section class=\"elementor-section elementor-top-section elementor-element elementor-element-3f2a3db elementor-section-stretched elementor-section-boxed elementor-section-height-default elementor-section-height-default\" data-id=\"3f2a3db\" data-element_type=\"section\" data-e-type=\"section\" data-settings=\"{&quot;stretch_section&quot;:&quot;section-stretched&quot;,&quot;background_background&quot;:&quot;classic&quot;}\">\n\t\t\t\t\t\t<div class=\"elementor-container elementor-column-gap-default\">\n\t\t\t\t\t<div class=\"elementor-column elementor-col-100 elementor-top-column elementor-element elementor-element-b0c4d0b\" data-id=\"b0c4d0b\" data-element_type=\"column\" data-e-type=\"column\">\n\t\t\t<div class=\"elementor-widget-wrap elementor-element-populated\">\n\t\t\t\t\t\t<section class=\"elementor-section elementor-inner-section elementor-element elementor-element-24963d5 elementor-section-boxed elementor-section-height-default elementor-section-height-default\" data-id=\"24963d5\" data-element_type=\"section\" data-e-type=\"section\">\n\t\t\t\t\t\t<div class=\"elementor-container elementor-column-gap-default\">\n\t\t\t\t\t<div class=\"elementor-column elementor-col-50 elementor-inner-column elementor-element elementor-element-cf2208b\" data-id=\"cf2208b\" data-element_type=\"column\" data-e-type=\"column\" data-settings=\"{&quot;background_background&quot;:&quot;classic&quot;}\">\n\t\t\t<div class=\"elementor-widget-wrap elementor-element-populated\">\n\t\t\t\t\t\t<div class=\"elementor-element elementor-element-254dbb9 elementor-widget elementor-widget-heading\" data-id=\"254dbb9\" data-element_type=\"widget\" data-e-type=\"widget\" data-widget_type=\"heading.default\">\n\t\t\t\t<div class=\"elementor-widget-container\">\n\t\t\t\t\t<h3 class=\"elementor-heading-title elementor-size-default\">ENV\u00cdA TU TESTIMONIO<\/h3>\t\t\t\t<\/div>\n\t\t\t\t<\/div>\n\t\t\t\t<div class=\"elementor-element elementor-element-996160e elementor-align-center elementor-widget elementor-widget-button\" data-id=\"996160e\" data-element_type=\"widget\" data-e-type=\"widget\" data-widget_type=\"button.default\">\n\t\t\t\t<div class=\"elementor-widget-container\">\n\t\t\t\t\t\t\t\t\t<div class=\"elementor-button-wrapper\">\n\t\t\t\t\t<a class=\"elementor-button elementor-button-link elementor-size-sm\" href=\"mailto:info@scoan.org\">\n\t\t\t\t\t\t<span class=\"elementor-button-content-wrapper\">\n\t\t\t\t\t\t<span class=\"elementor-button-icon\">\n\t\t\t\t<i aria-hidden=\"true\" class=\"far fa-envelope\"><\/i>\t\t\t<\/span>\n\t\t\t\t\t\t\t\t\t<span class=\"elementor-button-text\">Enviar<\/span>\n\t\t\t\t\t<\/span>\n\t\t\t\t\t<\/a>\n\t\t\t\t<\/div>\n\t\t\t\t\t\t\t\t<\/div>\n\t\t\t\t<\/div>\n\t\t\t\t\t<\/div>\n\t\t<\/div>\n\t\t\t\t<div class=\"elementor-column elementor-col-50 elementor-inner-column elementor-element elementor-element-dae5e6c\" data-id=\"dae5e6c\" data-element_type=\"column\" data-e-type=\"column\" data-settings=\"{&quot;background_background&quot;:&quot;classic&quot;}\">\n\t\t\t<div class=\"elementor-widget-wrap elementor-element-populated\">\n\t\t\t\t\t\t<div class=\"elementor-element elementor-element-96a029a elementor-widget elementor-widget-heading\" data-id=\"96a029a\" data-element_type=\"widget\" data-e-type=\"widget\" data-widget_type=\"heading.default\">\n\t\t\t\t<div class=\"elementor-widget-container\">\n\t\t\t\t\t<h3 class=\"elementor-heading-title elementor-size-default\">CONSULTAS DE SOCIOS<\/h3>\t\t\t\t<\/div>\n\t\t\t\t<\/div>\n\t\t\t\t<div class=\"elementor-element elementor-element-8feb998 elementor-align-center elementor-widget elementor-widget-button\" data-id=\"8feb998\" data-element_type=\"widget\" data-e-type=\"widget\" data-widget_type=\"button.default\">\n\t\t\t\t<div class=\"elementor-widget-container\">\n\t\t\t\t\t\t\t\t\t<div class=\"elementor-button-wrapper\">\n\t\t\t\t\t<a class=\"elementor-button elementor-button-link elementor-size-sm\" href=\"https:\/\/emmanuel.tv\/es\/socios\/\">\n\t\t\t\t\t\t<span class=\"elementor-button-content-wrapper\">\n\t\t\t\t\t\t<span class=\"elementor-button-icon\">\n\t\t\t\t<i aria-hidden=\"true\" class=\"far fa-envelope\"><\/i>\t\t\t<\/span>\n\t\t\t\t\t\t\t\t\t<span class=\"elementor-button-text\">Consulta<\/span>\n\t\t\t\t\t<\/span>\n\t\t\t\t\t<\/a>\n\t\t\t\t<\/div>\n\t\t\t\t\t\t\t\t<\/div>\n\t\t\t\t<\/div>\n\t\t\t\t\t<\/div>\n\t\t<\/div>\n\t\t\t\t\t<\/div>\n\t\t<\/section>\n\t\t\t\t\t<\/div>\n\t\t<\/div>\n\t\t\t\t\t<\/div>\n\t\t<\/section>\n\t\t\t\t<section class=\"elementor-section elementor-top-section elementor-element elementor-element-0485749 elementor-section-stretched elementor-section-boxed elementor-section-height-default elementor-section-height-default\" data-id=\"0485749\" data-element_type=\"section\" data-e-type=\"section\" data-settings=\"{&quot;stretch_section&quot;:&quot;section-stretched&quot;,&quot;background_background&quot;:&quot;classic&quot;}\">\n\t\t\t\t\t\t<div class=\"elementor-container elementor-column-gap-default\">\n\t\t\t\t\t<div class=\"elementor-column elementor-col-100 elementor-top-column elementor-element elementor-element-0bbccf8\" data-id=\"0bbccf8\" data-element_type=\"column\" data-e-type=\"column\">\n\t\t\t<div class=\"elementor-widget-wrap elementor-element-populated\">\n\t\t\t\t\t\t<section class=\"elementor-section elementor-inner-section elementor-element elementor-element-4e4f9b0 elementor-section-boxed elementor-section-height-default elementor-section-height-default\" data-id=\"4e4f9b0\" data-element_type=\"section\" data-e-type=\"section\">\n\t\t\t\t\t\t<div class=\"elementor-container elementor-column-gap-default\">\n\t\t\t\t\t<div class=\"elementor-column elementor-col-100 elementor-inner-column elementor-element elementor-element-a6a3821\" data-id=\"a6a3821\" data-element_type=\"column\" data-e-type=\"column\">\n\t\t\t<div class=\"elementor-widget-wrap elementor-element-populated\">\n\t\t\t\t\t\t<div class=\"elementor-element elementor-element-0c6d810 elementor-widget elementor-widget-google_maps\" data-id=\"0c6d810\" data-element_type=\"widget\" data-e-type=\"widget\" data-widget_type=\"google_maps.default\">\n\t\t\t\t<div class=\"elementor-widget-container\">\n\t\t\t\t\t\t\t<div class=\"elementor-custom-embed\">\n\t\t\t<iframe loading=\"lazy\"\n\t\t\t\t\tsrc=\"https:\/\/maps.google.com\/maps?q=no%201%20prophet%20tb%20joshua%20street%2C%20lagos%2C%20nigeria&#038;t=m&#038;z=10&#038;output=embed&#038;iwloc=near\"\n\t\t\t\t\ttitle=\"no 1 prophet tb joshua street, lagos, nigeria\"\n\t\t\t\t\taria-label=\"no 1 prophet tb joshua street, lagos, nigeria\"\n\t\t\t><\/iframe>\n\t\t<\/div>\n\t\t\t\t\t\t<\/div>\n\t\t\t\t<\/div>\n\t\t\t\t\t<\/div>\n\t\t<\/div>\n\t\t\t\t\t<\/div>\n\t\t<\/section>\n\t\t\t\t\t<\/div>\n\t\t<\/div>\n\t\t\t\t\t<\/div>\n\t\t<\/section>\n\t\t\t\t<\/div>\n\t\t","protected":false},"excerpt":{"rendered":"<p>Contactos Emmanuel TV \u00abClama a m\u00ed, y yo te responder\u00e9&#8230;\u00bb (Jerem\u00edas 33:3). Esta es la invitaci\u00f3n de Dios para orar y Su promesa de responder. \u00a1Su voluntad siempre es responder! Ten por cierto que nuestros guerreros de oraci\u00f3n atender\u00e1n tu petici\u00f3n y te mantendr\u00e1n a ti y a tus seres queridos en nuestras oraciones. Sin [&hellip;]<\/p>\n","protected":false},"author":28,"featured_media":0,"parent":0,"menu_order":0,"comment_status":"closed","ping_status":"closed","template":"elementor_header_footer","meta":{"_vp_format_video_url":"","_vp_image_focal_point":[],"footnotes":""},"class_list":["post-562987","page","type-page","status-publish","hentry"],"yoast_head":"<!-- This site is optimized with the Yoast SEO plugin v27.4 - https:\/\/yoast.com\/product\/yoast-seo-wordpress\/ -->\n<title>Contact - Emmanuel TV<\/title>\n<meta name=\"description\" content=\"Emmanuel TV Contacts: \u2018Call unto Me, and I will answer you\u2026\u2019 (Jeremiah 33:3). Esta es la invitaci\u00f3n de Dios para orar y Su promesa de responder.\" \/>\n<meta name=\"robots\" content=\"index, follow, max-snippet:-1, max-image-preview:large, max-video-preview:-1\" \/>\n<link rel=\"canonical\" href=\"https:\/\/emmanuel.tv\/es\/contactos\/\" \/>\n<meta property=\"og:locale\" content=\"es_ES\" \/>\n<meta property=\"og:type\" content=\"article\" \/>\n<meta property=\"og:title\" content=\"Contact - Emmanuel TV\" \/>\n<meta property=\"og:description\" content=\"Emmanuel TV Contacts: \u2018Call unto Me, and I will answer you\u2026\u2019 (Jeremiah 33:3). Esta es la invitaci\u00f3n de Dios para orar y Su promesa de responder.\" \/>\n<meta property=\"og:url\" content=\"https:\/\/emmanuel.tv\/es\/contactos\/\" \/>\n<meta property=\"og:site_name\" content=\"Emmanuel TV\" \/>\n<meta property=\"article:publisher\" content=\"https:\/\/facebook.com\/tbjministries\" \/>\n<meta property=\"article:modified_time\" content=\"2025-05-30T14:51:17+00:00\" \/>\n<meta name=\"twitter:card\" content=\"summary_large_image\" \/>\n<meta name=\"twitter:site\" content=\"@SCOANTBJoshua\" \/>\n<meta name=\"twitter:label1\" content=\"Tiempo de lectura\" \/>\n\t<meta name=\"twitter:data1\" content=\"1 minuto\" \/>\n<script type=\"application\/ld+json\" class=\"yoast-schema-graph\">{\"@context\":\"https:\\\/\\\/schema.org\",\"@graph\":[{\"@type\":\"WebPage\",\"@id\":\"https:\\\/\\\/emmanuel.tv\\\/es\\\/contactos\\\/\",\"url\":\"https:\\\/\\\/emmanuel.tv\\\/es\\\/contactos\\\/\",\"name\":\"Contact - Emmanuel TV\",\"isPartOf\":{\"@id\":\"https:\\\/\\\/emmanuel.tv\\\/es\\\/#website\"},\"datePublished\":\"2024-05-26T11:52:49+00:00\",\"dateModified\":\"2025-05-30T14:51:17+00:00\",\"description\":\"Emmanuel TV Contacts: \u2018Call unto Me, and I will answer you\u2026\u2019 (Jeremiah 33:3). Esta es la invitaci\u00f3n de Dios para orar y Su promesa de responder.\",\"breadcrumb\":{\"@id\":\"https:\\\/\\\/emmanuel.tv\\\/es\\\/contactos\\\/#breadcrumb\"},\"inLanguage\":\"es\",\"potentialAction\":[{\"@type\":\"ReadAction\",\"target\":[\"https:\\\/\\\/emmanuel.tv\\\/es\\\/contactos\\\/\"]}]},{\"@type\":\"BreadcrumbList\",\"@id\":\"https:\\\/\\\/emmanuel.tv\\\/es\\\/contactos\\\/#breadcrumb\",\"itemListElement\":[{\"@type\":\"ListItem\",\"position\":1,\"name\":\"Home\",\"item\":\"https:\\\/\\\/emmanuel.tv\\\/es\\\/pagina-principal\\\/\"},{\"@type\":\"ListItem\",\"position\":2,\"name\":\"Contact\"}]},{\"@type\":\"WebSite\",\"@id\":\"https:\\\/\\\/emmanuel.tv\\\/es\\\/#website\",\"url\":\"https:\\\/\\\/emmanuel.tv\\\/es\\\/\",\"name\":\"Emmanuel TV\",\"description\":\"&quot;Changing Lives, Changing Nations, Changing the World!&quot; | Founded by T.B. Joshua\",\"publisher\":{\"@id\":\"https:\\\/\\\/emmanuel.tv\\\/es\\\/#organization\"},\"potentialAction\":[{\"@type\":\"SearchAction\",\"target\":{\"@type\":\"EntryPoint\",\"urlTemplate\":\"https:\\\/\\\/emmanuel.tv\\\/es\\\/?s={search_term_string}\"},\"query-input\":{\"@type\":\"PropertyValueSpecification\",\"valueRequired\":true,\"valueName\":\"search_term_string\"}}],\"inLanguage\":\"es\"},{\"@type\":\"Organization\",\"@id\":\"https:\\\/\\\/emmanuel.tv\\\/es\\\/#organization\",\"name\":\"Emmanuel TV\",\"url\":\"https:\\\/\\\/emmanuel.tv\\\/es\\\/\",\"logo\":{\"@type\":\"ImageObject\",\"inLanguage\":\"es\",\"@id\":\"https:\\\/\\\/emmanuel.tv\\\/es\\\/#\\\/schema\\\/logo\\\/image\\\/\",\"url\":\"https:\\\/\\\/i0.wp.com\\\/emmanuel.tv\\\/wp-content\\\/uploads\\\/2018\\\/10\\\/Emmanuel.TV_FINAL_C-copy.png?fit=185%2C31&ssl=1\",\"contentUrl\":\"https:\\\/\\\/i0.wp.com\\\/emmanuel.tv\\\/wp-content\\\/uploads\\\/2018\\\/10\\\/Emmanuel.TV_FINAL_C-copy.png?fit=185%2C31&ssl=1\",\"width\":185,\"height\":31,\"caption\":\"Emmanuel TV\"},\"image\":{\"@id\":\"https:\\\/\\\/emmanuel.tv\\\/es\\\/#\\\/schema\\\/logo\\\/image\\\/\"},\"sameAs\":[\"https:\\\/\\\/facebook.com\\\/tbjministries\",\"https:\\\/\\\/x.com\\\/SCOANTBJoshua\",\"https:\\\/\\\/instagram.com\\\/tbjoshua\"]}]}<\/script>\n<!-- \/ Yoast SEO plugin. -->","yoast_head_json":{"title":"Contact - Emmanuel TV","description":"Emmanuel TV Contacts: \u2018Call unto Me, and I will answer you\u2026\u2019 (Jeremiah 33:3). Esta es la invitaci\u00f3n de Dios para orar y Su promesa de responder.","robots":{"index":"index","follow":"follow","max-snippet":"max-snippet:-1","max-image-preview":"max-image-preview:large","max-video-preview":"max-video-preview:-1"},"canonical":"https:\/\/emmanuel.tv\/es\/contactos\/","og_locale":"es_ES","og_type":"article","og_title":"Contact - Emmanuel TV","og_description":"Emmanuel TV Contacts: \u2018Call unto Me, and I will answer you\u2026\u2019 (Jeremiah 33:3). Esta es la invitaci\u00f3n de Dios para orar y Su promesa de responder.","og_url":"https:\/\/emmanuel.tv\/es\/contactos\/","og_site_name":"Emmanuel TV","article_publisher":"https:\/\/facebook.com\/tbjministries","article_modified_time":"2025-05-30T14:51:17+00:00","twitter_card":"summary_large_image","twitter_site":"@SCOANTBJoshua","twitter_misc":{"Tiempo de lectura":"1 minuto"},"schema":{"@context":"https:\/\/schema.org","@graph":[{"@type":"WebPage","@id":"https:\/\/emmanuel.tv\/es\/contactos\/","url":"https:\/\/emmanuel.tv\/es\/contactos\/","name":"Contact - Emmanuel TV","isPartOf":{"@id":"https:\/\/emmanuel.tv\/es\/#website"},"datePublished":"2024-05-26T11:52:49+00:00","dateModified":"2025-05-30T14:51:17+00:00","description":"Emmanuel TV Contacts: \u2018Call unto Me, and I will answer you\u2026\u2019 (Jeremiah 33:3). Esta es la invitaci\u00f3n de Dios para orar y Su promesa de responder.","breadcrumb":{"@id":"https:\/\/emmanuel.tv\/es\/contactos\/#breadcrumb"},"inLanguage":"es","potentialAction":[{"@type":"ReadAction","target":["https:\/\/emmanuel.tv\/es\/contactos\/"]}]},{"@type":"BreadcrumbList","@id":"https:\/\/emmanuel.tv\/es\/contactos\/#breadcrumb","itemListElement":[{"@type":"ListItem","position":1,"name":"Home","item":"https:\/\/emmanuel.tv\/es\/pagina-principal\/"},{"@type":"ListItem","position":2,"name":"Contact"}]},{"@type":"WebSite","@id":"https:\/\/emmanuel.tv\/es\/#website","url":"https:\/\/emmanuel.tv\/es\/","name":"Emmanuel TV","description":"&quot;Changing Lives, Changing Nations, Changing the World!&quot; | Founded by T.B. Joshua","publisher":{"@id":"https:\/\/emmanuel.tv\/es\/#organization"},"potentialAction":[{"@type":"SearchAction","target":{"@type":"EntryPoint","urlTemplate":"https:\/\/emmanuel.tv\/es\/?s={search_term_string}"},"query-input":{"@type":"PropertyValueSpecification","valueRequired":true,"valueName":"search_term_string"}}],"inLanguage":"es"},{"@type":"Organization","@id":"https:\/\/emmanuel.tv\/es\/#organization","name":"Emmanuel TV","url":"https:\/\/emmanuel.tv\/es\/","logo":{"@type":"ImageObject","inLanguage":"es","@id":"https:\/\/emmanuel.tv\/es\/#\/schema\/logo\/image\/","url":"https:\/\/i0.wp.com\/emmanuel.tv\/wp-content\/uploads\/2018\/10\/Emmanuel.TV_FINAL_C-copy.png?fit=185%2C31&ssl=1","contentUrl":"https:\/\/i0.wp.com\/emmanuel.tv\/wp-content\/uploads\/2018\/10\/Emmanuel.TV_FINAL_C-copy.png?fit=185%2C31&ssl=1","width":185,"height":31,"caption":"Emmanuel TV"},"image":{"@id":"https:\/\/emmanuel.tv\/es\/#\/schema\/logo\/image\/"},"sameAs":["https:\/\/facebook.com\/tbjministries","https:\/\/x.com\/SCOANTBJoshua","https:\/\/instagram.com\/tbjoshua"]}]}},"_links":{"self":[{"href":"https:\/\/emmanuel.tv\/es\/wp-json\/wp\/v2\/pages\/562987","targetHints":{"allow":["GET"]}}],"collection":[{"href":"https:\/\/emmanuel.tv\/es\/wp-json\/wp\/v2\/pages"}],"about":[{"href":"https:\/\/emmanuel.tv\/es\/wp-json\/wp\/v2\/types\/page"}],"author":[{"embeddable":true,"href":"https:\/\/emmanuel.tv\/es\/wp-json\/wp\/v2\/users\/28"}],"replies":[{"embeddable":true,"href":"https:\/\/emmanuel.tv\/es\/wp-json\/wp\/v2\/comments?post=562987"}],"version-history":[{"count":5,"href":"https:\/\/emmanuel.tv\/es\/wp-json\/wp\/v2\/pages\/562987\/revisions"}],"predecessor-version":[{"id":565316,"href":"https:\/\/emmanuel.tv\/es\/wp-json\/wp\/v2\/pages\/562987\/revisions\/565316"}],"wp:attachment":[{"href":"https:\/\/emmanuel.tv\/es\/wp-json\/wp\/v2\/media?parent=562987"}],"curies":[{"name":"wp","href":"https:\/\/api.w.org\/{rel}","templated":true}]}}